{"id":114082,"date":"2024-02-05T00:00:00","date_gmt":"2024-02-04T23:00:00","guid":{"rendered":"http:\/\/gpl-love.com\/fr\/produit\/entaro-job-portal-wordpress-theme\/"},"modified":"2026-03-20T23:04:03","modified_gmt":"2026-03-20T22:04:03","slug":"entaro-job-portal-wordpress-theme","status":"publish","type":"product","link":"https:\/\/gpl-love.com\/fr\/produit\/entaro-job-portal-wordpress-theme\/","title":{"rendered":"Entaro Job Portal WordPress Theme 3.28"},"content":{"rendered":"<h3>Entaro Job Portal WordPress Theme Traits<\/h3>\n<p>Le th\u00e8me WordPress du portail Entaro, avec sa polyvalence et sa nature intuitive, sert d&rsquo;outil sp\u00e9cialement con\u00e7u pour aider les individus \u00e0 construire un site Web de portail d&#8217;emploi \u00e9labor\u00e9 et de haute qualit\u00e9. B\u00e9n\u00e9ficiant d&rsquo;un design \u00e9l\u00e9gant et contemporain, ce th\u00e8me assure une exp\u00e9rience conviviale, permettant une manipulation et une personnalisation faciles, ce qui entra\u00eene finalement la cr\u00e9ation d&rsquo;un site Web distinct et captivant qui pr\u00e9sente efficacement vos listes d&#8217;emplois et captive efficacement les candidats potentiels. De plus, la vaste gamme de fonctionnalit\u00e9s robustes et r\u00e9glables du th\u00e8me comprend diverses mises en page, des capacit\u00e9s de recherche et de filtrage avanc\u00e9es, des widgets sur mesure, ainsi que l&rsquo;int\u00e9gration avec des panneaux de travail renomm\u00e9s et des plateformes de m\u00e9dias sociaux r\u00e9pandues. Que vous exploitez une agence de recrutement, que vous promouviez les postes vacants ou que vous vous efforions d&rsquo;\u00e9tablir une communaut\u00e9 de portail d&#8217;emploi dynamique, la s\u00e9lection du th\u00e8me WordPress du portail d&#8217;emploi Entaro s&rsquo;av\u00e9rera \u00eatre une d\u00e9cision vraiment exceptionnelle.<\/p>\n<ul>\n<li>Portail d&#8217;emploi moderne et convivial<\/li>\n<li>Design \u00e9l\u00e9gant avec des options de couleurs personnalisables<\/li>\n<li>Ax\u00e9 sur la fourniture d&rsquo;une excellente exp\u00e9rience utilisateur pour les demandeurs d&#8217;emploi et les employeurs<\/li>\n<li>Comprend des fonctionnalit\u00e9s de recherche puissantes et des options de filtrage<\/li>\n<li>Int\u00e9gr\u00e9 aux plugins de la carte de travail populaires pour une publication et une gestion faciles des listes d&#8217;emplois<\/li>\n<li>Comprend des soumissions de CV et une gestion int\u00e9gr\u00e9es pour les demandeurs d&#8217;emploi<\/li>\n<li>Les employeurs peuvent facilement g\u00e9rer et suivre les applications via le tableau de bord<\/li>\n<li>Comprend des options pour les alertes d&#8217;emploi et les notifications par e-mail pour les demandeurs d&#8217;emploi et les employeurs<\/li>\n<li>Conception sensible au mobile pour un acc\u00e8s facile sur n&rsquo;importe quel appareil<\/li>\n<li>Documentation compl\u00e8te et prise en charge pour une configuration et une personnalisation faciles.<\/li>\n<\/ul>\n","protected":false},"excerpt":{"rendered":"<p>Le th\u00e8me WordPress du portail Entaro est une option hautement recommand\u00e9e pour ceux qui cherchent \u00e0 \u00e9tablir un site Web \u00e0 des fins de publicit\u00e9 sur les postes vacants, permettant aux candidats potentiels de s&rsquo;inscrire et \u00e0 accorder aux entreprises la possibilit\u00e9 de parcourir les CV. Arborant une disposition de conception contemporaine, ce th\u00e8me poss\u00e8de une pl\u00e9thore de fonctionnalit\u00e9s impressionnantes, y compris des filtres de recherche d&#8217;emploi conviviaux, la capacit\u00e9 de soumettre des curriculum vitae et la fourniture de profils d&rsquo;entreprise. De plus, sa nature personnalisable et sa r\u00e9activit\u00e9 garantissent qu&rsquo;il s&rsquo;agit d&rsquo;une excellente s\u00e9lection pour les entreprises d\u00e9sireuses de montrer leurs offres d&#8217;emploi sur Internet. Avec son aptitude aux agences d&#8217;emploi, aux sites d&#8217;emploi et \u00e0 toute organisation aspirant \u00e0 faciliter le lien entre les demandeurs d&#8217;emploi et les employeurs, le th\u00e8me WordPress du portail d&#8217;emploi Entaro appara\u00eet comme la solution parfaite.<\/p>\n","protected":false},"featured_media":143749,"comment_status":"open","ping_status":"open","template":"","meta":[],"product_brand":[2433],"product_cat":[1242,1212,1213],"product_tag":[1366],"class_list":{"0":"post-114082","1":"product","2":"type-product","3":"status-publish","4":"has-post-thumbnail","6":"product_brand-themeforest","7":"product_cat-creatif","8":"product_cat-themes","9":"product_cat-wordpress-themes","10":"product_tag-themeforest","11":"member-discount","12":"discount-restricted","14":"first","15":"instock","16":"sale","17":"downloadable","18":"virtual","19":"sold-individually","20":"purchasable","21":"product-type-simple"},"_links":{"self":[{"href":"https:\/\/gpl-love.com\/fr\/wp-json\/wp\/v2\/product\/114082","targetHints":{"allow":["GET"]}}],"collection":[{"href":"https:\/\/gpl-love.com\/fr\/wp-json\/wp\/v2\/product"}],"about":[{"href":"https:\/\/gpl-love.com\/fr\/wp-json\/wp\/v2\/types\/product"}],"replies":[{"embeddable":true,"href":"https:\/\/gpl-love.com\/fr\/wp-json\/wp\/v2\/comments?post=114082"}],"wp:featuredmedia":[{"embeddable":true,"href":"https:\/\/gpl-love.com\/fr\/wp-json\/wp\/v2\/media\/143749"}],"wp:attachment":[{"href":"https:\/\/gpl-love.com\/fr\/wp-json\/wp\/v2\/media?parent=114082"}],"wp:term":[{"taxonomy":"product_brand","embeddable":true,"href":"https:\/\/gpl-love.com\/fr\/wp-json\/wp\/v2\/product_brand?post=114082"},{"taxonomy":"product_cat","embeddable":true,"href":"https:\/\/gpl-love.com\/fr\/wp-json\/wp\/v2\/product_cat?post=114082"},{"taxonomy":"product_tag","embeddable":true,"href":"https:\/\/gpl-love.com\/fr\/wp-json\/wp\/v2\/product_tag?post=114082"}],"curies":[{"name":"wp","href":"https:\/\/api.w.org\/{rel}","templated":true}]}}