{"id":114080,"date":"2024-02-26T00:00:00","date_gmt":"2024-02-25T23:00:00","guid":{"rendered":"http:\/\/gpl-love.com\/fr\/produit\/woocommerce-default-quantity\/"},"modified":"2026-04-10T18:46:39","modified_gmt":"2026-04-10T16:46:39","slug":"woocommerce-default-quantity","status":"publish","type":"product","link":"https:\/\/gpl-love.com\/fr\/produit\/woocommerce-default-quantity\/","title":{"rendered":"WooCommerce Default Quantity 2.3.2"},"content":{"rendered":"<h3>WooCommerce Default Quantity Traits<\/h3>\n<p>Le plugin de quantit\u00e9 par d\u00e9faut WooCommerce est un outil remarquable con\u00e7u pour am\u00e9liorer votre exp\u00e9rience avec WooCommerce en vous permettant d&rsquo;\u00e9tablir une quantit\u00e9 pr\u00e9d\u00e9termin\u00e9e pour vos offres de produits. En mettant en \u0153uvre cette solution innovante, vous pouvez soulager sans effort le fardeau de saisir manuellement la quantit\u00e9 pour chaque produit individuel, ce qui en fait un atout inestimable, en particulier pour les entreprises qui se livrent \u00e0 de vastes activit\u00e9s de vente ou pour les articles qui sont fr\u00e9quemment achet\u00e9s en grande quantit\u00e9. En outre, ce plugin extraordinaire vous permet d&rsquo;\u00e9tablir des quantit\u00e9s par d\u00e9faut pour tous vos produits dans tous les domaines ou s\u00e9lectivement pour des cat\u00e9gories ou des balises sp\u00e9cifiques, vous offrant ainsi une flexibilit\u00e9 et un contr\u00f4le in\u00e9gal\u00e9s. De plus, l&rsquo;installation et l&rsquo;utilisation de ce plugin sont exceptionnellement intuitives et conviviales, garantissant que vous pouvez l&rsquo;int\u00e9grer sans effort dans votre cadre existant et acc\u00e9l\u00e9rer consid\u00e9rablement vos op\u00e9rations de vente, ce qui entra\u00eene finalement un flux de travail plus rationalis\u00e9 et plus efficace.<\/p>\n<ul>\n<li>Vous permet de d\u00e9finir une quantit\u00e9 par d\u00e9faut pour tous les produits WooCommerce<\/li>\n<li>Gagnez du temps en r\u00e9duisant la n\u00e9cessit\u00e9 d&rsquo;ajuster manuellement la quantit\u00e9 pour chaque produit<\/li>\n<li>Am\u00e9liore l&rsquo;exp\u00e9rience client en leur permettant d&rsquo;ajouter plus facilement plusieurs articles \u00e0 leur panier<\/li>\n<li>Compatible avec tous les th\u00e8mes et plugins WooCommerce<\/li>\n<li>Facile \u00e0 installer et \u00e0 configurer sans codage requis<\/li>\n<li>Peut \u00eatre personnalis\u00e9 pour appliquer diff\u00e9rentes quantit\u00e9s par d\u00e9faut pour diff\u00e9rentes cat\u00e9gories de produits ou balises<\/li>\n<li>Augmente les ventes en encourageant les clients \u00e0 acheter de plus grandes quantit\u00e9s de produits<\/li>\n<li>\u00c9conomise de l&rsquo;argent sur les frais d&rsquo;exp\u00e9dition en r\u00e9duisant le nombre de commandes distinctes faites pour le m\u00eame produit<\/li>\n<li>Am\u00e9liore l&rsquo;efficacit\u00e9 globale de votre boutique en ligne en rationalisant le processus d&rsquo;achat.<\/li>\n<\/ul>\n","protected":false},"excerpt":{"rendered":"<p>Le plugin de quantit\u00e9 par d\u00e9faut WooCommerce est un outil tr\u00e8s efficace et efficace con\u00e7u pour vous aider \u00e0 \u00e9tablir des quantit\u00e9s par d\u00e9faut pour vos produits WooCommerce. Il vous accorde la capacit\u00e9 d&rsquo;\u00e9tablir sans effort des quantit\u00e9s pr\u00e9d\u00e9termin\u00e9es, \u00e0 la fois minimum et maximale, pour tous vos produits, ou alternativement, pour des produits ou des cat\u00e9gories particuliers comme vous le souhaitez. Cette fonctionnalit\u00e9 inestimable vous fait non seulement gagner un temps important, mais facilite \u00e9galement un processus de paiement plus fluide et acc\u00e9l\u00e9r\u00e9 pour vos pr\u00e9cieux clients. Particuli\u00e8rement avantageux pour les entreprises habitu\u00e9es \u00e0 g\u00e9rer des volumes de vente substantiels, ou ceux qui cherchent \u00e0 promouvoir et \u00e0 inciter les achats en vrac, ce plugin offre une utilit\u00e9 exceptionnelle. N&rsquo;h\u00e9sitez pas \u00e0 essayer et \u00e0 \u00eatre t\u00e9moin de sa capacit\u00e9 remarquable pour am\u00e9liorer la productivit\u00e9 et l&rsquo;efficacit\u00e9 globales de votre magasin aujourd&rsquo;hui!<\/p>\n","protected":false},"featured_media":145857,"comment_status":"open","ping_status":"open","template":"","meta":[],"product_brand":[2518],"product_cat":[1183,1182,1181],"product_tag":[1619],"class_list":{"0":"post-114080","1":"product","2":"type-product","3":"status-publish","4":"has-post-thumbnail","6":"product_brand-barn2","7":"product_cat-administration","8":"product_cat-commerce-electronique-plugins","9":"product_cat-plugins","10":"product_tag-barn2","11":"member-discount","12":"discount-restricted","14":"first","15":"instock","16":"sale","17":"downloadable","18":"virtual","19":"sold-individually","20":"purchasable","21":"product-type-simple"},"_links":{"self":[{"href":"https:\/\/gpl-love.com\/fr\/wp-json\/wp\/v2\/product\/114080","targetHints":{"allow":["GET"]}}],"collection":[{"href":"https:\/\/gpl-love.com\/fr\/wp-json\/wp\/v2\/product"}],"about":[{"href":"https:\/\/gpl-love.com\/fr\/wp-json\/wp\/v2\/types\/product"}],"replies":[{"embeddable":true,"href":"https:\/\/gpl-love.com\/fr\/wp-json\/wp\/v2\/comments?post=114080"}],"wp:featuredmedia":[{"embeddable":true,"href":"https:\/\/gpl-love.com\/fr\/wp-json\/wp\/v2\/media\/145857"}],"wp:attachment":[{"href":"https:\/\/gpl-love.com\/fr\/wp-json\/wp\/v2\/media?parent=114080"}],"wp:term":[{"taxonomy":"product_brand","embeddable":true,"href":"https:\/\/gpl-love.com\/fr\/wp-json\/wp\/v2\/product_brand?post=114080"},{"taxonomy":"product_cat","embeddable":true,"href":"https:\/\/gpl-love.com\/fr\/wp-json\/wp\/v2\/product_cat?post=114080"},{"taxonomy":"product_tag","embeddable":true,"href":"https:\/\/gpl-love.com\/fr\/wp-json\/wp\/v2\/product_tag?post=114080"}],"curies":[{"name":"wp","href":"https:\/\/api.w.org\/{rel}","templated":true}]}}