{"id":114076,"date":"2021-04-17T00:00:00","date_gmt":"2021-04-16T22:00:00","guid":{"rendered":"http:\/\/gpl-love.com\/fr\/produit\/agmycoo-isometric-creative-digital-agency-wordpress-theme\/"},"modified":"2026-03-20T22:54:08","modified_gmt":"2026-03-20T21:54:08","slug":"agmycoo-isometric-creative-digital-agency-wordpress-theme","status":"publish","type":"product","link":"https:\/\/gpl-love.com\/fr\/produit\/agmycoo-isometric-creative-digital-agency-wordpress-theme\/","title":{"rendered":"Agmycoo Isometric Creative Digital Agency WordPress Theme 1.9"},"content":{"rendered":"<h3>Agmycoo Isometric Creative Digital Agency WordPress Theme Traits<\/h3>\n<p>AGMYCOO ISOMETRIC CREARE Digital Agency WordPress Le th\u00e8me est un th\u00e8me incroyablement puissant et multiforme qui a \u00e9t\u00e9 exclusivement con\u00e7u au profit des agences num\u00e9riques. Son design isom\u00e9trique \u00e9l\u00e9gant et contemporain fait d&rsquo;Agmycoo la plate-forme id\u00e9ale pour pr\u00e9senter votre vaste portefeuille, les diff\u00e9rents services que vous offrez, ainsi que les membres estim\u00e9s de votre \u00e9quipe. Ce th\u00e8me remarquable est \u00e9quip\u00e9 d&rsquo;une large gamme de pages et de dispositions pr\u00e9-con\u00e7ues, englobant une gamme d&rsquo;options de page d&rsquo;accueil, de pages de portefeuille et de dispositions de blogs. En outre, Agmycoo est fier de sa capacit\u00e9 de personnalisation in\u00e9gal\u00e9e, vous accordant la capacit\u00e9 d&rsquo;adapter sans effort les couleurs, les polices et d&rsquo;autres \u00e9l\u00e9ments de conception, garantissant ainsi un alignement transparent avec votre identit\u00e9 de marque distinctive. De plus, Agmycoo a \u00e9t\u00e9 m\u00e9ticuleusement optimis\u00e9 pour la vitesse et le r\u00e9f\u00e9rencement, garantissant des temps de chargement rapides et une position de haut rang dans les moteurs de recherche. Avec son interface conviviale et un \u00e9ventail de fonctionnalit\u00e9s puissantes \u00e0 votre disposition, Agmycoo est sans \u00e9quivoque le choix ultime pour toute agence num\u00e9rique visant \u00e0 \u00e9tablir une pr\u00e9sence en ligne formidable et captivante.<\/p>\n<ul>\n<li>Th\u00e8me WordPress con\u00e7u par des professionnels pour les agences num\u00e9riques cr\u00e9atives<\/li>\n<li>Design isom\u00e9trique pour donner un look moderne et unique<\/li>\n<li>Enti\u00e8rement personnalisable avec un g\u00e9n\u00e9rateur de page de glisser-d\u00e9poser facile \u00e0 utiliser<\/li>\n<li>Plusieurs pages pr\u00e9-construites pour pr\u00e9senter vos services, votre \u00e9quipe, vos projets et votre portefeuille<\/li>\n<li>Conception r\u00e9active pour une visualisation optimale sur tous les appareils<\/li>\n<li>SEO optimis\u00e9 pour am\u00e9liorer le classement des moteurs de recherche<\/li>\n<li>Compatibilit\u00e9 entre les navigateurs pour atteindre un public plus large<\/li>\n<li>Ic\u00f4nes des m\u00e9dias sociaux int\u00e9gr\u00e9s pour un partage facile et un engagement accru<\/li>\n<li>Formulaires de contact et d&rsquo;abonnement pour capturer facilement les prospects et rester en contact avec les clients<\/li>\n<li>Importation de d\u00e9monstration en un clic pour configurer rapidement votre site Web<\/li>\n<li>Mises \u00e0 jour r\u00e9guli\u00e8res et soutien d\u00e9di\u00e9 des d\u00e9veloppeurs de th\u00e8me.<\/li>\n<\/ul>\n","protected":false},"excerpt":{"rendered":"<p>\u00cates-vous \u00e0 la recherche d&rsquo;un th\u00e8me WordPress d&rsquo;agence num\u00e9rique professionnelle mais cr\u00e9atif? Ne cherchez pas plus loin que Agmycoo isom\u00e9trique! Notre th\u00e8me est parfait pour toute agence num\u00e9rique, offrant une conception isom\u00e9trique unique qui distinguera votre site Web de la comp\u00e9tition. Agmycoo est construit sur WordPress, le premier constructeur de sites Web au monde, garantissant une interface conviviale et une personnalisation facile. Le th\u00e8me comprend \u00e9galement une pl\u00e9thore de fonctionnalit\u00e9s comprenant l&rsquo;optimisation du r\u00e9f\u00e9rencement, la conception r\u00e9active et la compatibilit\u00e9 du commerce \u00e9lectronique. Avec Agmycoo, vous n&rsquo;obtenez pas seulement un th\u00e8me WordPress, vous investissez dans un outil puissant pour votre agence num\u00e9rique qui attirera et informera les clients potentiels de vos services uniques. Essayez Agmycoo Isometric Creative Digital Agency WordPress Th\u00e8me aujourd&rsquo;hui!<\/p>\n","protected":false},"featured_media":143097,"comment_status":"open","ping_status":"open","template":"","meta":[],"product_brand":[2433],"product_cat":[1242,1212,1213],"product_tag":[1366],"class_list":{"0":"post-114076","1":"product","2":"type-product","3":"status-publish","4":"has-post-thumbnail","6":"product_brand-themeforest","7":"product_cat-creatif","8":"product_cat-themes","9":"product_cat-wordpress-themes","10":"product_tag-themeforest","11":"member-discount","12":"discount-restricted","14":"first","15":"instock","16":"sale","17":"downloadable","18":"virtual","19":"sold-individually","20":"purchasable","21":"product-type-simple"},"_links":{"self":[{"href":"https:\/\/gpl-love.com\/fr\/wp-json\/wp\/v2\/product\/114076","targetHints":{"allow":["GET"]}}],"collection":[{"href":"https:\/\/gpl-love.com\/fr\/wp-json\/wp\/v2\/product"}],"about":[{"href":"https:\/\/gpl-love.com\/fr\/wp-json\/wp\/v2\/types\/product"}],"replies":[{"embeddable":true,"href":"https:\/\/gpl-love.com\/fr\/wp-json\/wp\/v2\/comments?post=114076"}],"wp:featuredmedia":[{"embeddable":true,"href":"https:\/\/gpl-love.com\/fr\/wp-json\/wp\/v2\/media\/143097"}],"wp:attachment":[{"href":"https:\/\/gpl-love.com\/fr\/wp-json\/wp\/v2\/media?parent=114076"}],"wp:term":[{"taxonomy":"product_brand","embeddable":true,"href":"https:\/\/gpl-love.com\/fr\/wp-json\/wp\/v2\/product_brand?post=114076"},{"taxonomy":"product_cat","embeddable":true,"href":"https:\/\/gpl-love.com\/fr\/wp-json\/wp\/v2\/product_cat?post=114076"},{"taxonomy":"product_tag","embeddable":true,"href":"https:\/\/gpl-love.com\/fr\/wp-json\/wp\/v2\/product_tag?post=114076"}],"curies":[{"name":"wp","href":"https:\/\/api.w.org\/{rel}","templated":true}]}}