{"id":114074,"date":"2024-02-05T00:00:00","date_gmt":"2024-02-04T23:00:00","guid":{"rendered":"http:\/\/gpl-love.com\/fr\/produit\/apuslisting-directory-et-listing-wordpress-theme\/"},"modified":"2026-03-20T22:54:53","modified_gmt":"2026-03-20T21:54:53","slug":"apuslisting-directory-et-listing-wordpress-theme","status":"publish","type":"product","link":"https:\/\/gpl-love.com\/fr\/produit\/apuslisting-directory-et-listing-wordpress-theme\/","title":{"rendered":"ApusListing Directory et Listing WordPress Theme 1.2.46"},"content":{"rendered":"<h3>ApusListing Directory et Listing WordPress Theme Traits<\/h3>\n<p>Le r\u00e9pertoire ApusListing et le th\u00e8me WordPress inscrit est une solution logicielle robuste qui r\u00e9pond aux besoins des personnes cherchant \u00e0 \u00e9tablir un r\u00e9pertoire en ligne ou un site Web de liste. Cet outil remarquable a \u00e9t\u00e9 habilement con\u00e7u pour aider les utilisateurs \u00e0 g\u00e9rer et \u00e0 pr\u00e9senter leurs annonces d&rsquo;une mani\u00e8re polie et visuellement captivante. Avec son interface conviviale et son \u00e9ventail \u00e9tendu de fonctionnalit\u00e9s, le r\u00e9pertoire ApusListing et le th\u00e8me WordPress de liste offre une approche rationalis\u00e9e pour cr\u00e9er et superviser les listes, les filtres de recherche, les cartes, les critiques et autres composants indispensables de tout r\u00e9pertoire ou site Web de liste. Ce produit exemplaire est la quintessence de la perfection pour les entreprises, les organisations et les particuliers aspirant \u00e0 une plate-forme compl\u00e8te et centr\u00e9e sur l&rsquo;utilisateur pour pr\u00e9senter leurs listes, tout en mettant simultan\u00e9ment leur marque et leurs services. Par cons\u00e9quent, si vous \u00eates \u00e0 la recherche d&rsquo;un outil fiable et efficace pour construire votre propre site Web ou r\u00e9pertoire inscripteur, le r\u00e9pertoire ApusListing et le th\u00e8me WordPress inscrit sont la solution ultime pour vous.<\/p>\n<ul>\n<li>Un logiciel et th\u00e8me r\u00e9pertori\u00e9 complet pour les sites Web WordPress<\/li>\n<li>Con\u00e7u pour cr\u00e9er des annonces de r\u00e9pertoires professionnels et \u00e9l\u00e9gants<\/li>\n<li>Flexible et personnalisable pour correspondre \u00e0 l&rsquo;aspect et \u00e0 la sensation de votre marque<\/li>\n<li>Interface conviviale pour une navigation et une gestion faciles des listes<\/li>\n<li>Optimis\u00e9 pour que SEO am\u00e9liore les classements des moteurs de recherche pour votre site d&rsquo;annuaire<\/li>\n<li>Options de mon\u00e9tisation int\u00e9gr\u00e9es pour g\u00e9n\u00e9rer des revenus \u00e0 partir de votre site d&rsquo;annuaire<\/li>\n<li>Comprend des fonctionnalit\u00e9s telles que les formulaires de g\u00e9n\u00e9ration de leads, les avis et les notes des utilisateurs et les filtres de recherche bas\u00e9s sur la localisation<\/li>\n<li>Compatible avec les plugins WordPress populaires pour des fonctionnalit\u00e9s et une personnalisation suppl\u00e9mentaires<\/li>\n<li>Mises \u00e0 jour r\u00e9guli\u00e8res et support client pour maintenir le bon fonctionnement de votre site d&rsquo;annuaire.<\/li>\n<\/ul>\n","protected":false},"excerpt":{"rendered":"<p>ApusListing est un r\u00e9pertoire dynamique et r\u00e9pertoriant le th\u00e8me WordPress, con\u00e7u pour faciliter les navigations, augmenter l&rsquo;engagement des utilisateurs et am\u00e9liorer l&rsquo;exp\u00e9rience client. Le th\u00e8me est polyvalent et flexible, con\u00e7u pour r\u00e9pondre aux besoins de tous les sites d&rsquo;inscription et d&rsquo;annuaire avec une interface hautement personnalisable. Il regorge de fonctionnalit\u00e9s innovantes telles que les options de recherche avanc\u00e9es, la g\u00e9olocalisation et un tableau de bord convivial qui permet \u00e0 vos clients de g\u00e9rer leurs listes avec facilit\u00e9. Le th\u00e8me ApusListing est \u00e9galement adapt\u00e9 au r\u00e9f\u00e9rencement, garantissant une meilleure visibilit\u00e9 sur les moteurs de recherche, augmentant le trafic de votre site et, finalement, conduisant \u00e0 des conversions plus \u00e9lev\u00e9es. Sa conception enti\u00e8rement r\u00e9active garantit qu&rsquo;elle a fi\u00e8re allure sur n&rsquo;importe quel appareil. Avec le th\u00e8me WordPress ApusList, vous \u00eates assur\u00e9 d&rsquo;une exp\u00e9rience de r\u00e9pertoire en ligne dynamique, riche en fonctionnalit\u00e9s et transparente.<\/p>\n","protected":false},"featured_media":143148,"comment_status":"open","ping_status":"open","template":"","meta":[],"product_brand":[2433],"product_cat":[1242,1212,1213],"product_tag":[1366],"class_list":{"0":"post-114074","1":"product","2":"type-product","3":"status-publish","4":"has-post-thumbnail","6":"product_brand-themeforest","7":"product_cat-creatif","8":"product_cat-themes","9":"product_cat-wordpress-themes","10":"product_tag-themeforest","11":"member-discount","12":"discount-restricted","14":"first","15":"instock","16":"sale","17":"downloadable","18":"virtual","19":"sold-individually","20":"purchasable","21":"product-type-simple"},"_links":{"self":[{"href":"https:\/\/gpl-love.com\/fr\/wp-json\/wp\/v2\/product\/114074","targetHints":{"allow":["GET"]}}],"collection":[{"href":"https:\/\/gpl-love.com\/fr\/wp-json\/wp\/v2\/product"}],"about":[{"href":"https:\/\/gpl-love.com\/fr\/wp-json\/wp\/v2\/types\/product"}],"replies":[{"embeddable":true,"href":"https:\/\/gpl-love.com\/fr\/wp-json\/wp\/v2\/comments?post=114074"}],"wp:featuredmedia":[{"embeddable":true,"href":"https:\/\/gpl-love.com\/fr\/wp-json\/wp\/v2\/media\/143148"}],"wp:attachment":[{"href":"https:\/\/gpl-love.com\/fr\/wp-json\/wp\/v2\/media?parent=114074"}],"wp:term":[{"taxonomy":"product_brand","embeddable":true,"href":"https:\/\/gpl-love.com\/fr\/wp-json\/wp\/v2\/product_brand?post=114074"},{"taxonomy":"product_cat","embeddable":true,"href":"https:\/\/gpl-love.com\/fr\/wp-json\/wp\/v2\/product_cat?post=114074"},{"taxonomy":"product_tag","embeddable":true,"href":"https:\/\/gpl-love.com\/fr\/wp-json\/wp\/v2\/product_tag?post=114074"}],"curies":[{"name":"wp","href":"https:\/\/api.w.org\/{rel}","templated":true}]}}