{"id":114072,"date":"2025-10-30T00:00:00","date_gmt":"2025-10-29T23:00:00","guid":{"rendered":"http:\/\/gpl-love.com\/fr\/produit\/woocommerce-order-tracker\/"},"modified":"2026-03-28T23:31:06","modified_gmt":"2026-03-28T22:31:06","slug":"woocommerce-order-tracker","status":"publish","type":"product","link":"https:\/\/gpl-love.com\/fr\/produit\/woocommerce-order-tracker\/","title":{"rendered":"WooCommerce Order Tracker 2.3.5"},"content":{"rendered":"<h3>WooCommerce Order Tracker Traits<\/h3>\n<p>Le WooCommerce Order Tracker sert d&rsquo;outil incroyablement robuste et formidable, ce qui permet aux entreprises de surveiller efficacement leurs commandes en ligne avec la plus grande efficacit\u00e9. Ce plugin remarquable s&rsquo;int\u00e8gre de mani\u00e8re transparente \u00e0 WooCommerce, facilitant ainsi le suivi diligent de chaque commande, commen\u00e7ant de sa r\u00e9ception initiale \u00e0 sa livraison ultime. Par cons\u00e9quent, la commande de commande fournit aux utilisateurs des mises \u00e0 jour en temps r\u00e9el concernant le statut de leurs commandes, englobant des jalons cruciaux tels que le traitement, la r\u00e9alisation et l&rsquo;exp\u00e9dition. En outre, les clients ont la commodit\u00e9 de suivre leurs commandes gr\u00e2ce \u00e0 l&rsquo;acte simple de saisir leur num\u00e9ro de commande et leur adresse e-mail sur le site officiel du magasin. Une telle fonctionnalit\u00e9 pionni\u00e8re engendre non seulement des niveaux accrus de satisfaction des clients, mais sert \u00e9galement \u00e0 \u00e9conomiser du temps et des efforts pr\u00e9cieux pour les entreprises et leurs clients. En se pr\u00e9voyant du tracker de commandes WooCommerce, on peut rationaliser efficacement leur processus de gestion des commandes, garantissant ainsi une exp\u00e9rience client impeccablement transparente et in\u00e9gal\u00e9e.<\/p>\n<ul>\n<li>Suivi des commandes en temps r\u00e9el pour les magasins WooCommerce<\/li>\n<li>Fournit des informations d\u00e9taill\u00e9es sur le statut de chaque commande, y compris l&rsquo;exp\u00e9dition, la livraison et l&rsquo;heure d&rsquo;arriv\u00e9e attendue<\/li>\n<li>Interface facile \u00e0 utiliser qui peut \u00eatre personnalis\u00e9e pour correspondre \u00e0 votre marque<\/li>\n<li>Envoie des notifications par e-mail et SMS automatiques aux clients des progr\u00e8s de leur commande<\/li>\n<li>Offre un portail client o\u00f9 les clients peuvent v\u00e9rifier l&rsquo;\u00e9tat de leur commande sans avoir besoin de contacter le support client<\/li>\n<li>Intregate de mani\u00e8re transparente avec votre magasin WooCommerce existant et vos op\u00e9rateurs d&rsquo;exp\u00e9dition<\/li>\n<li>Aide \u00e0 r\u00e9duire les demandes de support client et \u00e0 accro\u00eetre la satisfaction du client en fournissant la transparence et les mises \u00e0 jour sur leurs commandes<\/li>\n<li>Fournit des rapports et des analyses d\u00e9taill\u00e9es pour vous aider \u00e0 optimiser vos processus de r\u00e9alisation de commandes<\/li>\n<li>Prend en charge plusieurs langues et devises pour les magasins internationaux<\/li>\n<\/ul>\n","protected":false},"excerpt":{"rendered":"<p>L&rsquo;entr\u00e9e: WooCommerce Order Tracker est un outil incroyablement utile et pratique qui vous accorde la possibilit\u00e9 de garder efficacement l&rsquo;onglet sur chacune de vos commandes, le tout du confort d&rsquo;un seul emplacement. Il est r\u00e9volu le temps de rechercher sans rel\u00e2che dans diverses plates-formes et canaux pour tenter de localiser votre dernier achat. Avec cet outil exceptionnel \u00e0 votre disposition, tout ce que vous avez \u00e0 faire est de saisir vos d\u00e9tails de commande et vous recevrez instantan\u00e9ment des mises \u00e0 jour \u00e0 la minute concernant l&rsquo;\u00e9tat actuel de votre exp\u00e9dition. Cela signifie que vous pouvez surveiller sans effort et de mani\u00e8re transparente la progression de vos forfaits, vous accordant un profond sentiment d&rsquo;assurance et de tranquillit\u00e9 en offrant une estimation pr\u00e9cise du moment o\u00f9 ils orneront finalement votre porte.<\/p>\n","protected":false},"featured_media":145947,"comment_status":"open","ping_status":"open","template":"","meta":[],"product_brand":[2435],"product_cat":[1182,1223,1181],"product_tag":[1231],"class_list":{"0":"post-114072","1":"product","2":"type-product","3":"status-publish","4":"has-post-thumbnail","6":"product_brand-codecanyon","7":"product_cat-commerce-electronique-plugins","8":"product_cat-personnalisation-commerce-electronique-plugins","9":"product_cat-plugins","10":"product_tag-codecanyon","11":"member-discount","12":"discount-restricted","14":"first","15":"instock","16":"sale","17":"downloadable","18":"virtual","19":"sold-individually","20":"purchasable","21":"product-type-simple"},"_links":{"self":[{"href":"https:\/\/gpl-love.com\/fr\/wp-json\/wp\/v2\/product\/114072","targetHints":{"allow":["GET"]}}],"collection":[{"href":"https:\/\/gpl-love.com\/fr\/wp-json\/wp\/v2\/product"}],"about":[{"href":"https:\/\/gpl-love.com\/fr\/wp-json\/wp\/v2\/types\/product"}],"replies":[{"embeddable":true,"href":"https:\/\/gpl-love.com\/fr\/wp-json\/wp\/v2\/comments?post=114072"}],"wp:featuredmedia":[{"embeddable":true,"href":"https:\/\/gpl-love.com\/fr\/wp-json\/wp\/v2\/media\/145947"}],"wp:attachment":[{"href":"https:\/\/gpl-love.com\/fr\/wp-json\/wp\/v2\/media?parent=114072"}],"wp:term":[{"taxonomy":"product_brand","embeddable":true,"href":"https:\/\/gpl-love.com\/fr\/wp-json\/wp\/v2\/product_brand?post=114072"},{"taxonomy":"product_cat","embeddable":true,"href":"https:\/\/gpl-love.com\/fr\/wp-json\/wp\/v2\/product_cat?post=114072"},{"taxonomy":"product_tag","embeddable":true,"href":"https:\/\/gpl-love.com\/fr\/wp-json\/wp\/v2\/product_tag?post=114072"}],"curies":[{"name":"wp","href":"https:\/\/api.w.org\/{rel}","templated":true}]}}