{"id":114070,"date":"2022-07-14T00:00:00","date_gmt":"2022-07-13T22:00:00","guid":{"rendered":"http:\/\/gpl-love.com\/fr\/produit\/herald-news-portal-et-magazine-wordpress-theme\/"},"modified":"2026-03-20T23:19:28","modified_gmt":"2026-03-20T22:19:28","slug":"herald-news-portal-et-magazine-wordpress-theme","status":"publish","type":"product","link":"https:\/\/gpl-love.com\/fr\/produit\/herald-news-portal-et-magazine-wordpress-theme\/","title":{"rendered":"Herald News Portal et Magazine WordPress Theme 2.6"},"content":{"rendered":"<h3>Herald News Portal et Magazine WordPress Theme Traits<\/h3>\n<p>Le portail Herald News et le th\u00e8me WordPress du magazine appara\u00eet comme un choix remarquable pour les personnes cherchant \u00e0 d\u00e9velopper un site Web de nouvelles ou de magazine professionnel et visuellement captivant. Ce th\u00e8me poss\u00e8de une large gamme d&rsquo;options personnalisables qui vous permettent d&rsquo;adapter votre site \u00e0 vos besoins sp\u00e9cifiques. Ces options incluent plusieurs dispositions pour votre page d&rsquo;accueil, divers styles pour votre en-t\u00eate et de nombreux mod\u00e8les pour vos messages et pages. De plus, ce th\u00e8me pr\u00e9sente une r\u00e9activit\u00e9 compl\u00e8te, garantissant que votre site appara\u00eet splendide sur tout type d&rsquo;appareil. En int\u00e9grant de mani\u00e8re transparente avec des plugins populaires tels que WooCommerce et MailChimp, vous pouvez g\u00e9n\u00e9rer sans effort des revenus \u00e0 partir de votre site et \u00e9tendre votre liste de diffusion. Le Herald News Portal and Magazine WordPress Theme offre une valeur exceptionnelle compte tenu de son prix abordable, ce qui le rend le choix id\u00e9al pour les personnes visant \u00e0 construire une publication en ligne dynamique et captivante.<\/p>\n<ul>\n<li>Un th\u00e8me WordPress \u00e9l\u00e9gant et moderne sp\u00e9cialement con\u00e7u pour les portails et magazines d&rsquo;information<\/li>\n<li>Comprend une vari\u00e9t\u00e9 de dispositions de page d&rsquo;accueil personnalisables \u00e0 choisir<\/li>\n<li>Propose un constructeur de pages faciles \u00e0 utiliser pour cr\u00e9er des pages et des messages personnalis\u00e9s<\/li>\n<li>Offre une conception dynamique et r\u00e9active pour une visualisation transparente sur tous les appareils<\/li>\n<li>Comprend plusieurs options d&rsquo;en-t\u00eate et de pied de page pour la marque personnalis\u00e9e<\/li>\n<li>Offre des espaces publicitaires flexibles pour la mon\u00e9tisation<\/li>\n<li>Int\u00e9gration int\u00e9gr\u00e9e des m\u00e9dias sociaux pour un partage de contenu facile<\/li>\n<li>Comprend la prise en charge d&rsquo;un large \u00e9ventail de formats de poste, y compris audio et vid\u00e9o<\/li>\n<li>Offre une vari\u00e9t\u00e9 de mod\u00e8les pr\u00e9-con\u00e7us pour une cr\u00e9ation de page plus rapide<\/li>\n<li>Compatible avec la derni\u00e8re version de WordPress et tous les principaux navigateurs Web.<\/li>\n<\/ul>\n","protected":false},"excerpt":{"rendered":"<p>Offrant une solution de pointe, le Herald News Portal et le th\u00e8me WordPress du magazine se pr\u00e9sente comme le choix ultime pour les personnes cherchant \u00e0 \u00e9tablir une publication en ligne de pointe, sophistiqu\u00e9e et visuellement captivante. B\u00e9n\u00e9ficiant d&rsquo;un design \u00e9l\u00e9gant et convivial, ce th\u00e8me a \u00e9t\u00e9 sp\u00e9cifiquement optimis\u00e9 pour pr\u00e9senter un large \u00e9ventail de contenu, allant des nouvelles et des articles de fonctionnalit\u00e9s aux \u00e9v\u00e9nements sportifs, au divertissement, au style de vie et au-del\u00e0. Ce qui distingue ce th\u00e8me, c&rsquo;est sa vaste gamme d&rsquo;options, widgets et shortcodes personnalisables, qui offrent aux utilisateurs la capacit\u00e9 in\u00e9gal\u00e9e \u00e0 personnaliser leurs sites Web et \u00e0 accentuer leur contenu unique. De plus, avec sa conception r\u00e9active, sa prise en charge de la r\u00e9tine et une base de code propre, ce th\u00e8me garantit que votre site Web appara\u00eetra non seulement \u00e9tonnant sur n&rsquo;importe quel appareil, mais aussi le chargement avec une vitesse de foudre. De plus, le th\u00e8me Herald News et le th\u00e8me WordPress du Herald News offre un support exceptionnel et des mises \u00e0 jour r\u00e9guli\u00e8res, en veillant \u00e0 ce que votre site Web reste \u00e0 la pointe des derni\u00e8res tendances et technologies. Que vous vous identifiiez en tant que journaliste, \u00e9diteur, blogueur ou \u00e9diteur, ce th\u00e8me remarquable vous offre les outils et les fonctionnalit\u00e9s n\u00e9cessaires pour construire une publication en ligne extraordinaire qui se d\u00e9marque vraiment de la foule.<\/p>\n","protected":false},"featured_media":144174,"comment_status":"open","ping_status":"open","template":"","meta":[],"product_brand":[2433],"product_cat":[1220,1212,1213],"product_tag":[1366],"class_list":{"0":"post-114070","1":"product","2":"type-product","3":"status-publish","4":"has-post-thumbnail","6":"product_brand-themeforest","7":"product_cat-blog-magazine","8":"product_cat-themes","9":"product_cat-wordpress-themes","10":"product_tag-themeforest","11":"member-discount","12":"discount-restricted","14":"first","15":"instock","16":"sale","17":"downloadable","18":"virtual","19":"sold-individually","20":"purchasable","21":"product-type-simple"},"_links":{"self":[{"href":"https:\/\/gpl-love.com\/fr\/wp-json\/wp\/v2\/product\/114070","targetHints":{"allow":["GET"]}}],"collection":[{"href":"https:\/\/gpl-love.com\/fr\/wp-json\/wp\/v2\/product"}],"about":[{"href":"https:\/\/gpl-love.com\/fr\/wp-json\/wp\/v2\/types\/product"}],"replies":[{"embeddable":true,"href":"https:\/\/gpl-love.com\/fr\/wp-json\/wp\/v2\/comments?post=114070"}],"wp:featuredmedia":[{"embeddable":true,"href":"https:\/\/gpl-love.com\/fr\/wp-json\/wp\/v2\/media\/144174"}],"wp:attachment":[{"href":"https:\/\/gpl-love.com\/fr\/wp-json\/wp\/v2\/media?parent=114070"}],"wp:term":[{"taxonomy":"product_brand","embeddable":true,"href":"https:\/\/gpl-love.com\/fr\/wp-json\/wp\/v2\/product_brand?post=114070"},{"taxonomy":"product_cat","embeddable":true,"href":"https:\/\/gpl-love.com\/fr\/wp-json\/wp\/v2\/product_cat?post=114070"},{"taxonomy":"product_tag","embeddable":true,"href":"https:\/\/gpl-love.com\/fr\/wp-json\/wp\/v2\/product_tag?post=114070"}],"curies":[{"name":"wp","href":"https:\/\/api.w.org\/{rel}","templated":true}]}}