{"id":114068,"date":"2021-05-17T00:00:00","date_gmt":"2021-05-16T22:00:00","guid":{"rendered":"http:\/\/gpl-love.com\/fr\/produit\/nielsen-e-commerce-wordpress-theme\/"},"modified":"2026-04-10T18:33:57","modified_gmt":"2026-04-10T16:33:57","slug":"nielsen-e-commerce-wordpress-theme","status":"publish","type":"product","link":"https:\/\/gpl-love.com\/fr\/produit\/nielsen-e-commerce-wordpress-theme\/","title":{"rendered":"Nielsen E-commerce WordPress Theme 1.9.17"},"content":{"rendered":"<h3>Nielsen E-commerce WordPress Theme Traits<\/h3>\n<p>Le th\u00e8me WordPress du commerce \u00e9lectronique Nielsen, d\u00e9bordant de puissance et de polyvalence, se pr\u00e9sente comme la solution id\u00e9ale pour les entreprises visant \u00e0 \u00e9tablir leur pr\u00e9sence en ligne. Ce th\u00e8me remarquablement complet offre un \u00e9ventail de fonctionnalit\u00e9s qui vous permettent de fa\u00e7onner un site de commerce \u00e9lectronique enti\u00e8rement fonctionnel qui combine de mani\u00e8re transparente la convivialit\u00e9 et la splendeur visuelle. De plus, ce th\u00e8me poss\u00e8de une gamme impressionnante d&rsquo;options de personnalisation, vous offrant la possibilit\u00e9 de personnaliser votre site et de l&rsquo;aligner sur votre identit\u00e9 de marque. La vaste s\u00e9lection d&rsquo;options de disposition, de polices et de couleurs \u00e0 votre disposition garantit que votre site se d\u00e9marquera sans effort de la foule. Notamment, le th\u00e8me a \u00e9t\u00e9 m\u00e9ticuleusement optimis\u00e9 pour les moteurs de recherche, garantissant que votre site sera d\u00e9couverte sans effort par des clients potentiels. Le th\u00e8me WordPress de commerce \u00e9lectronique Nielsen vous accorde l&rsquo;occasion inestimable de cr\u00e9er une boutique en ligne professionnelle et tr\u00e8s performante, propulsant ainsi votre entreprise \u00e0 des sommets sans pr\u00e9c\u00e9dent.<\/p>\n<ul>\n<li>Conception moderne et r\u00e9active en mettant l&rsquo;accent sur la fonctionnalit\u00e9 du commerce \u00e9lectronique<\/li>\n<li>Page d&rsquo;accueil personnalisable avec des widgets de glisser-d\u00e9poser faciles \u00e0 utiliser<\/li>\n<li>Multipliers pour les pages de produits, y compris les options de pleine largeur et de grille<\/li>\n<li>Int\u00e9gration avec des plugins de commerce \u00e9lectronique populaires tels que WooCommerce et les t\u00e9l\u00e9chargements num\u00e9riques faciles<\/li>\n<li>Prise en charge int\u00e9gr\u00e9e pour les avis et notations des produits<\/li>\n<li>Int\u00e9gration transparente avec les principales passerelles de paiement<\/li>\n<li>Prend en charge plusieurs devises et langues<\/li>\n<li>Optimis\u00e9 pour le r\u00e9f\u00e9rencement avec du code propre et des temps de chargement rapide<\/li>\n<li>Documentation compl\u00e8te et \u00e9quipe de soutien d\u00e9di\u00e9e.<\/li>\n<\/ul>\n","protected":false},"excerpt":{"rendered":"<p>Le th\u00e8me WordPress de commerce \u00e9lectronique Nielsen est un th\u00e8me exceptionnellement contemporain et esth\u00e9tique qui a \u00e9t\u00e9 m\u00e9ticuleusement con\u00e7u dans le seul but de l&rsquo;adaptation aux magasins en ligne. Il se vante d&rsquo;une interface remarquablement \u00e9pur\u00e9e et conviviale, rendant ainsi l&rsquo;acte de magasiner une brise absolue, remplie de joie pour tous les clients. Ce qui distingue ce th\u00e8me de ses homologues, c&rsquo;est sa polyvalence remarquable, manifest\u00e9e dans la pl\u00e9thore des dispositions pr\u00e9-faites qu&rsquo;il offre, permettant ainsi aux utilisateurs d&rsquo;adapter leurs vitrines conform\u00e9ment \u00e0 leur identit\u00e9 de marque. De plus, gr\u00e2ce \u00e0 ses fonctionnalit\u00e9s de partage social int\u00e9gr\u00e9es, ses options de recherche avanc\u00e9es et son syst\u00e8me de navigation transparente, les produits h\u00e9berg\u00e9s dans votre magasin virtuel peuvent attirer sans effort l&rsquo;attention et la reconnaissance de la communaut\u00e9 en ligne florissante. De plus, le th\u00e8me se targue \u00e9galement de ses capacit\u00e9s de conception r\u00e9actives, ce qui signifie essentiellement que votre magasin peut \u00eatre accessible \u00e0 partir de n&rsquo;importe quel appareil, que ce soit un smartphone, une tablette ou un ordinateur. En substance, le th\u00e8me WordPress de commerce \u00e9lectronique Nielsen vous permet de g\u00e9rer une vitrine extr\u00eamement captivante qui promet une exp\u00e9rience d&rsquo;achat in\u00e9gal\u00e9e et extraordinaire pour chacun de vos clients estim\u00e9s.<\/p>\n","protected":false},"featured_media":144751,"comment_status":"open","ping_status":"open","template":"","meta":[],"product_brand":[2433],"product_cat":[1238,1851,1212],"product_tag":[1366],"class_list":{"0":"post-114068","1":"product","2":"type-product","3":"status-publish","4":"has-post-thumbnail","6":"product_brand-themeforest","7":"product_cat-commerce-electronique-themes","8":"product_cat-entreprise-commerce-electronique-themes","9":"product_cat-themes","10":"product_tag-themeforest","11":"member-discount","12":"discount-restricted","14":"first","15":"instock","16":"sale","17":"downloadable","18":"virtual","19":"sold-individually","20":"purchasable","21":"product-type-simple"},"_links":{"self":[{"href":"https:\/\/gpl-love.com\/fr\/wp-json\/wp\/v2\/product\/114068","targetHints":{"allow":["GET"]}}],"collection":[{"href":"https:\/\/gpl-love.com\/fr\/wp-json\/wp\/v2\/product"}],"about":[{"href":"https:\/\/gpl-love.com\/fr\/wp-json\/wp\/v2\/types\/product"}],"replies":[{"embeddable":true,"href":"https:\/\/gpl-love.com\/fr\/wp-json\/wp\/v2\/comments?post=114068"}],"wp:featuredmedia":[{"embeddable":true,"href":"https:\/\/gpl-love.com\/fr\/wp-json\/wp\/v2\/media\/144751"}],"wp:attachment":[{"href":"https:\/\/gpl-love.com\/fr\/wp-json\/wp\/v2\/media?parent=114068"}],"wp:term":[{"taxonomy":"product_brand","embeddable":true,"href":"https:\/\/gpl-love.com\/fr\/wp-json\/wp\/v2\/product_brand?post=114068"},{"taxonomy":"product_cat","embeddable":true,"href":"https:\/\/gpl-love.com\/fr\/wp-json\/wp\/v2\/product_cat?post=114068"},{"taxonomy":"product_tag","embeddable":true,"href":"https:\/\/gpl-love.com\/fr\/wp-json\/wp\/v2\/product_tag?post=114068"}],"curies":[{"name":"wp","href":"https:\/\/api.w.org\/{rel}","templated":true}]}}