{"id":114067,"date":"2023-08-18T00:00:00","date_gmt":"2023-08-17T22:00:00","guid":{"rendered":"http:\/\/gpl-love.com\/fr\/produit\/divi-machine-toolkit-pour-adding-et-creating-dynamic-content\/"},"modified":"2026-03-20T23:00:58","modified_gmt":"2026-03-20T22:00:58","slug":"divi-machine-toolkit-pour-adding-et-creating-dynamic-content","status":"publish","type":"product","link":"https:\/\/gpl-love.com\/fr\/produit\/divi-machine-toolkit-pour-adding-et-creating-dynamic-content\/","title":{"rendered":"Divi Machine Toolkit pour Adding et Creating Dynamic Content 6.0"},"content":{"rendered":"<h3>Divi Machine Toolkit pour Adding et Creating Dynamic Content Traits<\/h3>\n<p>La bo\u00eete \u00e0 outils Divi, connue pour son immense puissance et sa capacit\u00e9, a \u00e9t\u00e9 m\u00e9ticuleusement con\u00e7ue pour r\u00e9pondre aux besoins des d\u00e9veloppeurs Web et des concepteurs qui s&rsquo;efforcent d&rsquo;infuser leurs sites Web avec un contenu dynamique. Cet outil remarquable englobe une vaste gamme de fonctionnalit\u00e9s et de fonctionnalit\u00e9s, vous permettant de modeler sans effort les dispositions personnalis\u00e9es, d&rsquo;automatiser la g\u00e9n\u00e9ration de contenu et d&rsquo;impr\u00e9gner vos pages avec des \u00e9l\u00e9ments qui sont constamment en flux. Avec la bo\u00eete \u00e0 outils Divi \u00e0 votre disposition, la cr\u00e9ation de grilles dynamiques, de types de publication personnalis\u00e9es et de filtres de recherche devient une entreprise transparente. De plus, cet outil se targue de sa nature conviviale et de son interface intuitive, ce qui le rend une option accessible pour les individus de diff\u00e9rents niveaux de comp\u00e9tence, que ce soit des novices ou des experts chevronn\u00e9s. B\u00e9n\u00e9ficiant d&rsquo;une multitude d&rsquo;attributs avanc\u00e9s et d&rsquo;alternatives personnalisables, la bo\u00eete \u00e0 outils Divi Machineh appara\u00eet comme la solution par excellence pour ceux qui cherchent \u00e0 amplifier la fonctionnalit\u00e9 de leur site Web et \u00e0 organiser une exp\u00e9rience utilisateur captivante.<\/p>\n<ul>\n<li>Permet aux utilisateurs de cr\u00e9er et d&rsquo;ajouter du contenu dynamique \u00e0 leur site Web<\/li>\n<li>Compatible avec le th\u00e8me Divi, ce qui facilite l&rsquo;int\u00e9gration avec les sites existants<\/li>\n<li>Fournit des modules de contenu pr\u00e9-con\u00e7us pour une impl\u00e9mentation rapide<\/li>\n<li>Permet de cr\u00e9er des modules de contenu personnalis\u00e9s pour des besoins sp\u00e9cifiques<\/li>\n<li>Rationalise le processus d&rsquo;ajout d&rsquo;\u00e9l\u00e9ments interactifs aux pages, telles que des onglets, des bascules et des curseurs<\/li>\n<li>Offre des fonctionnalit\u00e9s avanc\u00e9es comme la logique conditionnelle et les options de filtrage dynamique<\/li>\n<li>Gave le temps pour les propri\u00e9taires de sites Web en \u00e9liminant le besoin de codage personnalis\u00e9<\/li>\n<li>Augmente la fonctionnalit\u00e9 du site et l&rsquo;engagement des utilisateurs gr\u00e2ce \u00e0 un contenu dynamique<\/li>\n<\/ul>\n","protected":false},"excerpt":{"rendered":"<p>D\u00e9couvrez la puissance de Divi Machine, une bo\u00eete \u00e0 outils haute performance con\u00e7ue pour am\u00e9liorer le potentiel de votre site Web en ajoutant et en cr\u00e9ant un contenu dynamique. Ce plugin avanc\u00e9 est un incontournable pour les d\u00e9butants et les experts, offrant des fonctionnalit\u00e9s qui vous permettent de cr\u00e9er des dispositions personnalis\u00e9es, de cr\u00e9er des strat\u00e9gies de r\u00e9f\u00e9rencement efficaces et d&rsquo;augmenter l&rsquo;engagement des utilisateurs. Plongez dans le monde de Divi Machine et d\u00e9bloquez la capacit\u00e9 de personnaliser les champs, de concevoir des cartes et des filtres dynamiques et \u00e9laborer des mod\u00e8les uniques qui distingueront votre site Web. Avec Divi Machine, vous avez un contr\u00f4le complet sur votre contenu, avec des options pour ajouter des curseurs professionnels, des galeries interactives, etc. Ce n&rsquo;est pas seulement une bo\u00eete \u00e0 outils, mais une passerelle vers une exp\u00e9rience utilisateur plus dynamique et plus engageante. Intensifiez votre jeu de conception Web avec Divi Machine aujourd&rsquo;hui!<\/p>\n","protected":false},"featured_media":143548,"comment_status":"open","ping_status":"open","template":"","meta":[],"product_brand":[2509],"product_cat":[1189,1181,1186],"product_tag":[2159],"class_list":{"0":"post-114067","1":"product","2":"type-product","3":"status-publish","4":"has-post-thumbnail","6":"product_brand-divi-engine","7":"product_cat-personnalisation","8":"product_cat-plugins","9":"product_cat-wordpress-plugins","10":"product_tag-divi-engine","11":"member-discount","12":"discount-restricted","14":"first","15":"instock","16":"sale","17":"downloadable","18":"virtual","19":"sold-individually","20":"purchasable","21":"product-type-simple"},"_links":{"self":[{"href":"https:\/\/gpl-love.com\/fr\/wp-json\/wp\/v2\/product\/114067","targetHints":{"allow":["GET"]}}],"collection":[{"href":"https:\/\/gpl-love.com\/fr\/wp-json\/wp\/v2\/product"}],"about":[{"href":"https:\/\/gpl-love.com\/fr\/wp-json\/wp\/v2\/types\/product"}],"replies":[{"embeddable":true,"href":"https:\/\/gpl-love.com\/fr\/wp-json\/wp\/v2\/comments?post=114067"}],"wp:featuredmedia":[{"embeddable":true,"href":"https:\/\/gpl-love.com\/fr\/wp-json\/wp\/v2\/media\/143548"}],"wp:attachment":[{"href":"https:\/\/gpl-love.com\/fr\/wp-json\/wp\/v2\/media?parent=114067"}],"wp:term":[{"taxonomy":"product_brand","embeddable":true,"href":"https:\/\/gpl-love.com\/fr\/wp-json\/wp\/v2\/product_brand?post=114067"},{"taxonomy":"product_cat","embeddable":true,"href":"https:\/\/gpl-love.com\/fr\/wp-json\/wp\/v2\/product_cat?post=114067"},{"taxonomy":"product_tag","embeddable":true,"href":"https:\/\/gpl-love.com\/fr\/wp-json\/wp\/v2\/product_tag?post=114067"}],"curies":[{"name":"wp","href":"https:\/\/api.w.org\/{rel}","templated":true}]}}