{"id":114065,"date":"2021-04-17T00:00:00","date_gmt":"2021-04-16T22:00:00","guid":{"rendered":"http:\/\/gpl-love.com\/fr\/produit\/shortener-short-links-application-with-analytic\/"},"modified":"2026-04-10T18:39:38","modified_gmt":"2026-04-10T16:39:38","slug":"shortener-short-links-application-with-analytic","status":"publish","type":"product","link":"https:\/\/gpl-love.com\/fr\/produit\/shortener-short-links-application-with-analytic\/","title":{"rendered":"Shortener Short Links Application with Analytic 2.0.4"},"content":{"rendered":"<h3>Shortener Short Links Application with Analytic Traits<\/h3>\n<p>L&rsquo;application de liens courts raccourcis avec l&rsquo;analytique est un outil incroyablement robuste et efficace qui permet aux utilisateurs de g\u00e9n\u00e9rer sans effort des liens courts concis et facilement partageables, tout en permettant simultan\u00e9ment des capacit\u00e9s de suivi compl\u00e8tes. Cette application remarquable permet aux utilisateurs de condenser de longues URL dans un format plus rationalis\u00e9 et g\u00e9rable, en veillant \u00e0 ce que aucun des \u00e9l\u00e9ments cruciaux ne soit sacrifi\u00e9 dans le processus. De plus, cet outil inestimable offre l&rsquo;avantage suppl\u00e9mentaire de l&rsquo;analyse int\u00e9gr\u00e9e, qui facilite la surveillance et l&rsquo;analyse des performances des liens raccourcis. En fournissant des informations telles que le taux de clics, les donn\u00e9es bas\u00e9es sur la localisation et les informations de r\u00e9f\u00e9rences, cette fonctionnalit\u00e9 sophistiqu\u00e9e s&rsquo;av\u00e8re \u00eatre un atout inestimable pour les sp\u00e9cialistes du marketing cherchant \u00e0 \u00e9valuer l&rsquo;efficacit\u00e9 de leurs campagnes, ainsi que pour les individus visant \u00e0 cr\u00e9er plus \u00e9l\u00e9gant et plus rationalis\u00e9 Liens pour les plateformes de m\u00e9dias sociaux. Par cons\u00e9quent, il est \u00e9vident que l&rsquo;application des liens courts du raccourcissement \u00e0 l&rsquo;analytique est la solution ultime pour toutes les exigences de raccourcissement des liens.<\/p>\n<ul>\n<li>Une interface conviviale qui permet une cr\u00e9ation et un partage faciles de liens raccourcis<\/li>\n<li>Outils analytiques puissants qui suivent les taux de clics, l&rsquo;engagement et d&rsquo;autres donn\u00e9es importantes<\/li>\n<li>Options personnalisables pour personnaliser les liens raccourcis avec des noms ou des mots cl\u00e9s uniques<\/li>\n<li>Navigation intuitive et fonctionnalit\u00e9s de l&rsquo;organisation pour aider \u00e0 g\u00e9rer et \u00e0 organiser un grand nombre de liens raccourcis<\/li>\n<li>Int\u00e9gration avec des plateformes de m\u00e9dias sociaux populaires et d&rsquo;autres outils en ligne pour une commodit\u00e9 et une compatibilit\u00e9 am\u00e9lior\u00e9es<\/li>\n<li>Des mesures de s\u00e9curit\u00e9 robustes pour se prot\u00e9ger contre l&rsquo;acc\u00e8s ou les abus non autoris\u00e9s<\/li>\n<li>Mises \u00e0 jour r\u00e9guli\u00e8res et soutien pour assurer la poursuite de la convivialit\u00e9 et des fonctionnalit\u00e9s au fil du temps.<\/li>\n<\/ul>\n","protected":false},"excerpt":{"rendered":"<p>Pr\u00e9sentation du raccourci, un outil exceptionnel m\u00e9ticuleusement con\u00e7u pour rationaliser les URL prolong\u00e9s, surveiller les taux de clics et examiner les niveaux d&rsquo;engagement des utilisateurs! Notre application r\u00e9volutionnaire de liens courtes, associ\u00e9e \u00e0 ses capacit\u00e9s analytiques de pointe, est une n\u00e9cessit\u00e9 absolue pour les individus qui cherchent \u00e0 r\u00e9guler et \u00e0 analyser efficacement le trafic URL. B\u00e9n\u00e9ficiant d&rsquo;une gamme de fonctionnalit\u00e9s puissantes, notamment des structures de liens personnalis\u00e9es, un routage de trafic dynamique, un suivi complet de campagnes et des analyses approfondies, le raccourcissement permet aux utilisateurs de g\u00e9rer sans effort leurs liens et d&rsquo;optimiser leurs efforts de marketing. Pas de temps, lancez votre parcours de raccourcissement aujourd&rsquo;hui et assistez \u00e0 la surtension exponentielle des clics, de l&rsquo;engagement des utilisateurs et des conversions!<\/p>\n","protected":false},"featured_media":145248,"comment_status":"open","ping_status":"open","template":"","meta":[],"product_brand":[2435],"product_cat":[1187,1181,1186],"product_tag":[1231],"class_list":{"0":"post-114065","1":"product","2":"type-product","3":"status-publish","4":"has-post-thumbnail","6":"product_brand-codecanyon","7":"product_cat-administration-wordpress-plugins","8":"product_cat-plugins","9":"product_cat-wordpress-plugins","10":"product_tag-codecanyon","11":"member-discount","12":"discount-restricted","14":"first","15":"instock","16":"sale","17":"downloadable","18":"virtual","19":"sold-individually","20":"purchasable","21":"product-type-simple"},"_links":{"self":[{"href":"https:\/\/gpl-love.com\/fr\/wp-json\/wp\/v2\/product\/114065","targetHints":{"allow":["GET"]}}],"collection":[{"href":"https:\/\/gpl-love.com\/fr\/wp-json\/wp\/v2\/product"}],"about":[{"href":"https:\/\/gpl-love.com\/fr\/wp-json\/wp\/v2\/types\/product"}],"replies":[{"embeddable":true,"href":"https:\/\/gpl-love.com\/fr\/wp-json\/wp\/v2\/comments?post=114065"}],"wp:featuredmedia":[{"embeddable":true,"href":"https:\/\/gpl-love.com\/fr\/wp-json\/wp\/v2\/media\/145248"}],"wp:attachment":[{"href":"https:\/\/gpl-love.com\/fr\/wp-json\/wp\/v2\/media?parent=114065"}],"wp:term":[{"taxonomy":"product_brand","embeddable":true,"href":"https:\/\/gpl-love.com\/fr\/wp-json\/wp\/v2\/product_brand?post=114065"},{"taxonomy":"product_cat","embeddable":true,"href":"https:\/\/gpl-love.com\/fr\/wp-json\/wp\/v2\/product_cat?post=114065"},{"taxonomy":"product_tag","embeddable":true,"href":"https:\/\/gpl-love.com\/fr\/wp-json\/wp\/v2\/product_tag?post=114065"}],"curies":[{"name":"wp","href":"https:\/\/api.w.org\/{rel}","templated":true}]}}