{"id":114055,"date":"2024-02-05T00:00:00","date_gmt":"2024-02-04T23:00:00","guid":{"rendered":"http:\/\/gpl-love.com\/fr\/produit\/trucking-logistics-et-transportation-wordpress-theme\/"},"modified":"2026-04-10T18:43:55","modified_gmt":"2026-04-10T16:43:55","slug":"trucking-logistics-et-transportation-wordpress-theme","status":"publish","type":"product","link":"https:\/\/gpl-love.com\/fr\/produit\/trucking-logistics-et-transportation-wordpress-theme\/","title":{"rendered":"Trucking Logistics et Transportation WordPress Theme 1.28"},"content":{"rendered":"<h3>Trucking Logistics et Transportation WordPress Theme Traits<\/h3>\n<p>Le th\u00e8me WordPress d\u00e9di\u00e9 \u00e0 la logistique et au transport du camionnage est un th\u00e8me incroyablement adaptable et convivial qui a \u00e9t\u00e9 exclusivement con\u00e7u pour les entreprises de camionnage, les fournisseurs de logistique et les entreprises de transport. Il offre une vaste gamme de fonctionnalit\u00e9s et de fonctions qui vous permettent non seulement d&rsquo;afficher votre vaste gamme de services et de flotte, mais aussi de g\u00e9rer efficacement les r\u00e9servations et les exp\u00e9ditions de suivi. En utilisant ce th\u00e8me, vous pouvez am\u00e9liorer sans effort votre pr\u00e9sence en ligne et rationaliser vos op\u00e9rations, car elle englobe tout ce qui est n\u00e9cessaire pour atteindre ces objectifs. De plus, le th\u00e8me poss\u00e8de une conception r\u00e9active et des fonctionnalit\u00e9s personnalisables, ce qui signifie que vous avez la possibilit\u00e9 de cr\u00e9er un site Web qui repr\u00e9sente parfaitement votre marque et s&rsquo;aligne sur vos besoins commerciaux sp\u00e9cifiques. C&rsquo;est la solution ultime pour les entreprises de camionnage et de transport qui cherchent \u00e0 attirer de nouveaux clients, \u00e0 \u00e9lever leur exp\u00e9rience client et \u00e0 amplifier leur visibilit\u00e9 en ligne.<\/p>\n<ul>\n<li>Design professionnel et moderne<\/li>\n<li>Interface et navigation conviviales<\/li>\n<li>Page d&rsquo;accueil personnalisable avec plusieurs options de mise en page<\/li>\n<li>Pages d\u00e9di\u00e9es pour les services, sur nous, l&rsquo;\u00e9quipe et plus<\/li>\n<li>Int\u00e9gration avec des plugins populaires tels que WooCommerce, Contact Form 7 et Slider Revolution<\/li>\n<li>Fonctionnalit\u00e9 de recherche avanc\u00e9e pour trouver des services de camionnage et de logistique<\/li>\n<li>Conception sensible au mobile pour une visualisation optimale sur tous les appareils<\/li>\n<li>Blog int\u00e9gr\u00e9 pour partager les nouvelles et les mises \u00e0 jour de l&rsquo;industrie<\/li>\n<li>L&rsquo;importation de d\u00e9mo en un clic pour configurer rapidement et facilement votre site Web<\/li>\n<li>Mises \u00e0 jour r\u00e9guli\u00e8res et support client des d\u00e9veloppeurs de th\u00e8mes.<\/li>\n<\/ul>\n","protected":false},"excerpt":{"rendered":"<p>Le th\u00e8me WordPress de Logistics and Transportation est un mod\u00e8le de site Web exemplaire et tr\u00e8s r\u00e9actif, artisanal avec des soci\u00e9t\u00e9s de transport et de logistique \u00e0 l&rsquo;esprit. Il poss\u00e8de une myriade de fonctionnalit\u00e9s distinctives, telles que des syst\u00e8mes avanc\u00e9s de suivi et de r\u00e9partition, des outils de gestion de la flotte de pointe et des capacit\u00e9s de suivi GPS en temps r\u00e9el de pointe. Avec son interface utilisateur intuitive et son design facilement personnalisable, ce th\u00e8me pr\u00e9sente une plate-forme id\u00e9ale pour les entreprises qui cherchent \u00e0 pr\u00e9senter leurs services et \u00e0 renforcer leur pr\u00e9sence en ligne. Par cons\u00e9quent, que vous pr\u00e9siiez une modeste entreprise de camionnage ou que vous ayez une vaste soci\u00e9t\u00e9 de transport, le th\u00e8me WordPress de Logistics and Transportation sert de solution par excellence pour toutes les conditions de votre site Web.<\/p>\n","protected":false},"featured_media":145617,"comment_status":"open","ping_status":"open","template":"","meta":[],"product_brand":[2433],"product_cat":[1516,1212,1213],"product_tag":[1366],"class_list":{"0":"post-114055","1":"product","2":"type-product","3":"status-publish","4":"has-post-thumbnail","6":"product_brand-themeforest","7":"product_cat-entreprise","8":"product_cat-themes","9":"product_cat-wordpress-themes","10":"product_tag-themeforest","11":"member-discount","12":"discount-restricted","14":"first","15":"instock","16":"sale","17":"downloadable","18":"virtual","19":"sold-individually","20":"purchasable","21":"product-type-simple"},"_links":{"self":[{"href":"https:\/\/gpl-love.com\/fr\/wp-json\/wp\/v2\/product\/114055","targetHints":{"allow":["GET"]}}],"collection":[{"href":"https:\/\/gpl-love.com\/fr\/wp-json\/wp\/v2\/product"}],"about":[{"href":"https:\/\/gpl-love.com\/fr\/wp-json\/wp\/v2\/types\/product"}],"replies":[{"embeddable":true,"href":"https:\/\/gpl-love.com\/fr\/wp-json\/wp\/v2\/comments?post=114055"}],"wp:featuredmedia":[{"embeddable":true,"href":"https:\/\/gpl-love.com\/fr\/wp-json\/wp\/v2\/media\/145617"}],"wp:attachment":[{"href":"https:\/\/gpl-love.com\/fr\/wp-json\/wp\/v2\/media?parent=114055"}],"wp:term":[{"taxonomy":"product_brand","embeddable":true,"href":"https:\/\/gpl-love.com\/fr\/wp-json\/wp\/v2\/product_brand?post=114055"},{"taxonomy":"product_cat","embeddable":true,"href":"https:\/\/gpl-love.com\/fr\/wp-json\/wp\/v2\/product_cat?post=114055"},{"taxonomy":"product_tag","embeddable":true,"href":"https:\/\/gpl-love.com\/fr\/wp-json\/wp\/v2\/product_tag?post=114055"}],"curies":[{"name":"wp","href":"https:\/\/api.w.org\/{rel}","templated":true}]}}