{"id":114051,"date":"2024-03-03T00:00:00","date_gmt":"2024-03-02T23:00:00","guid":{"rendered":"http:\/\/gpl-love.com\/fr\/produit\/the-qlean-cleaning-company-wordpress-theme\/"},"modified":"2026-04-10T18:42:21","modified_gmt":"2026-04-10T16:42:21","slug":"the-qlean-cleaning-company-wordpress-theme","status":"publish","type":"product","link":"https:\/\/gpl-love.com\/fr\/produit\/the-qlean-cleaning-company-wordpress-theme\/","title":{"rendered":"The Qlean Cleaning Company WordPress Theme 2.2.0"},"content":{"rendered":"<h3>The Qlean Cleaning Company WordPress Theme Traits<\/h3>\n<p>Le th\u00e8me WordPress de l&rsquo;entreprise de nettoyage Qlean, m\u00e9ticuleusement con\u00e7u pour les entreprises de nettoyage, poss\u00e8de un mod\u00e8le de site Web contemporain et sophistiqu\u00e9. Ce th\u00e8me de pointe pr\u00e9sente une conception esth\u00e9tique, associ\u00e9e \u00e0 une disposition rationalis\u00e9e qui garantit une navigation transparente. Une caract\u00e9ristique distinctive du th\u00e8me Qlean r\u00e9side dans sa personnalisation in\u00e9gal\u00e9e, offrant une abondance d&rsquo;options pour adapter la palette de couleurs, les polices et la structure globale pour s&rsquo;aligner parfaitement avec votre identit\u00e9 de marque. En outre, ce th\u00e8me exceptionnel comprend une gamme de mod\u00e8les pr\u00e9-con\u00e7us, d\u00e9di\u00e9s aux pages essentielles comme les services, \u00e0 propos de nous et des t\u00e9moignages. Capitalisant sur son optimisation m\u00e9ticuleuse pour les moteurs de recherche, le th\u00e8me WordPress de la soci\u00e9t\u00e9 de nettoyage Qlean pour \u00e9lever la visibilit\u00e9 de votre site Web dans les r\u00e9sultats de la recherche, le catapultant au summum de la pro\u00e9minence. Dans le royaume virtuel captivant favoris\u00e9 par ce th\u00e8me, mettez sans effort votre \u00e9ventail de services de nettoyage, captivez les clients potentiels et propulsez finalement votre entreprise \u00e0 de nouveaux sommets.<\/p>\n<ul>\n<li>Conception r\u00e9active qui s&rsquo;adapte \u00e0 n&rsquo;importe quelle taille d&rsquo;\u00e9cran pour une exp\u00e9rience utilisateur sans couture<\/li>\n<li>Look professionnel et moderne avec des sch\u00e9mas et polices personnalisables<\/li>\n<li>Builder de page facile \u00e0 utiliser avec fonctionnalit\u00e9 de glisser-d\u00e9poser pour cr\u00e9er des dispositions de site Web uniques<\/li>\n<li>Documentation compl\u00e8te et prise en charge pour une configuration et une maintenance faciles<\/li>\n<li>Syst\u00e8me de r\u00e9servation de rendez-vous int\u00e9gr\u00e9 pour la planification et la gestion des clients<\/li>\n<li>Int\u00e9gration avec des passerelles de paiement populaires pour un traitement de paiement en ligne transparent<\/li>\n<li>Int\u00e9gration des m\u00e9dias sociaux pour le partage et la promotion faciles de vos services de nettoyage<\/li>\n<li>Enti\u00e8rement compatible avec les plugins WordPress populaires, y compris WooCommerce et Formulaire de contact 7<\/li>\n<li>SEO optimis\u00e9 pour une meilleure visibilit\u00e9 et un classement des moteurs de recherche<\/li>\n<li>Traduction pr\u00eate pour les sites Web multilingues pour atteindre un public plus large.<\/li>\n<\/ul>\n","protected":false},"excerpt":{"rendered":"<p>Le th\u00e8me WordPress de la soci\u00e9t\u00e9 de nettoyage Qlean se pr\u00e9sente comme la solution id\u00e9ale pour les entreprises de nettoyage cherchant \u00e0 \u00e9tablir leur pr\u00e9sence dans le domaine en ligne. Avec son design \u00e9l\u00e9gant et contemporain, ce th\u00e8me offre une large gamme de fonctionnalit\u00e9s et d&rsquo;options personnalisables qui vous permettent de pr\u00e9senter efficacement les services de votre entreprise, les membres de l&rsquo;\u00e9quipe et les t\u00e9moignages de clients. De plus, sa disposition r\u00e9active garantit une exp\u00e9rience utilisateur transparente sur tous les appareils, facilitant ainsi les clients dans la r\u00e9servation de rendez-vous et vous contactez avec des demandes de renseignements. Notamment, le th\u00e8me WordPress de la soci\u00e9t\u00e9 de nettoyage Qlean est \u00e9quip\u00e9 de plugins pratiques, tels que Slider Revolution et Contact Form 7, qui servent \u00e0 am\u00e9liorer la fonctionnalit\u00e9 de votre site Web. En adoptant le th\u00e8me WordPress de la soci\u00e9t\u00e9 de nettoyage Qlean, vous avez la possibilit\u00e9 d&rsquo;\u00e9lever votre entreprise de nettoyage \u00e0 de nouveaux sommets.<\/p>\n","protected":false},"featured_media":145475,"comment_status":"open","ping_status":"open","template":"","meta":[],"product_brand":[2433],"product_cat":[1516,1212,1213],"product_tag":[1366],"class_list":{"0":"post-114051","1":"product","2":"type-product","3":"status-publish","4":"has-post-thumbnail","6":"product_brand-themeforest","7":"product_cat-entreprise","8":"product_cat-themes","9":"product_cat-wordpress-themes","10":"product_tag-themeforest","11":"member-discount","12":"discount-restricted","14":"first","15":"instock","16":"sale","17":"downloadable","18":"virtual","19":"sold-individually","20":"purchasable","21":"product-type-simple"},"_links":{"self":[{"href":"https:\/\/gpl-love.com\/fr\/wp-json\/wp\/v2\/product\/114051","targetHints":{"allow":["GET"]}}],"collection":[{"href":"https:\/\/gpl-love.com\/fr\/wp-json\/wp\/v2\/product"}],"about":[{"href":"https:\/\/gpl-love.com\/fr\/wp-json\/wp\/v2\/types\/product"}],"replies":[{"embeddable":true,"href":"https:\/\/gpl-love.com\/fr\/wp-json\/wp\/v2\/comments?post=114051"}],"wp:featuredmedia":[{"embeddable":true,"href":"https:\/\/gpl-love.com\/fr\/wp-json\/wp\/v2\/media\/145475"}],"wp:attachment":[{"href":"https:\/\/gpl-love.com\/fr\/wp-json\/wp\/v2\/media?parent=114051"}],"wp:term":[{"taxonomy":"product_brand","embeddable":true,"href":"https:\/\/gpl-love.com\/fr\/wp-json\/wp\/v2\/product_brand?post=114051"},{"taxonomy":"product_cat","embeddable":true,"href":"https:\/\/gpl-love.com\/fr\/wp-json\/wp\/v2\/product_cat?post=114051"},{"taxonomy":"product_tag","embeddable":true,"href":"https:\/\/gpl-love.com\/fr\/wp-json\/wp\/v2\/product_tag?post=114051"}],"curies":[{"name":"wp","href":"https:\/\/api.w.org\/{rel}","templated":true}]}}