{"id":114047,"date":"2025-10-23T00:00:00","date_gmt":"2025-10-22T22:00:00","guid":{"rendered":"http:\/\/gpl-love.com\/fr\/produit\/recibo-restaurant-wordpress\/"},"modified":"2026-03-20T23:33:27","modified_gmt":"2026-03-20T22:33:27","slug":"recibo-restaurant-wordpress","status":"publish","type":"product","link":"https:\/\/gpl-love.com\/fr\/produit\/recibo-restaurant-wordpress\/","title":{"rendered":"Recibo Restaurant WordPress 1.4.1"},"content":{"rendered":"<h3>Recibo Restaurant WordPress Traits<\/h3>\n<p>Le restaurant Redibo WordPress pr\u00e9sente une solution compl\u00e8te qui a \u00e9t\u00e9 sp\u00e9cifiquement adapt\u00e9e aux besoins des restaurants et des entreprises alimentaires qui s&rsquo;efforcent d&rsquo;\u00e9tablir une pr\u00e9sence en ligne professionnelle et fonctionnelle. Ce th\u00e8me WordPress remarquable poss\u00e8de une interface intuitive et conviviale, offrant une vaste gamme de fonctionnalit\u00e9s et d&rsquo;outils qui vous permettent de pr\u00e9senter sans effort votre menu, vos services et vos prix, ainsi que de promouvoir efficacement des promotions et des \u00e9v\u00e9nements sp\u00e9ciaux. La beaut\u00e9 de ce th\u00e8me r\u00e9side dans ses mod\u00e8les et dispositions personnalisables, qui vous donnent l&rsquo;opportunit\u00e9 de personnaliser l&rsquo;apparence et l&rsquo;atmosph\u00e8re de votre site Web, garantissant qu&rsquo;il s&rsquo;aligne parfaitement avec votre identit\u00e9 de marque. De plus, l&rsquo;inclusion de syst\u00e8mes de r\u00e9servation et de r\u00e9servation int\u00e9gr\u00e9s simplifie le processus pour les clients pour r\u00e9server des tables ou passer des commandes en ligne, am\u00e9liorant leur exp\u00e9rience globale. En exploitant le pouvoir de Redibo Restaurant WordPress, vous pouvez g\u00e9rer sans effort votre pr\u00e9sence en ligne et propulser la croissance de votre entreprise, que vous op\u00e9rez un caf\u00e9 confortable ou une vaste cha\u00eene de restaurants.<\/p>\n<ul>\n<li>Syst\u00e8me de gestion des restaurants \u00e0 service complet con\u00e7u pour les sites Web WordPress<\/li>\n<li>Comprend des fonctionnalit\u00e9s pour les r\u00e9servations de table, la commande en ligne, la gestion des menues et plus<\/li>\n<li>Interface conviviale avec des options de personnalisation pour l&rsquo;image de marque et la conception<\/li>\n<li>Peut s&rsquo;int\u00e9grer \u00e0 diverses passerelles de paiement et services tiers pour une exp\u00e9rience client transparente<\/li>\n<li>Des outils de rapports et d&rsquo;analyse robustes pour suivre les ventes, les stocks et le comportement du client<\/li>\n<li>S&rsquo;int\u00e8gre aux plugins et th\u00e8mes WordPress populaires pour d&rsquo;autres fonctionnalit\u00e9s et flexibilit\u00e9<\/li>\n<li>Conception r\u00e9active optimis\u00e9e pour les appareils mobiles pour un acc\u00e8s en d\u00e9placement<\/li>\n<li>Outils de gestion de la relation client (CRM) int\u00e9gr\u00e9s \u00e0 des fins de marketing et de communication<\/li>\n<li>Niveaux d&rsquo;acc\u00e8s multiples pour la gestion du personnel et les autorisations bas\u00e9es sur les r\u00f4les<\/li>\n<li>Support technique 24\/7 et mises \u00e0 jour logicielles r\u00e9guli\u00e8res pour la fiabilit\u00e9 et l&rsquo;am\u00e9lioration continues.<\/li>\n<\/ul>\n","protected":false},"excerpt":{"rendered":"<p>\u00cates-vous sur le march\u00e9 pour un th\u00e8me WordPress tr\u00e8s efficace et convivial sp\u00e9cialement adapt\u00e9 aux restaurants? Ne cherchez pas plus loin que l&rsquo;extraordinaire restaurant redibo wordpress! Ce th\u00e8me remarquablement intuitif comprend une gamme compl\u00e8te de fonctionnalit\u00e9s qui vous permettront de cr\u00e9er sans effort un site Web impressionnant pour votre restaurant estim\u00e9. De l&rsquo;int\u00e9gration de menus et des syst\u00e8mes de r\u00e9servation de mani\u00e8re transparente \u00e0 la cr\u00e9ation de galeries visuellement captivantes et \u00e0 l&rsquo;int\u00e9gration des avis des clients, Recibo ne laisse aucune pierre non retourn\u00e9e \u00e0 vous fournir tous les outils n\u00e9cessaires pour rendre votre pr\u00e9sence en ligne vraiment remarquable. En outre, avec une conception r\u00e9active et une int\u00e9gration de mani\u00e8re transparente avec des plateformes de restaurants populaires telles qu&rsquo;OpenTable et Yelp, Recibo simplifie le processus de pr\u00e9sentation de votre \u00e9tablissement et de s&rsquo;engager efficacement avec votre pr\u00e9cieux client\u00e8le. De plus, avec son engagement in\u00e9branlable \u00e0 un support rapide et fiable ainsi que des mises \u00e0 jour r\u00e9guli\u00e8res, vous pouvez avoir confiance en les connaissances que votre site Web fonctionnera perp\u00e9tuellement \u00e0 PEAK PERFORMANCE. Alors pourquoi tarder plus longtemps? Faites le pas et exp\u00e9rimentez le pouvoir transformateur du restaurant Redibo WordPress aujourd&rsquo;hui!<\/p>\n","protected":false},"featured_media":145094,"comment_status":"open","ping_status":"open","template":"","meta":[],"product_brand":[2433],"product_cat":[1606,1212,1213],"product_tag":[1366],"class_list":{"0":"post-114047","1":"product","2":"type-product","3":"status-publish","4":"has-post-thumbnail","6":"product_brand-themeforest","7":"product_cat-restauration-et-restaurant","8":"product_cat-themes","9":"product_cat-wordpress-themes","10":"product_tag-themeforest","11":"member-discount","12":"discount-restricted","14":"first","15":"instock","16":"sale","17":"downloadable","18":"virtual","19":"sold-individually","20":"purchasable","21":"product-type-simple"},"_links":{"self":[{"href":"https:\/\/gpl-love.com\/fr\/wp-json\/wp\/v2\/product\/114047","targetHints":{"allow":["GET"]}}],"collection":[{"href":"https:\/\/gpl-love.com\/fr\/wp-json\/wp\/v2\/product"}],"about":[{"href":"https:\/\/gpl-love.com\/fr\/wp-json\/wp\/v2\/types\/product"}],"replies":[{"embeddable":true,"href":"https:\/\/gpl-love.com\/fr\/wp-json\/wp\/v2\/comments?post=114047"}],"wp:featuredmedia":[{"embeddable":true,"href":"https:\/\/gpl-love.com\/fr\/wp-json\/wp\/v2\/media\/145094"}],"wp:attachment":[{"href":"https:\/\/gpl-love.com\/fr\/wp-json\/wp\/v2\/media?parent=114047"}],"wp:term":[{"taxonomy":"product_brand","embeddable":true,"href":"https:\/\/gpl-love.com\/fr\/wp-json\/wp\/v2\/product_brand?post=114047"},{"taxonomy":"product_cat","embeddable":true,"href":"https:\/\/gpl-love.com\/fr\/wp-json\/wp\/v2\/product_cat?post=114047"},{"taxonomy":"product_tag","embeddable":true,"href":"https:\/\/gpl-love.com\/fr\/wp-json\/wp\/v2\/product_tag?post=114047"}],"curies":[{"name":"wp","href":"https:\/\/api.w.org\/{rel}","templated":true}]}}