{"id":114045,"date":"2025-10-23T00:00:00","date_gmt":"2025-10-22T22:00:00","guid":{"rendered":"http:\/\/gpl-love.com\/fr\/produit\/mediso-corporate-one-page-blogging-wp-theme\/"},"modified":"2026-03-20T23:24:17","modified_gmt":"2026-03-20T22:24:17","slug":"mediso-corporate-one-page-blogging-wp-theme","status":"publish","type":"product","link":"https:\/\/gpl-love.com\/fr\/produit\/mediso-corporate-one-page-blogging-wp-theme\/","title":{"rendered":"Mediso Corporate One-Page Blogging WP Theme 1.4.2"},"content":{"rendered":"<h3>Mediso Corporate One-Page Blogging WP Theme Traits<\/h3>\n<p>The Mediso Corporate One-Page Blogging WP Theme is specifically tailored to cater to the needs and desires of bloggers who seek to establish an online presence that exudes professionalism, sophistication, and contemporary allure, all without the tedious and time-consuming task of meticulous designing et codage. Gr\u00e2ce \u00e0 son processus d&rsquo;installation sans effort et \u00e0 ses options de personnalisation transparente, ce th\u00e8me se r\u00e9v\u00e8le \u00eatre une excellente s\u00e9lection pour les n\u00e9ophytes et les blogueurs chevronn\u00e9s. Son ing\u00e9nieuse mise en page d&rsquo;une page garantit que les lecteurs peuvent naviguer sans effort dans l&rsquo;int\u00e9gralit\u00e9 de votre contenu, garantissant une exp\u00e9rience de navigation immersive et ininterrompue. De plus, le th\u00e8me poss\u00e8de une r\u00e9activit\u00e9 compl\u00e8te, la rendant visuellement captivante et parfaitement fonctionnelle sur un spectre d&rsquo;appareils, y compris, mais sans s&rsquo;y limiter, les ordinateurs de bureau, les ordinateurs portables, les tablettes et les smartphones. De plus, le th\u00e8me Mediso est m\u00e9ticuleusement affin\u00e9 pour apaiser les algorithmes de moteur de recherche, am\u00e9liorant efficacement la d\u00e9couverte de votre site Web pour captiver et engager des lecteurs potentiels. En somme, si vous \u00eates \u00e0 la recherche d&rsquo;un th\u00e8me de blogging esth\u00e9tiquement agr\u00e9able et centr\u00e9 sur l&rsquo;utilisateur qui pr\u00e9sentera efficacement votre contenu d&rsquo;une mani\u00e8re in\u00e9gal\u00e9e, le th\u00e8me WP de Blogging One Page Mediso est sans aucun doute un choix exemplaire.<\/p>\n<ul>\n<li>Design \u00e9l\u00e9gant et moderne, parfait pour les blogs d&rsquo;entreprise ou la marque personnelle<\/li>\n<li>Options de personnalisation faciles \u00e0 utiliser avec un constructeur de pages glisser-d\u00e9poser<\/li>\n<li>Plusieurs dispositions et styles \u00e0 choisir, y compris une page d&rsquo;accueil avec des articles en vedette et une page de blog bas\u00e9e sur une grille<\/li>\n<li>Conception enti\u00e8rement r\u00e9active, garantir que votre site Web a fi\u00e8re allure sur n&rsquo;importe quel appareil<\/li>\n<li>Panneau d&rsquo;options de th\u00e8me avanc\u00e9 pour une personnalisation facile des couleurs, des polices et d&rsquo;autres \u00e9l\u00e9ments de conception<\/li>\n<li>Compatible avec les plugins WordPress populaires tels que Jetpack, Yoast SEO et le formulaire de contact 7<\/li>\n<li>Codage et balisage de sch\u00e9ma convivial pour une visibilit\u00e9 am\u00e9lior\u00e9e du moteur de recherche<\/li>\n<li>Vitesses de chargement rapide et optimis\u00e9es pour les performances, am\u00e9liorant l&rsquo;exp\u00e9rience utilisateur et le classement des moteurs de recherche<\/li>\n<li>Documentation compl\u00e8te et support d\u00e9di\u00e9 pour assurer une configuration en douceur et une utilisation continue du th\u00e8me<\/li>\n<\/ul>\n","protected":false},"excerpt":{"rendered":"<p>Con\u00e7u sp\u00e9cifiquement pour les entreprises et les blogueurs, le th\u00e8me WP de Mediso Corporate One Page comprend un design sophistiqu\u00e9 et raffin\u00e9. Son mod\u00e8le \u00e9l\u00e9gant et professionnel pr\u00e9sente une disposition propre et moderne, offrant finalement une exp\u00e9rience utilisateur transparente et sans effort qui met efficacement votre contenu et encourage un engagement actif avec votre public. Ce th\u00e8me propose une multitude de sections personnalisables, telles que des articles de blog, des t\u00e9moignages et des membres de l&rsquo;\u00e9quipe, en veillant \u00e0 ce qu&rsquo;il puisse \u00eatre adapt\u00e9 pour s&rsquo;aligner parfaitement avec vos exigences uniques. Que vous vous lanciez dans une nouvelle entreprise de blogs ou que vous cherchiez \u00e0 r\u00e9organiser votre site Web existant, le th\u00e8me WP de blogging MEDISO d&rsquo;entreprise est un choix exceptionnel pour \u00e9tablir une pr\u00e9sence en ligne polie et professionnelle.<\/p>\n","protected":false},"featured_media":144492,"comment_status":"open","ping_status":"open","template":"","meta":[],"product_brand":[2433],"product_cat":[1220,1212,1213],"product_tag":[1366],"class_list":{"0":"post-114045","1":"product","2":"type-product","3":"status-publish","4":"has-post-thumbnail","6":"product_brand-themeforest","7":"product_cat-blog-magazine","8":"product_cat-themes","9":"product_cat-wordpress-themes","10":"product_tag-themeforest","11":"member-discount","12":"discount-restricted","14":"first","15":"instock","16":"sale","17":"downloadable","18":"virtual","19":"sold-individually","20":"purchasable","21":"product-type-simple"},"_links":{"self":[{"href":"https:\/\/gpl-love.com\/fr\/wp-json\/wp\/v2\/product\/114045","targetHints":{"allow":["GET"]}}],"collection":[{"href":"https:\/\/gpl-love.com\/fr\/wp-json\/wp\/v2\/product"}],"about":[{"href":"https:\/\/gpl-love.com\/fr\/wp-json\/wp\/v2\/types\/product"}],"replies":[{"embeddable":true,"href":"https:\/\/gpl-love.com\/fr\/wp-json\/wp\/v2\/comments?post=114045"}],"wp:featuredmedia":[{"embeddable":true,"href":"https:\/\/gpl-love.com\/fr\/wp-json\/wp\/v2\/media\/144492"}],"wp:attachment":[{"href":"https:\/\/gpl-love.com\/fr\/wp-json\/wp\/v2\/media?parent=114045"}],"wp:term":[{"taxonomy":"product_brand","embeddable":true,"href":"https:\/\/gpl-love.com\/fr\/wp-json\/wp\/v2\/product_brand?post=114045"},{"taxonomy":"product_cat","embeddable":true,"href":"https:\/\/gpl-love.com\/fr\/wp-json\/wp\/v2\/product_cat?post=114045"},{"taxonomy":"product_tag","embeddable":true,"href":"https:\/\/gpl-love.com\/fr\/wp-json\/wp\/v2\/product_tag?post=114045"}],"curies":[{"name":"wp","href":"https:\/\/api.w.org\/{rel}","templated":true}]}}