{"id":114041,"date":"2021-04-16T00:00:00","date_gmt":"2021-04-15T22:00:00","guid":{"rendered":"http:\/\/gpl-love.com\/fr\/produit\/denso-advanced-electronics-store-woocommerce-wordpress-theme\/"},"modified":"2026-03-20T23:00:33","modified_gmt":"2026-03-20T22:00:33","slug":"denso-advanced-electronics-store-woocommerce-wordpress-theme","status":"publish","type":"product","link":"https:\/\/gpl-love.com\/fr\/produit\/denso-advanced-electronics-store-woocommerce-wordpress-theme\/","title":{"rendered":"Denso Advanced Electronics Store Woocommerce WordPress Theme 2.30"},"content":{"rendered":"<h3>Denso Advanced Electronics Store Woocommerce WordPress Theme Traits<\/h3>\n<p>Le th\u00e8me WooCommerce de Denso Advanced Electronics WooCommerce est un exemple de qualit\u00e9 sup\u00e9rieure, offrant un design contemporain et sophistiqu\u00e9 qui r\u00e9pond sp\u00e9cialement aux exigences des magasins en ligne dans le secteur de l&rsquo;\u00e9lectronique. Ce th\u00e8me exceptionnel est \u00e9quip\u00e9 d&rsquo;une pl\u00e9thore d&rsquo;attributs riches en fonctionnalit\u00e9s et d&rsquo;options personnalisables, facilitant la construction sans effort d&rsquo;un magasin \u00e9lectronique visuellement captivant et hautement fonctionnel. Avec sa conception adaptative, votre magasin d\u00e9gagera une apparence esth\u00e9tique sur n&rsquo;importe quel appareil, tandis que son interface conviviale assure une navigation transparente et des achats pratiques pour les clients. De plus, le th\u00e8me WooCommerce WOOCOMMERCE WORDPRESS propose une vaste gamme de widgets, de codes de short et de capacit\u00e9s de personnalisation, permettant la cr\u00e9ation d&rsquo;un magasin vraiment distinctif et personnalis\u00e9 qui se distingue sans effort des concurrents. Que vous poss\u00e9diez une comp\u00e9tence au niveau d\u00e9butant ou une expertise avanc\u00e9e dans le d\u00e9veloppement, ce th\u00e8me sert de solution par excellence pour \u00e9tablir un formidable magasin d&rsquo;\u00e9lectronique en ligne qui allaturera et conservera ind\u00e9niablement une client\u00e8le fid\u00e8le.<\/p>\n<ul>\n<li>Design moderne et visuellement attrayant<\/li>\n<li>Filtre de produit int\u00e9gr\u00e9 et fonctionnalit\u00e9 de recherche<\/li>\n<li>Compatible avec les passerelles de paiement populaires<\/li>\n<li>Facile \u00e0 personnaliser et \u00e0 installer<\/li>\n<li>Optimis\u00e9 pour le r\u00e9f\u00e9rencement et les vitesses de chargement rapide<\/li>\n<li>Mobile r\u00e9actif pour une exp\u00e9rience d&rsquo;achat sans couture sur tous les appareils<\/li>\n<li>Plusieurs options de disposition et sch\u00e9mas de couleurs<\/li>\n<li>Int\u00e9gration avec les plateformes de m\u00e9dias sociaux populaires<\/li>\n<li>Documentation d\u00e9taill\u00e9e et support client exceptionnel<\/li>\n<li>Parfait pour les magasins \u00e9lectroniques et autres entreprises de commerce \u00e9lectronique.<\/li>\n<\/ul>\n","protected":false},"excerpt":{"rendered":"<p>D\u00e9couvrez la puissance et la polyvalence du th\u00e8me WOOCommerce WordPress de Denso Advanced Electronics Store. Con\u00e7u avec les besoins des magasins d&rsquo;\u00e9lectronique moderne \u00e0 l&rsquo;esprit, ce th\u00e8me \u00e9l\u00e9gant et fonctionnel est rempli de fonctionnalit\u00e9s avanc\u00e9es et d&rsquo;options personnalisables. Profitez de l&rsquo;int\u00e9gration WooCommerce, en faisant la vente en ligne un jeu d&rsquo;enfant. La plate-forme WordPress garantit une gestion et une navigation faciles, vous permettant de pr\u00e9senter votre \u00e9lectronique de mani\u00e8re attrayante et conviviale. Le th\u00e8me Denso n&rsquo;est pas seulement esth\u00e9tique, mais il est \u00e9galement tr\u00e8s fonctionnel, offrant des fonctionnalit\u00e9s avanc\u00e9es qui font des achats en ligne une exp\u00e9rience agr\u00e9able pour vos clients. Obtenez le th\u00e8me WOOCommerce WordPress de Denso Advanced Electronics Store WOOCOMMERCE et \u00e9levez votre magasin d&rsquo;\u00e9lectronique en ligne \u00e0 de nouveaux sommets.<\/p>\n","protected":false},"featured_media":143520,"comment_status":"open","ping_status":"open","template":"","meta":[],"product_brand":[2433],"product_cat":[1238,1851,1212],"product_tag":[1366],"class_list":{"0":"post-114041","1":"product","2":"type-product","3":"status-publish","4":"has-post-thumbnail","6":"product_brand-themeforest","7":"product_cat-commerce-electronique-themes","8":"product_cat-entreprise-commerce-electronique-themes","9":"product_cat-themes","10":"product_tag-themeforest","11":"member-discount","12":"discount-restricted","14":"first","15":"instock","16":"sale","17":"downloadable","18":"virtual","19":"sold-individually","20":"purchasable","21":"product-type-simple"},"_links":{"self":[{"href":"https:\/\/gpl-love.com\/fr\/wp-json\/wp\/v2\/product\/114041","targetHints":{"allow":["GET"]}}],"collection":[{"href":"https:\/\/gpl-love.com\/fr\/wp-json\/wp\/v2\/product"}],"about":[{"href":"https:\/\/gpl-love.com\/fr\/wp-json\/wp\/v2\/types\/product"}],"replies":[{"embeddable":true,"href":"https:\/\/gpl-love.com\/fr\/wp-json\/wp\/v2\/comments?post=114041"}],"wp:featuredmedia":[{"embeddable":true,"href":"https:\/\/gpl-love.com\/fr\/wp-json\/wp\/v2\/media\/143520"}],"wp:attachment":[{"href":"https:\/\/gpl-love.com\/fr\/wp-json\/wp\/v2\/media?parent=114041"}],"wp:term":[{"taxonomy":"product_brand","embeddable":true,"href":"https:\/\/gpl-love.com\/fr\/wp-json\/wp\/v2\/product_brand?post=114041"},{"taxonomy":"product_cat","embeddable":true,"href":"https:\/\/gpl-love.com\/fr\/wp-json\/wp\/v2\/product_cat?post=114041"},{"taxonomy":"product_tag","embeddable":true,"href":"https:\/\/gpl-love.com\/fr\/wp-json\/wp\/v2\/product_tag?post=114041"}],"curies":[{"name":"wp","href":"https:\/\/api.w.org\/{rel}","templated":true}]}}