{"id":114039,"date":"2021-02-09T00:00:00","date_gmt":"2021-02-08T23:00:00","guid":{"rendered":"http:\/\/gpl-love.com\/fr\/produit\/codz-software-et-it-services-theme\/"},"modified":"2026-03-20T22:58:44","modified_gmt":"2026-03-20T21:58:44","slug":"codz-software-et-it-services-theme","status":"publish","type":"product","link":"https:\/\/gpl-love.com\/fr\/produit\/codz-software-et-it-services-theme\/","title":{"rendered":"Codz Software et IT Services Theme 3.3"},"content":{"rendered":"<h3>Codz Software et IT Services Theme Traits<\/h3>\n<p>Le th\u00e8me du logiciel CODZ et des services informatiques offre une solution compl\u00e8te et globale qui r\u00e9pond \u00e0 chaque besoin de vous, ce qui en fait un v\u00e9ritable guichet unique. B\u00e9n\u00e9ficiant d&rsquo;une interface \u00e9l\u00e9gamment con\u00e7ue et polie, ce th\u00e8me est l&rsquo;incarnation du professionnalisme et est parfaitement adapt\u00e9 \u00e0 toute entreprise qui cherche \u00e0 \u00e9tablir une pr\u00e9sence en ligne formidable et dominante. Il poss\u00e8de un vaste \u00e9ventail de fonctionnalit\u00e9s, telles que des menus hautement personnalisables, une conception r\u00e9active de pointe qui s&rsquo;adapte de mani\u00e8re transparente \u00e0 diverses tailles d&rsquo;\u00e9cran, et une fonction de recherche extr\u00eamement puissante qui garantit que vous \u00eates capable de localiser sans effort ce dont vous avez besoin. Que vous soyez le propri\u00e9taire d&rsquo;une entreprise \u00e0 petite \u00e9chelle ou d&rsquo;une entit\u00e9 d&rsquo;entreprise Titanic, le th\u00e8me CODZ est garanti pour vous doter des outils n\u00e9cessaires pour rationaliser et optimiser vos op\u00e9rations informatiques, vous permettant de d\u00e9passer facilement vos concurrents. Avec son logiciel robuste et r\u00e9silient ainsi que son expertise dans le domaine des services informatiques, ce th\u00e8me est sur le point d&rsquo;\u00e9lever votre entreprise \u00e0 des sommets sans pr\u00e9c\u00e9dent et de le propulser dans un domaine de succ\u00e8s in\u00e9gal\u00e9.<\/p>\n<ul>\n<li>Une conception de th\u00e8me professionnel et moderne pour les sites Web de services logiciels et de services informatiques<\/li>\n<li>Disposition polyvalente qui peut \u00eatre facilement personnalis\u00e9e en fonction de vos pr\u00e9f\u00e9rences de marque<\/li>\n<li>Conception enti\u00e8rement r\u00e9active pour vous assurer que votre site Web a fi\u00e8re allure sur tous les appareils<\/li>\n<li>Mod\u00e8les de plusieurs pages, y compris les services, sur nous, le portefeuille et les pages de contact<\/li>\n<li>Int\u00e9gration int\u00e9gr\u00e9e des m\u00e9dias sociaux pour le partage et la promotion faciles du contenu<\/li>\n<li>Optimisation des moteurs de recherche (SEO) convivial<\/li>\n<li>Compatible avec les plugins WordPress populaires<\/li>\n<li>Tableau de tableau de bord facile \u00e0 utiliser avec des options de personnalisation en direct<\/li>\n<li>Mises \u00e0 jour \u00e0 vie et support du logiciel CODZ pour assurer la stabilit\u00e9 et les fonctionnalit\u00e9s.<\/li>\n<\/ul>\n","protected":false},"excerpt":{"rendered":"<p>Immergez-vous dans le monde de la technologie avec les logiciels CODZ et le th\u00e8me des services informatiques. Issue pour les individus et les entreprises avertis en technologie, cette solution logicielle compl\u00e8te offre un large \u00e9ventail de services informatiques. De la conception du site Web \u00e0 l&rsquo;analyse des donn\u00e9es, CODZ est votre partenaire de confiance dans la navigation dans le paysage num\u00e9rique.<\/p>\n<p>Notre th\u00e8me est enti\u00e8rement r\u00e9actif et compatible avec plusieurs appareils, offrant une exp\u00e9rience utilisateur transparente, que vous soyez sur un bureau ou un appareil mobile. Il regorge de fonctionnalit\u00e9s personnalisables, vous permettant d&rsquo;adapter votre environnement num\u00e9rique \u00e0 vos besoins sp\u00e9cifiques.<\/p>\n<p>CODZ comprend \u00e9galement une fonctionnalit\u00e9 d&rsquo;optimisation SEO int\u00e9gr\u00e9e, garantissant que votre site Web se classe au niveau des r\u00e9sultats des moteurs de recherche et atteint un public plus large. De plus, avec nos mesures de s\u00e9curit\u00e9 avanc\u00e9es, vos donn\u00e9es sont toujours prot\u00e9g\u00e9es.<\/p>\n<p>Mais ce n&rsquo;est pas tout \u00e0 propos des fonctionnalit\u00e9s. Le th\u00e8me CODZ propose \u00e9galement un design visuellement attrayant, avec une esth\u00e9tique moderne et une interface intuitive facile \u00e0 naviguer. Il est con\u00e7u pour maintenir les utilisateurs engag\u00e9s, augmentant la probabilit\u00e9 de conversion et augmentant votre pr\u00e9sence en ligne.<\/p>\n<p>En outre,<\/p>\n","protected":false},"featured_media":143402,"comment_status":"open","ping_status":"open","template":"","meta":[],"product_brand":[2433],"product_cat":[1516,1212,1213],"product_tag":[1366],"class_list":{"0":"post-114039","1":"product","2":"type-product","3":"status-publish","4":"has-post-thumbnail","6":"product_brand-themeforest","7":"product_cat-entreprise","8":"product_cat-themes","9":"product_cat-wordpress-themes","10":"product_tag-themeforest","11":"member-discount","12":"discount-restricted","14":"first","15":"instock","16":"sale","17":"downloadable","18":"virtual","19":"sold-individually","20":"purchasable","21":"product-type-simple"},"_links":{"self":[{"href":"https:\/\/gpl-love.com\/fr\/wp-json\/wp\/v2\/product\/114039","targetHints":{"allow":["GET"]}}],"collection":[{"href":"https:\/\/gpl-love.com\/fr\/wp-json\/wp\/v2\/product"}],"about":[{"href":"https:\/\/gpl-love.com\/fr\/wp-json\/wp\/v2\/types\/product"}],"replies":[{"embeddable":true,"href":"https:\/\/gpl-love.com\/fr\/wp-json\/wp\/v2\/comments?post=114039"}],"wp:featuredmedia":[{"embeddable":true,"href":"https:\/\/gpl-love.com\/fr\/wp-json\/wp\/v2\/media\/143402"}],"wp:attachment":[{"href":"https:\/\/gpl-love.com\/fr\/wp-json\/wp\/v2\/media?parent=114039"}],"wp:term":[{"taxonomy":"product_brand","embeddable":true,"href":"https:\/\/gpl-love.com\/fr\/wp-json\/wp\/v2\/product_brand?post=114039"},{"taxonomy":"product_cat","embeddable":true,"href":"https:\/\/gpl-love.com\/fr\/wp-json\/wp\/v2\/product_cat?post=114039"},{"taxonomy":"product_tag","embeddable":true,"href":"https:\/\/gpl-love.com\/fr\/wp-json\/wp\/v2\/product_tag?post=114039"}],"curies":[{"name":"wp","href":"https:\/\/api.w.org\/{rel}","templated":true}]}}