{"id":114037,"date":"2021-04-16T00:00:00","date_gmt":"2021-04-15T22:00:00","guid":{"rendered":"http:\/\/gpl-love.com\/fr\/produit\/a-studio-interior-design-et-architecture-wordpress-theme\/"},"modified":"2026-03-20T22:52:46","modified_gmt":"2026-03-20T21:52:46","slug":"a-studio-interior-design-et-architecture-wordpress-theme","status":"publish","type":"product","link":"https:\/\/gpl-love.com\/fr\/produit\/a-studio-interior-design-et-architecture-wordpress-theme\/","title":{"rendered":"A Studio Interior Design et Architecture WordPress Theme 1.2.2"},"content":{"rendered":"<h3>A Studio Interior Design et Architecture WordPress Theme Traits<\/h3>\n<p>\u00cates-vous \u00e0 la recherche d&rsquo;un th\u00e8me WordPress qui respire l&rsquo;\u00e9l\u00e9gance et le professionnalisme pour votre studio de design d&rsquo;int\u00e9rieur ou d&rsquo;architecture? Ne cherchez pas plus loin que le design d&rsquo;int\u00e9rieur et le th\u00e8me WordPress architecture remarquable. Ce th\u00e8me exquis et visuellement captivant a \u00e9t\u00e9 exclusivement adapt\u00e9 pour r\u00e9pondre aux besoins des concepteurs et architectes professionnels. Il poss\u00e8de une pl\u00e9thore de fonctionnalit\u00e9s et d&rsquo;options de personnalisation qui sont tout simplement sans pr\u00e9c\u00e9dent, ce qui en fait le choix id\u00e9al pour pr\u00e9senter votre travail exceptionnel et captiver les clients potentiels. Avec une disposition qui s&rsquo;adapte de mani\u00e8re transparente \u00e0 n&rsquo;importe quelle taille d&rsquo;\u00e9cran, un \u00e9ventail d&rsquo;options de th\u00e8me puissantes \u00e0 port\u00e9e de main et une vaste collection de mod\u00e8les et de widgets pr\u00e9-con\u00e7us, ce th\u00e8me d\u00e9passe toutes les attentes. C&rsquo;est sans aucun doute la solution parfaite pour les personnes qui aspirent \u00e0 cr\u00e9er un site Web impressionnant pour leur entreprise de conception ou d&rsquo;architecture estim\u00e9e. Que vous poss\u00e9diez une expertise assaisonn\u00e9e dans le domaine ou que vous vous lanciez simplement dans votre voyage professionnel, le th\u00e8me WordPress de la design d&rsquo;int\u00e9rieur et de l&rsquo;architecture du studio poss\u00e8de tous les outils essentiels n\u00e9cessaires pour \u00e9laborer un site Web visuellement \u00e9tonnant et hautement fonctionnel. Cette plate-forme impeccable facilitera sans aucun doute la croissance de votre entreprise et fournira un moyen pour pr\u00e9senter vos talents exceptionnels au monde.<\/p>\n<ul>\n<li>TH\u00c8ME DE CONCEPTION INT\u00c9RIEUR DE SUDIO D\u00c9POSITIQUE PROFESSIONNEL<\/li>\n<li>Disposition enti\u00e8rement personnalisable avec un constructeur de pages glisser-d\u00e9poser<\/li>\n<li>Divers mod\u00e8les pr\u00e9d\u00e9finis pour une configuration de site Web facile<\/li>\n<li>Panneau d&rsquo;options de th\u00e8me avanc\u00e9 pour la personnalisation ultime<\/li>\n<li>Conception r\u00e9active qui s&rsquo;adapte \u00e0 tous les appareils<\/li>\n<li>Int\u00e9gr\u00e9 \u00e0 WooCommerce pour une fonctionnalit\u00e9 facile du commerce \u00e9lectronique<\/li>\n<li>Documentation et support approfondies pour une configuration et une maintenance faciles<\/li>\n<li>SEO optimis\u00e9 pour un meilleur classement des moteurs de recherche<\/li>\n<li>Images et graphiques haute r\u00e9solution pour un site Web visuellement magnifique<\/li>\n<li>CROSS-BROWSER COMPATIBLE pour une port\u00e9e maximale<\/li>\n<li>Construit avec du code propre et optimis\u00e9 pour une vitesse maximale du site<\/li>\n<li>Mises \u00e0 jour r\u00e9guli\u00e8res pour assurer une compatibilit\u00e9 maximale avec WordPress et d&rsquo;autres plugins.<\/li>\n<\/ul>\n","protected":false},"excerpt":{"rendered":"<p>Le th\u00e8me WordPress d&rsquo;entr\u00e9e est une excellente s\u00e9lection pour ceux de l&rsquo;industrie du design d&rsquo;int\u00e9rieur et de l&rsquo;architecture qui recherchent des th\u00e8mes WordPress \u00e9l\u00e9gants pour les architectes et des th\u00e8mes WordPress \u00e9l\u00e9gants pour les designers d&rsquo;int\u00e9rieur. Le th\u00e8me WordPress de design contemporain permet aux professionnels d&rsquo;afficher leur travail de mani\u00e8re moderne et attrayante.<\/p>\n<p>Ses th\u00e8mes de conception minimaliste WordPress englobent une gamme de th\u00e8mes WordPress personnalisables pour les professionnels. Des th\u00e8mes WordPress de mise en page de galerie aux th\u00e8mes de palette de couleurs uniques et des th\u00e8mes WordPress de l&rsquo;option de police, il offre une pl\u00e9thore de personnalisations. Cela vous permet de cr\u00e9er une pr\u00e9sence en ligne unique avec WordPress qui refl\u00e8te vraiment votre marque.<\/p>\n<p>Le th\u00e8me d&rsquo;entr\u00e9e est d\u00e9velopp\u00e9 en tenant compte de l&rsquo;exp\u00e9rience utilisateur, ce qui en fait un th\u00e8me WordPress convivial. Sa conception r\u00e9active garantit que votre site Web maintient son attrait visuel sur tous les appareils, ce qui en fait un th\u00e8me WordPress r\u00e9actif pour les architectes.<\/p>\n<p>Que vous l&rsquo;utilisiez pour le portefeuille pr\u00e9sentant des th\u00e8mes WordPress, la promotion des th\u00e8mes WordPress ou la conception partageant des th\u00e8mes WordPress, le th\u00e8me WordPress d&rsquo;entr\u00e9e fournit une plate-forme raffin\u00e9e et sophistiqu\u00e9e WordPress th\u00e8mes. Vous et vos clients, vous adorerez cette marque r\u00e9fl\u00e9chie<\/p>\n","protected":false},"featured_media":143006,"comment_status":"open","ping_status":"open","template":"","meta":[],"product_brand":[2433],"product_cat":[1242,1212,1213],"product_tag":[1366],"class_list":{"0":"post-114037","1":"product","2":"type-product","3":"status-publish","4":"has-post-thumbnail","6":"product_brand-themeforest","7":"product_cat-creatif","8":"product_cat-themes","9":"product_cat-wordpress-themes","10":"product_tag-themeforest","11":"member-discount","12":"discount-restricted","14":"first","15":"instock","16":"sale","17":"downloadable","18":"virtual","19":"sold-individually","20":"purchasable","21":"product-type-simple"},"_links":{"self":[{"href":"https:\/\/gpl-love.com\/fr\/wp-json\/wp\/v2\/product\/114037","targetHints":{"allow":["GET"]}}],"collection":[{"href":"https:\/\/gpl-love.com\/fr\/wp-json\/wp\/v2\/product"}],"about":[{"href":"https:\/\/gpl-love.com\/fr\/wp-json\/wp\/v2\/types\/product"}],"replies":[{"embeddable":true,"href":"https:\/\/gpl-love.com\/fr\/wp-json\/wp\/v2\/comments?post=114037"}],"wp:featuredmedia":[{"embeddable":true,"href":"https:\/\/gpl-love.com\/fr\/wp-json\/wp\/v2\/media\/143006"}],"wp:attachment":[{"href":"https:\/\/gpl-love.com\/fr\/wp-json\/wp\/v2\/media?parent=114037"}],"wp:term":[{"taxonomy":"product_brand","embeddable":true,"href":"https:\/\/gpl-love.com\/fr\/wp-json\/wp\/v2\/product_brand?post=114037"},{"taxonomy":"product_cat","embeddable":true,"href":"https:\/\/gpl-love.com\/fr\/wp-json\/wp\/v2\/product_cat?post=114037"},{"taxonomy":"product_tag","embeddable":true,"href":"https:\/\/gpl-love.com\/fr\/wp-json\/wp\/v2\/product_tag?post=114037"}],"curies":[{"name":"wp","href":"https:\/\/api.w.org\/{rel}","templated":true}]}}