{"id":114035,"date":"2025-10-28T00:00:00","date_gmt":"2025-10-27T23:00:00","guid":{"rendered":"http:\/\/gpl-love.com\/fr\/produit\/findgo-directory-et-listing-wordpress-theme\/"},"modified":"2026-03-20T23:05:53","modified_gmt":"2026-03-20T22:05:53","slug":"findgo-directory-et-listing-wordpress-theme","status":"publish","type":"product","link":"https:\/\/gpl-love.com\/fr\/produit\/findgo-directory-et-listing-wordpress-theme\/","title":{"rendered":"Findgo Directory et Listing WordPress Theme 1.3.62"},"content":{"rendered":"<h3>Findgo Directory et Listing WordPress Theme Traits<\/h3>\n<p>Findgo Directory et Listing WordPress Le th\u00e8me est un th\u00e8me WordPress extr\u00eamement fonctionnel et polyvalent qui a \u00e9t\u00e9 explicitement con\u00e7u aux fins des sites Web de r\u00e9pertoire et de liste. Avec sa vaste gamme de fonctionnalit\u00e9s avanc\u00e9es et sa conception incroyablement flexible, ce th\u00e8me permet aux utilisateurs de g\u00e9n\u00e9rer et de superviser sans effort un assortiment diversifi\u00e9 d&rsquo;annuaires, englobant un large \u00e9ventail d&rsquo;entreprises, d&rsquo;attractions touristiques, d&rsquo;\u00e9v\u00e9nements et bien plus encore. Le th\u00e8me offre \u00e9galement aux utilisateurs des capacit\u00e9s de recherche et de filtrage formidables, facilitant ainsi l&rsquo;acquisition transparente des informations souhait\u00e9es de mani\u00e8re rapide et efficace. De plus, Findgo poss\u00e8de un degr\u00e9 de personnalisation exceptionnel, car il fournit aux utilisateurs un assortiment d&rsquo;options de mise en page et d&rsquo;outils de personnalisation qui permettent la cr\u00e9ation d&rsquo;un site Web vraiment unique et visuellement captivant qui s&rsquo;aligne impeccablement avec leurs exigences individuelles. Que les aspirations d&rsquo;un individu tournent autour de la cr\u00e9ation d&rsquo;un site Web d&rsquo;annuaire global ou d&rsquo;un site d&rsquo;inscription sp\u00e9cifique \u00e0 un niche, le r\u00e9pertoire Findgo et le th\u00e8me WordPress inscrit sont sans \u00e9quivoque comme le choix d\u00e9finitif et optimal.<\/p>\n<ul>\n<li>R\u00e9pertoire hautement personnalisable et th\u00e8me WordPress Listing<\/li>\n<li>Compatible avec la derni\u00e8re version WordPress<\/li>\n<li>Prend en charge les cat\u00e9gories et emplacements illimit\u00e9s pour les listes<\/li>\n<li>Builder de page de glisser-d\u00e9poser facile \u00e0 utiliser<\/li>\n<li>Conception r\u00e9active mobile pour une visualisation optimale sur n&rsquo;importe quel appareil<\/li>\n<li>Int\u00e9gr\u00e9 \u00e0 Google Maps pour les recherches bas\u00e9es sur la localisation<\/li>\n<li>Offre des options de tarification flexibles pour les listes en vedette<\/li>\n<li>Comprend une fonctionnalit\u00e9 de recherche puissante pour les utilisateurs pour trouver des listes sp\u00e9cifiques<\/li>\n<li>Prise en charge multicangue \u00e0 usage global<\/li>\n<li>Fournit plusieurs options de passerelle de paiement pour les listes payantes<\/li>\n<li>Livr\u00e9 avec plusieurs styles et d\u00e9mos pr\u00e9-con\u00e7us pour une configuration rapide<\/li>\n<li>Offre un excellent support client et documentation.<\/li>\n<\/ul>\n","protected":false},"excerpt":{"rendered":"<p>Pr\u00e9sentation de l&rsquo;impressionnant r\u00e9pertoire Findgo et listing wordpress th\u00e8me, qui pr\u00e9sente la solution ultime pour satisfaire tous vos besoins de r\u00e9pertoire et de site Web. Ce th\u00e8me exceptionnel englobe un design contemporain et \u00e9l\u00e9gant, offrant ainsi une exp\u00e9rience utilisateur transparente pour les propri\u00e9taires de sites Web et les visiteurs. Notamment, il poss\u00e8de une gamme d&rsquo;options de personnalisation qui ne visent pas \u00e0 impressionner, y compris une pl\u00e9thore de dispositions d&rsquo;en-t\u00eate et de pied de page multiples, une abondance de sch\u00e9mas de couleurs frappants et un \u00e9ventail diversifi\u00e9 de widgets qui vous permettent de pr\u00e9senter efficacement les listes, les articles de blog et un assortiment d&rsquo;autres types de contenu. De plus, il est important de noter que Findgo est non seulement enti\u00e8rement r\u00e9actif mais aussi m\u00e9ticuleusement optimis\u00e9 pour les moteurs de recherche, garantissant ainsi que votre site Web acquiert un large public. Avec Findgo \u00e0 votre disposition, cr\u00e9ant et g\u00e9rant sans effort les r\u00e9pertoires adapt\u00e9s \u00e0 un \u00e9ventail diversifi\u00e9 de niches &#8211; englobant mais sans s&rsquo;y limiter aux restaurants, aux h\u00f4tels, \u00e0 l&rsquo;immobilier et bien plus encore &#8211; devient une r\u00e9alit\u00e9 r\u00e9alisable. Lib\u00e9rez le potentiel de votre r\u00e9pertoire ou de votre site Web d&rsquo;inscription en acqu\u00e9rant le prestigieux r\u00e9pertoire Findgo et en r\u00e9pertoriant le th\u00e8me WordPress et en le propulsant \u00e0 des hauteurs insondables.<\/p>\n","protected":false},"featured_media":143870,"comment_status":"open","ping_status":"open","template":"","meta":[],"product_brand":[2433],"product_cat":[1242,1212,1213],"product_tag":[1366],"class_list":{"0":"post-114035","1":"product","2":"type-product","3":"status-publish","4":"has-post-thumbnail","6":"product_brand-themeforest","7":"product_cat-creatif","8":"product_cat-themes","9":"product_cat-wordpress-themes","10":"product_tag-themeforest","11":"member-discount","12":"discount-restricted","14":"first","15":"instock","16":"sale","17":"downloadable","18":"virtual","19":"sold-individually","20":"purchasable","21":"product-type-simple"},"_links":{"self":[{"href":"https:\/\/gpl-love.com\/fr\/wp-json\/wp\/v2\/product\/114035","targetHints":{"allow":["GET"]}}],"collection":[{"href":"https:\/\/gpl-love.com\/fr\/wp-json\/wp\/v2\/product"}],"about":[{"href":"https:\/\/gpl-love.com\/fr\/wp-json\/wp\/v2\/types\/product"}],"replies":[{"embeddable":true,"href":"https:\/\/gpl-love.com\/fr\/wp-json\/wp\/v2\/comments?post=114035"}],"wp:featuredmedia":[{"embeddable":true,"href":"https:\/\/gpl-love.com\/fr\/wp-json\/wp\/v2\/media\/143870"}],"wp:attachment":[{"href":"https:\/\/gpl-love.com\/fr\/wp-json\/wp\/v2\/media?parent=114035"}],"wp:term":[{"taxonomy":"product_brand","embeddable":true,"href":"https:\/\/gpl-love.com\/fr\/wp-json\/wp\/v2\/product_brand?post=114035"},{"taxonomy":"product_cat","embeddable":true,"href":"https:\/\/gpl-love.com\/fr\/wp-json\/wp\/v2\/product_cat?post=114035"},{"taxonomy":"product_tag","embeddable":true,"href":"https:\/\/gpl-love.com\/fr\/wp-json\/wp\/v2\/product_tag?post=114035"}],"curies":[{"name":"wp","href":"https:\/\/api.w.org\/{rel}","templated":true}]}}