{"id":114033,"date":"2023-06-05T00:00:00","date_gmt":"2023-06-04T22:00:00","guid":{"rendered":"http:\/\/gpl-love.com\/fr\/produit\/utouch-startup-business-et-digital-technology-wordpress-theme\/"},"modified":"2026-04-10T18:44:49","modified_gmt":"2026-04-10T16:44:49","slug":"utouch-startup-business-et-digital-technology-wordpress-theme","status":"publish","type":"product","link":"https:\/\/gpl-love.com\/fr\/produit\/utouch-startup-business-et-digital-technology-wordpress-theme\/","title":{"rendered":"Utouch Startup Business et Digital Technology WordPress Theme 3.3.4"},"content":{"rendered":"<h3>Utouch Startup Business et Digital Technology WordPress Theme Traits<\/h3>\n<p>Le th\u00e8me WordPress de la startup et de la technologie num\u00e9rique UTOUCH est un th\u00e8me exceptionnellement de haute qualit\u00e9 et extr\u00eamement moderne qui est extr\u00eamement adapt\u00e9 aux entreprises de d\u00e9marrage ainsi qu&rsquo;aux entreprises technologiques num\u00e9riques. Ce th\u00e8me a \u00e9t\u00e9 m\u00e9ticuleusement con\u00e7u avec une disposition m\u00e9ticuleusement propre et ind\u00e9niablement professionnelle qui a \u00e9t\u00e9 m\u00e9ticuleusement optimis\u00e9e dans le but explicite de pr\u00e9senter vos produits et services exceptionnels. Moreover, this extraordinary theme is replete with an extensive array of meticulously designed pre-built templates and meticulously crafted blocks that synergize seamlessly to facilitate the effortless creation of an exquisitely customized website that is perfectly tailored to meet the unique and idiosyncratic needs of your burgeoning business entreprise. En outre, ce th\u00e8me in\u00e9gal\u00e9 int\u00e8gre un large assortiment de fonctionnalit\u00e9s remarquablement robustes, telles que sa conception r\u00e9active in\u00e9gal\u00e9e, l&rsquo;optimisation des moteurs de recherche astucieuse et ses options de personnalisation intuitives sans effort, qui combinent en synergie pour vous permettre de forger sans effort une pr\u00e9sence en ligne ind\u00e9lible qui est en synergie Au-del\u00e0 de tout reproche. In sum, if you are avidly searching for an exceptionally malleable and dazzlingly modern theme that will unerringly assist you in crafting a visually arresting website that will positively captivate the attention of your target audience and propel your startup business or digital tech company to dizzying heights of Un succ\u00e8s sans pr\u00e9c\u00e9dent, alors il est manifestement \u00e9vident qu&rsquo;Utouch est un choix tout \u00e0 fait superbe qui ne peut tout simplement pas \u00eatre n\u00e9glig\u00e9.<\/p>\n<ul>\n<li>Un design moderne et propre qui est parfait pour les entreprises de d\u00e9marrage et les entreprises de technologie num\u00e9rique<\/li>\n<li>Comprend diverses dispositions de page d&rsquo;accueil et des options de portefeuille pour pr\u00e9senter votre travail<\/li>\n<li>Compatibilit\u00e9 int\u00e9gr\u00e9e avec des plugins populaires comme WooCommerce, Contact Form 7 et WPML<\/li>\n<li>Conception enti\u00e8rement r\u00e9active qui a fi\u00e8re allure sur tous les appareils et tailles d&rsquo;\u00e9cran<\/li>\n<li>Comprend le constructeur de pages glisser-d\u00e9poser, permettant une personnalisation facile et une cr\u00e9ation de dispositions uniques<\/li>\n<li>SEO optimis\u00e9 pour g\u00e9n\u00e9rer un meilleur classement des moteurs de recherche<\/li>\n<li>Documentation approfondie et didacticiels vid\u00e9o pour une configuration et une personnalisation faciles<\/li>\n<li>\u00c9quipe de soutien d\u00e9di\u00e9e et amicale pour fournir une assistance et r\u00e9pondre \u00e0 toutes les questions<\/li>\n<\/ul>\n","protected":false},"excerpt":{"rendered":"<p>Permettez-nous de vous pr\u00e9senter le th\u00e8me WordPress remarquable des startups UTouch et la technologie num\u00e9rique, une solution id\u00e9ale pour les personnes qui cherchent \u00e0 \u00e9tablir une pr\u00e9sence en ligne tr\u00e8s sophistiqu\u00e9e et professionnelle. Ce th\u00e8me extraordinaire a \u00e9t\u00e9 m\u00e9ticuleusement con\u00e7u pour r\u00e9pondre sp\u00e9cifiquement aux besoins uniques des entreprises de d\u00e9marrage et des soci\u00e9t\u00e9s de technologie num\u00e9rique, offrant une vaste gamme de fonctionnalit\u00e9s avanc\u00e9es et d&rsquo;options de personnalisation qui vous permettront de cr\u00e9er sans effort un site Web vraiment exceptionnel et visuellement captivant dans un site Web remarquablement court lacet de temps. Avec sa multitude de dispositions de d\u00e9monstration, de conception impeccablement r\u00e9active et de navigation intuitivement conviviale, UTouch garantit que votre site Web se d\u00e9marquera sans \u00e9quivoque de la vaste mer de concurrents, capturant l&rsquo;attention indivise de votre public pr\u00e9cis\u00e9ment cibl\u00e9. Que vous vous trouviez dans le domaine de l&rsquo;entrepreneuriat technologique ou du domaine exalt\u00e9 de la ma\u00eetrise du marketing num\u00e9rique, soyez assur\u00e9 que UTouch poss\u00e8de tous les outils inestimables n\u00e9cessaires pour propulser avec succ\u00e8s votre entreprise de mani\u00e8re transparente dans la sph\u00e8re en ligne, vous permettant ainsi d&rsquo;\u00e9lever et d&rsquo;amplifier votre entreprise dans votre Marque estim\u00e9e \u00e0 la stratosph\u00e8re impressionnante du niveau suivant.<\/p>\n","protected":false},"featured_media":145699,"comment_status":"open","ping_status":"open","template":"","meta":[],"product_brand":[2433],"product_cat":[1214,1212,1213],"product_tag":[1366],"class_list":{"0":"post-114033","1":"product","2":"type-product","3":"status-publish","4":"has-post-thumbnail","6":"product_brand-themeforest","7":"product_cat-polyvalent","8":"product_cat-themes","9":"product_cat-wordpress-themes","10":"product_tag-themeforest","11":"member-discount","12":"discount-restricted","14":"first","15":"instock","16":"sale","17":"downloadable","18":"virtual","19":"sold-individually","20":"purchasable","21":"product-type-simple"},"_links":{"self":[{"href":"https:\/\/gpl-love.com\/fr\/wp-json\/wp\/v2\/product\/114033","targetHints":{"allow":["GET"]}}],"collection":[{"href":"https:\/\/gpl-love.com\/fr\/wp-json\/wp\/v2\/product"}],"about":[{"href":"https:\/\/gpl-love.com\/fr\/wp-json\/wp\/v2\/types\/product"}],"replies":[{"embeddable":true,"href":"https:\/\/gpl-love.com\/fr\/wp-json\/wp\/v2\/comments?post=114033"}],"wp:featuredmedia":[{"embeddable":true,"href":"https:\/\/gpl-love.com\/fr\/wp-json\/wp\/v2\/media\/145699"}],"wp:attachment":[{"href":"https:\/\/gpl-love.com\/fr\/wp-json\/wp\/v2\/media?parent=114033"}],"wp:term":[{"taxonomy":"product_brand","embeddable":true,"href":"https:\/\/gpl-love.com\/fr\/wp-json\/wp\/v2\/product_brand?post=114033"},{"taxonomy":"product_cat","embeddable":true,"href":"https:\/\/gpl-love.com\/fr\/wp-json\/wp\/v2\/product_cat?post=114033"},{"taxonomy":"product_tag","embeddable":true,"href":"https:\/\/gpl-love.com\/fr\/wp-json\/wp\/v2\/product_tag?post=114033"}],"curies":[{"name":"wp","href":"https:\/\/api.w.org\/{rel}","templated":true}]}}