{"id":114031,"date":"2024-02-05T00:00:00","date_gmt":"2024-02-04T23:00:00","guid":{"rendered":"http:\/\/gpl-love.com\/fr\/produit\/famita-minimalist-woocommerce-wordpress-theme\/"},"modified":"2026-03-20T23:05:38","modified_gmt":"2026-03-20T22:05:38","slug":"famita-minimalist-woocommerce-wordpress-theme","status":"publish","type":"product","link":"https:\/\/gpl-love.com\/fr\/produit\/famita-minimalist-woocommerce-wordpress-theme\/","title":{"rendered":"Famita Minimalist WooCommerce WordPress Theme 1.40"},"content":{"rendered":"<h3>Famita Minimalist WooCommerce WordPress Theme Traits<\/h3>\n<p>Le th\u00e8me de WooCommerce Minimaliste WOOCOMMERCE est un th\u00e8me hautement \u00e0 la mode et contemporain con\u00e7u avec l&rsquo;intention sp\u00e9cifique de r\u00e9pondre aux besoins et aux exigences de WooCommerce. Ce th\u00e8me convient particuli\u00e8rement aux commer\u00e7ants qui aspirent \u00e0 \u00e9tablir une boutique en ligne qui ne se vante pas seulement d&rsquo;\u00eatre conviviale, mais est \u00e9galement visuellement captivante. Avec sa conception \u00e9l\u00e9gante et discr\u00e8te, ainsi que sa disposition \u00e9pur\u00e9e, Famita s&rsquo;av\u00e8re \u00eatre le choix ultime pour les personnes souhaitant montrer leurs produits de la mani\u00e8re la plus raffin\u00e9e et la plus \u00e9l\u00e9gante. De plus, ce th\u00e8me propose une vaste gamme de fonctionnalit\u00e9s qui facilitent la personnalisation transparente et la configuration sans effort, qui comprend la disponibilit\u00e9 de widgets personnalisables, des options de th\u00e8me avanc\u00e9es et un constructeur de pages glisser-d\u00e9coller exceptionnellement robuste. Que vous soyez un fournisseur en ligne chevronn\u00e9 ou un individu qui vient de se lancer dans ce voyage, Famita simplifiera ind\u00e9niablement le processus de fabrication d&rsquo;une boutique en ligne exquise et tr\u00e8s fonctionnelle qui ne laissera pas une impression ind\u00e9l\u00e9bile sur votre client\u00e8le estim\u00e9.<\/p>\n<ul>\n<li>Design propre et moderne<\/li>\n<li>Disposition r\u00e9active qui s&rsquo;adapte \u00e0 une vari\u00e9t\u00e9 d&rsquo;appareils<\/li>\n<li>Int\u00e9gration WooCommerce pour une configuration de commerce \u00e9lectronique facile<\/li>\n<li>Plusieurs mises en page de page d&rsquo;accueil et de pages int\u00e9rieures au choix<\/li>\n<li>Typographie personnalisable et options de couleurs<\/li>\n<li>Plugin Slider Revolution inclus pour de superbes pr\u00e9sentations visuelles<\/li>\n<li>Fonctionnement de zoom de produit int\u00e9gr\u00e9 pour une exp\u00e9rience utilisateur am\u00e9lior\u00e9e<\/li>\n<li>SEO optimis\u00e9 pour une meilleure visibilit\u00e9 dans les pages de r\u00e9sultats du moteur de recherche<\/li>\n<li>Importation de d\u00e9monstration en un clic pour une configuration rapide et facile<\/li>\n<li>Mises \u00e0 jour r\u00e9guli\u00e8res et soutien d\u00e9di\u00e9 des d\u00e9veloppeurs de th\u00e8me<\/li>\n<\/ul>\n","protected":false},"excerpt":{"rendered":"<p>Nous sommes ravis de vous pr\u00e9senter le th\u00e8me Minimaliste de WooCommerce Minimaliste WOOCOMMERCE. Ce th\u00e8me remarquable incarne l&rsquo;essence de l&rsquo;\u00e9l\u00e9gance, de la modernit\u00e9 et de la convivialit\u00e9, toutes incorpor\u00e9es soigneusement pour am\u00e9liorer l&rsquo;attrait global de votre boutique en ligne. Avec sa conception minimaliste et \u00e9l\u00e9gante, ce th\u00e8me garantit une exp\u00e9rience d&rsquo;achat sans effort et sans couture pour vos clients estim\u00e9s, gracieuset\u00e9 de sa navigation conviviale et acc\u00e9l\u00e9r\u00e9 \u00e0 tous vos produits estim\u00e9s. La polyvalence offerte par le th\u00e8me FAMITA est tout simplement sans pr\u00e9c\u00e9dent car elle facilite la personnalisation compl\u00e8te, garantissant ainsi que votre site Web d\u00e9gage votre identit\u00e9 de marque distinctive. De plus, sa compatibilit\u00e9 compl\u00e8te avec WooCommerce rend le processus de mise en place de votre boutique en ligne un jeu d&rsquo;enfant, vous permettant de commencer \u00e0 vendre vos produits exceptionnels sans aucun d\u00e9lai. Pour conclure, si vous cherchez \u00e0 \u00e9tablir un site Web de commerce \u00e9lectronique visuellement captivant et ax\u00e9 sur les professionnels, le th\u00e8me de WooCommerce Minimalist WooCommerce est le choix parfait pour vous.<\/p>\n","protected":false},"featured_media":143853,"comment_status":"open","ping_status":"open","template":"","meta":[],"product_brand":[2433],"product_cat":[1238,1444,1212],"product_tag":[1366],"class_list":{"0":"post-114031","1":"product","2":"type-product","3":"status-publish","4":"has-post-thumbnail","6":"product_brand-themeforest","7":"product_cat-commerce-electronique-themes","8":"product_cat-creatif-commerce-electronique-themes","9":"product_cat-themes","10":"product_tag-themeforest","11":"member-discount","12":"discount-restricted","14":"first","15":"instock","16":"sale","17":"downloadable","18":"virtual","19":"sold-individually","20":"purchasable","21":"product-type-simple"},"_links":{"self":[{"href":"https:\/\/gpl-love.com\/fr\/wp-json\/wp\/v2\/product\/114031","targetHints":{"allow":["GET"]}}],"collection":[{"href":"https:\/\/gpl-love.com\/fr\/wp-json\/wp\/v2\/product"}],"about":[{"href":"https:\/\/gpl-love.com\/fr\/wp-json\/wp\/v2\/types\/product"}],"replies":[{"embeddable":true,"href":"https:\/\/gpl-love.com\/fr\/wp-json\/wp\/v2\/comments?post=114031"}],"wp:featuredmedia":[{"embeddable":true,"href":"https:\/\/gpl-love.com\/fr\/wp-json\/wp\/v2\/media\/143853"}],"wp:attachment":[{"href":"https:\/\/gpl-love.com\/fr\/wp-json\/wp\/v2\/media?parent=114031"}],"wp:term":[{"taxonomy":"product_brand","embeddable":true,"href":"https:\/\/gpl-love.com\/fr\/wp-json\/wp\/v2\/product_brand?post=114031"},{"taxonomy":"product_cat","embeddable":true,"href":"https:\/\/gpl-love.com\/fr\/wp-json\/wp\/v2\/product_cat?post=114031"},{"taxonomy":"product_tag","embeddable":true,"href":"https:\/\/gpl-love.com\/fr\/wp-json\/wp\/v2\/product_tag?post=114031"}],"curies":[{"name":"wp","href":"https:\/\/api.w.org\/{rel}","templated":true}]}}