{"id":114029,"date":"2025-09-11T00:00:00","date_gmt":"2025-09-10T22:00:00","guid":{"rendered":"http:\/\/gpl-love.com\/fr\/produit\/digitax-seo-et-digital-marketing-agency-wordpress-theme\/"},"modified":"2026-03-20T23:00:43","modified_gmt":"2026-03-20T22:00:43","slug":"digitax-seo-et-digital-marketing-agency-wordpress-theme","status":"publish","type":"product","link":"https:\/\/gpl-love.com\/fr\/produit\/digitax-seo-et-digital-marketing-agency-wordpress-theme\/","title":{"rendered":"Digitax SEO et Digital Marketing Agency WordPress Theme 1.2.1"},"content":{"rendered":"<h3>Digitax SEO et Digital Marketing Agency WordPress Theme Traits<\/h3>\n<p>Digitax est un th\u00e8me WordPress de l&rsquo;agence de marketing et de marketing num\u00e9rique exceptionnel qui a \u00e9t\u00e9 m\u00e9ticuleusement con\u00e7u pour aider les entreprises \u00e0 \u00e9tablir une pr\u00e9sence en ligne formidable et influente. B\u00e9n\u00e9ficiant d&rsquo;un niveau in\u00e9gal\u00e9 de personnalisation et de r\u00e9activit\u00e9, ce th\u00e8me offre une vaste gamme de fonctionnalit\u00e9s et d&rsquo;options, ce qui permet aux entreprises de pr\u00e9senter efficacement leurs services et de d\u00e9montrer leurs capacit\u00e9s. De plus, ce th\u00e8me a \u00e9t\u00e9 astucieusement optimis\u00e9 pour les moteurs de recherche, garantissant ainsi que les entreprises peuvent monter sans effort les rangs des recherches en ligne. Notamment, Digitax englobe \u00e9galement une gamme diversifi\u00e9e d&rsquo;outils de marketing num\u00e9rique, englobant des fonctionnalit\u00e9s inestimables telles que l&rsquo;int\u00e9gration de marketing par e-mail transparent et le partage de m\u00e9dias sociaux transparent, facilitant ainsi les entreprises pour forger des liens significatifs avec leur public cible convoit\u00e9. Dans l&rsquo;ensemble, Digitax incarne un th\u00e8me complet et formidable qui permet aux entreprises de construire et d&rsquo;ex\u00e9cuter une strat\u00e9gie de marketing en ligne retentissante avec la plus grande efficacit\u00e9.<\/p>\n<ul>\n<li>Digitax est un th\u00e8me WordPress hautement professionnel et pleinement r\u00e9actif con\u00e7u sp\u00e9cifiquement pour le r\u00e9f\u00e9rencement et les agences de marketing num\u00e9rique.<\/li>\n<li>Avec son design moderne et propre, Digitax est facile \u00e0 personnaliser et offre une excellente exp\u00e9rience utilisateur pour les clients et les visiteurs.<\/li>\n<li>Le th\u00e8me est rempli de fonctionnalit\u00e9s qui le rendent parfait pour toute agence de marketing num\u00e9rique, y compris une section de portefeuille, la page des membres de l&rsquo;\u00e9quipe et la section des t\u00e9moignages.<\/li>\n<li>Digitax comprend \u00e9galement de puissants outils de r\u00e9f\u00e9rencement qui aident votre agence \u00e0 se classer plus haut dans les moteurs de recherche et \u00e0 attirer plus de trafic sur votre site.<\/li>\n<li>L&rsquo;installation de d\u00e9monstration en un clic garantit que vous pouvez \u00eatre op\u00e9rationnel rapidement, tandis que la documentation approfondie et le support client vous assurent toujours de l&rsquo;aide dont vous avez besoin.<\/li>\n<li>Le th\u00e8me est con\u00e7u pour fonctionner de mani\u00e8re transparente avec des plugins WordPress populaires comme Yoast SEO et Contact Form 7, ce qui facilite l&rsquo;int\u00e9gration de vos workflows existants.<\/li>\n<li>Digitax comprend une gamme de plugins premium, y compris Slider Revolution et Visual Composer, vous permettant de cr\u00e9er un contenu tr\u00e8s engageant qui pilote les conversions.<\/li>\n<li>Que vous soyez une agence \u00e9tablie ou que vous commenciez simplement, Digitax est le th\u00e8me WordPress parfait pour faire passer votre pr\u00e9sence en ligne au niveau sup\u00e9rieur.<\/li>\n<\/ul>\n","protected":false},"excerpt":{"rendered":"<p>D\u00e9couvrez la puissance du th\u00e8me Digitax SEO et de l&rsquo;agence de marketing num\u00e9rique WordPress, con\u00e7ue pour aider votre entreprise \u00e0 atteindre de nouveaux sommets. Ce th\u00e8me moderne et professionnel est parfait pour les agences de r\u00e9f\u00e9rencement, les soci\u00e9t\u00e9s de marketing num\u00e9rique, les sp\u00e9cialistes du marketing de m\u00e9dias sociaux et toute autre entreprise connexe. Digitax est non seulement visuellement attrayant, mais \u00e9galement rempli de fonctionnalit\u00e9s avanc\u00e9es telles que la conception conviviale du r\u00e9f\u00e9rencement, la disposition r\u00e9active, la vitesse de chargement rapide et la personnalisation facile.<\/p>\n<p>Ce th\u00e8me WordPress est \u00e9galement livr\u00e9 avec des d\u00e9mos pr\u00e9-faites, ce qui vous fait gagner du temps et des efforts dans la cr\u00e9ation de votre site Web. Son interface intuitive et conviviale assure une navigation transparente, am\u00e9liorant l&rsquo;exp\u00e9rience utilisateur. De plus, notre \u00e9quipe de service client d\u00e9di\u00e9e est toujours pr\u00eate \u00e0 vous aider chaque fois que vous avez besoin d&rsquo;aide. Digitax est une solution fiable, efficace et efficace pour vos besoins de marketing num\u00e9rique. Avec Digitax, vous pouvez passer votre pr\u00e9sence en ligne au niveau sup\u00e9rieur.<\/p>\n","protected":false},"featured_media":143532,"comment_status":"open","ping_status":"open","template":"","meta":[],"product_brand":[2433],"product_cat":[1242,1212,1213],"product_tag":[1366],"class_list":{"0":"post-114029","1":"product","2":"type-product","3":"status-publish","4":"has-post-thumbnail","6":"product_brand-themeforest","7":"product_cat-creatif","8":"product_cat-themes","9":"product_cat-wordpress-themes","10":"product_tag-themeforest","11":"member-discount","12":"discount-restricted","14":"first","15":"instock","16":"sale","17":"downloadable","18":"virtual","19":"sold-individually","20":"purchasable","21":"product-type-simple"},"_links":{"self":[{"href":"https:\/\/gpl-love.com\/fr\/wp-json\/wp\/v2\/product\/114029","targetHints":{"allow":["GET"]}}],"collection":[{"href":"https:\/\/gpl-love.com\/fr\/wp-json\/wp\/v2\/product"}],"about":[{"href":"https:\/\/gpl-love.com\/fr\/wp-json\/wp\/v2\/types\/product"}],"replies":[{"embeddable":true,"href":"https:\/\/gpl-love.com\/fr\/wp-json\/wp\/v2\/comments?post=114029"}],"wp:featuredmedia":[{"embeddable":true,"href":"https:\/\/gpl-love.com\/fr\/wp-json\/wp\/v2\/media\/143532"}],"wp:attachment":[{"href":"https:\/\/gpl-love.com\/fr\/wp-json\/wp\/v2\/media?parent=114029"}],"wp:term":[{"taxonomy":"product_brand","embeddable":true,"href":"https:\/\/gpl-love.com\/fr\/wp-json\/wp\/v2\/product_brand?post=114029"},{"taxonomy":"product_cat","embeddable":true,"href":"https:\/\/gpl-love.com\/fr\/wp-json\/wp\/v2\/product_cat?post=114029"},{"taxonomy":"product_tag","embeddable":true,"href":"https:\/\/gpl-love.com\/fr\/wp-json\/wp\/v2\/product_tag?post=114029"}],"curies":[{"name":"wp","href":"https:\/\/api.w.org\/{rel}","templated":true}]}}