{"id":114027,"date":"2021-05-12T00:00:00","date_gmt":"2021-05-11T22:00:00","guid":{"rendered":"http:\/\/gpl-love.com\/fr\/produit\/driving-school-wordpress-theme\/"},"modified":"2026-03-20T23:01:33","modified_gmt":"2026-03-20T22:01:33","slug":"driving-school-wordpress-theme","status":"publish","type":"product","link":"https:\/\/gpl-love.com\/fr\/produit\/driving-school-wordpress-theme\/","title":{"rendered":"Driving School WordPress Theme 1.4.9"},"content":{"rendered":"<h3>Driving School WordPress Theme Traits<\/h3>\n<p>Le th\u00e8me WordPress de l&rsquo;\u00e9cole de conduite poss\u00e8de une conception de pointe et r\u00e9active qui est sur mesure pour les \u00e9coles de conduite, les instructeurs de conduite et les acad\u00e9mies de conduite. Ce th\u00e8me d\u00e9gage la sophistication et le professionnalisme, \u00e9quip\u00e9s de toutes les caract\u00e9ristiques et fonctionnalit\u00e9s essentielles n\u00e9cessaires pour cr\u00e9er un site Web extraordinaire et percutant. B\u00e9n\u00e9ficiant d&rsquo;une page d&rsquo;accueil enti\u00e8rement personnalisable, de nombreuses options d&rsquo;en-t\u00eate et de pied de page, et des pages commod\u00e9ment pr\u00e9d\u00e9finies, notamment \u00e0 propos de nous, des services, des prix et des contacts, ce th\u00e8me assure la plus grande flexibilit\u00e9 et la commodit\u00e9. Sans oublier, l&rsquo;installation et la personnalisation sont un jeu d&rsquo;enfant, avec une myriade d&rsquo;options de personnalisation \u00e0 votre disposition telles que les sch\u00e9mas de couleurs, les polices et les arri\u00e8re-plans. Assurant l&rsquo;adaptabilit\u00e9 transparente sur tous les appareils, ce th\u00e8me est enti\u00e8rement r\u00e9actif, garantissant un site Web esth\u00e9tiquement agr\u00e9able quel que soit l&rsquo;appareil sur lequel il est accessible. De plus, il est optimis\u00e9 de mani\u00e8re experte pour les moteurs de recherche, vous permettant d&rsquo;am\u00e9liorer la visibilit\u00e9 de votre site Web et d&rsquo;\u00e9tendre sa port\u00e9e. Avec ses fonctionnalit\u00e9s et fonctionnalit\u00e9s in\u00e9gal\u00e9es, le th\u00e8me WordPress de l&rsquo;\u00e9cole de conduite constitue la quintessence de l&rsquo;excellence, servant de choix ultime pour ceux qui cherchent \u00e0 cr\u00e9er un site Web poli et percutant pour leur \u00e9cole de conduite estim\u00e9e ou une acad\u00e9mie de conduite estim\u00e9e.<\/p>\n<ul>\n<li>Design r\u00e9actif et moderne adapt\u00e9 aux \u00e9coles de conduite et \u00e0 d&rsquo;autres entreprises connexes<\/li>\n<li>Page d&rsquo;accueil personnalisable avec fonctionnalit\u00e9 de glisser-d\u00e9poser<\/li>\n<li>Syst\u00e8me de r\u00e9servation int\u00e9gr\u00e9 pour planifier facilement les le\u00e7ons de conduite et les rendez-vous<\/li>\n<li>Mod\u00e8les de plusieurs pages inclus (sur, services, t\u00e9moignages, blog, etc.)<\/li>\n<li>Widgets personnalis\u00e9s pour afficher les heures d&rsquo;ouverture, les coordonn\u00e9es et les liens de m\u00e9dias sociaux<\/li>\n<li>Conception et codage conviviaux pour une meilleure visibilit\u00e9 du moteur de recherche<\/li>\n<li>Traduction pr\u00eate pour les sites Web multilingues<\/li>\n<li>Compatible avec les plugins WordPress populaires, tels que Yoast SEO et le formulaire de contact 7<\/li>\n<li>Panneau d&rsquo;options de th\u00e8me facile \u00e0 utiliser pour la personnalisation des couleurs, des polices et plus<\/li>\n<li>Support d\u00e9di\u00e9 et documentation approfondie incluse.<\/li>\n<\/ul>\n","protected":false},"excerpt":{"rendered":"<p>Notre th\u00e8me WordPress de l&rsquo;\u00e9cole de conduite est une solution compl\u00e8te pour les \u00e9coles de conduite et la circulation, les instituts de formation automobile et les cours de conduite en ligne. Il est livr\u00e9 avec un design enti\u00e8rement r\u00e9actif, garantissant que votre site est parfait sur tous les appareils. Le th\u00e8me propose un panneau d&rsquo;administration facile \u00e0 utiliser, des types de postes personnalis\u00e9s et de nombreux widgets pour ajouter des fonctionnalit\u00e9s. Avec sa nature adapt\u00e9e au r\u00e9f\u00e9rencement, votre site Web se classera plus haut dans les moteurs de recherche. Il prend \u00e9galement en charge WooCommerce, vous permettant de vendre des accessoires de voiture ou de conduire des forfaits de cours directement \u00e0 partir de votre site. De plus, avec le support multi-langues de notre th\u00e8me, vous pouvez atteindre un public plus large. Notre th\u00e8me WordPress de l&rsquo;\u00e9cole de conduite n&rsquo;est pas seulement visuellement attrayant mais aussi tr\u00e8s efficace et convivial. Il aide \u00e0 cr\u00e9er une pr\u00e9sence en ligne percutante, \u00e0 attirer plus d&rsquo;\u00e9tudiants et \u00e0 stimuler la croissance de votre entreprise.<\/p>\n","protected":false},"featured_media":143586,"comment_status":"open","ping_status":"open","template":"","meta":[],"product_brand":[2433],"product_cat":[1516,1212,1213],"product_tag":[1366],"class_list":{"0":"post-114027","1":"product","2":"type-product","3":"status-publish","4":"has-post-thumbnail","6":"product_brand-themeforest","7":"product_cat-entreprise","8":"product_cat-themes","9":"product_cat-wordpress-themes","10":"product_tag-themeforest","11":"member-discount","12":"discount-restricted","14":"first","15":"instock","16":"sale","17":"downloadable","18":"virtual","19":"sold-individually","20":"purchasable","21":"product-type-simple"},"_links":{"self":[{"href":"https:\/\/gpl-love.com\/fr\/wp-json\/wp\/v2\/product\/114027","targetHints":{"allow":["GET"]}}],"collection":[{"href":"https:\/\/gpl-love.com\/fr\/wp-json\/wp\/v2\/product"}],"about":[{"href":"https:\/\/gpl-love.com\/fr\/wp-json\/wp\/v2\/types\/product"}],"replies":[{"embeddable":true,"href":"https:\/\/gpl-love.com\/fr\/wp-json\/wp\/v2\/comments?post=114027"}],"wp:featuredmedia":[{"embeddable":true,"href":"https:\/\/gpl-love.com\/fr\/wp-json\/wp\/v2\/media\/143586"}],"wp:attachment":[{"href":"https:\/\/gpl-love.com\/fr\/wp-json\/wp\/v2\/media?parent=114027"}],"wp:term":[{"taxonomy":"product_brand","embeddable":true,"href":"https:\/\/gpl-love.com\/fr\/wp-json\/wp\/v2\/product_brand?post=114027"},{"taxonomy":"product_cat","embeddable":true,"href":"https:\/\/gpl-love.com\/fr\/wp-json\/wp\/v2\/product_cat?post=114027"},{"taxonomy":"product_tag","embeddable":true,"href":"https:\/\/gpl-love.com\/fr\/wp-json\/wp\/v2\/product_tag?post=114027"}],"curies":[{"name":"wp","href":"https:\/\/api.w.org\/{rel}","templated":true}]}}