{"id":114025,"date":"2025-09-19T00:00:00","date_gmt":"2025-09-18T22:00:00","guid":{"rendered":"http:\/\/gpl-love.com\/fr\/produit\/wp-membership\/"},"modified":"2026-03-20T23:50:16","modified_gmt":"2026-03-20T22:50:16","slug":"wp-membership","status":"publish","type":"product","link":"https:\/\/gpl-love.com\/fr\/produit\/wp-membership\/","title":{"rendered":"WP Membership 1.6.4"},"content":{"rendered":"<h3>WP Membership Traits<\/h3>\n<p>L&rsquo;adh\u00e9sion \u00e0 WP est un outil incroyablement robuste et sophistiqu\u00e9 qui permet aux utilisateurs d&rsquo;\u00e9tablir et de superviser sans effort les sites d&rsquo;adh\u00e9sion sur la plate-forme WordPress tr\u00e8s populaire. Cet outil innovant poss\u00e8de une interface remarquablement intuitive, permettant aux individus de configurer rapidement divers niveaux d&rsquo;adh\u00e9sion, de restreindre efficacement l&rsquo;acc\u00e8s \u00e0 un contenu sp\u00e9cifique en fonction des privil\u00e8ges associ\u00e9s \u00e0 chaque niveau d&rsquo;adh\u00e9sion et d&rsquo;automatiser de mani\u00e8re transparente les proc\u00e9dures d&rsquo;enregistrement et de paiement des membres. De plus, l&rsquo;adh\u00e9sion \u00e0 WP offre une vaste gamme d&rsquo;options de personnalisation qui offrent aux utilisateurs la capacit\u00e9 in\u00e9gal\u00e9e d&rsquo;adapter leurs sites d&rsquo;adh\u00e9sion pr\u00e9cis\u00e9ment \u00e0 leurs sp\u00e9cifications uniques et individualis\u00e9es. Que vous cherchiez \u00e0 mon\u00e9tiser votre contenu pr\u00e9cieux ou \u00e0 cultiver un site Web florissant et interactif ax\u00e9 sur la communaut\u00e9, l&rsquo;adh\u00e9sion WP repr\u00e9sente incontestablement la solution par excellence qui rationalise de mani\u00e8re transparente l&rsquo;ensemble les membres ch\u00e9ris dans une \u00e9gale mesure.<\/p>\n<ul>\n<li>Options d&rsquo;adh\u00e9sion \u00e0 plusieurs niveaux pour les clients<\/li>\n<li>Gestion facile des comptes des membres et privil\u00e8ges d&rsquo;acc\u00e8s<\/li>\n<li>Traitement de paiement simplifi\u00e9 avec des options d&rsquo;int\u00e9gration pour PayPal, Stripe et plus<\/li>\n<li>Formulaires d&rsquo;inscription et de connexion personnalisables<\/li>\n<li>Reportage complet et analyse pour l&rsquo;activit\u00e9 des membres<\/li>\n<li>Notifications et rappels de courrier \u00e9lectronique automatis\u00e9s pour l&rsquo;expiration et le renouvellement du compte<\/li>\n<li>Options de restriction de contenu flexible pour les zones r\u00e9serv\u00e9es aux membres<\/li>\n<li>Int\u00e9gration transparente avec des plugins et th\u00e8mes WordPress populaires<\/li>\n<li>Mises \u00e0 jour r\u00e9guli\u00e8res et support client pour les performances optimales et la satisfaction des utilisateurs<\/li>\n<\/ul>\n","protected":false},"excerpt":{"rendered":"<p>Si vous recherchez une solution robuste pour g\u00e9rer efficacement un site Web bas\u00e9 sur les membres, le plugin d&rsquo;adh\u00e9sion WP s&rsquo;av\u00e8re \u00eatre un outil exceptionnel. Ce plugin permet aux utilisateurs de cr\u00e9er sans effort des niveaux d&rsquo;adh\u00e9sion personnalis\u00e9s, de contr\u00f4ler efficacement l&rsquo;acc\u00e8s au contenu et de g\u00e9rer de mani\u00e8re transparente les comptes des membres, le tout dans une interface conviviale. Peu importe que votre objectif vende des produits num\u00e9riques ou fournit des cours en ligne, l&rsquo;adh\u00e9sion \u00e0 WP pr\u00e9sente une solution id\u00e9ale pour transformer votre site Web WordPress en une plate-forme d&rsquo;adh\u00e9sion compl\u00e8te et pleinement op\u00e9rationnelle. Par cons\u00e9quent, pourquoi tergiverser plus longtemps? Prenez l&rsquo;initiative de cultiver et d&rsquo;\u00e9largir votre communaut\u00e9 en ligne en adoptant sans d\u00e9lai les capacit\u00e9s in\u00e9gal\u00e9es de l&rsquo;adh\u00e9sion WP!<\/p>\n","protected":false},"featured_media":146179,"comment_status":"open","ping_status":"open","template":"","meta":[],"product_brand":[2435],"product_cat":[1300,1181,1186],"product_tag":[1231],"class_list":{"0":"post-114025","1":"product","2":"type-product","3":"status-publish","4":"has-post-thumbnail","6":"product_brand-codecanyon","7":"product_cat-adhesion","8":"product_cat-plugins","9":"product_cat-wordpress-plugins","10":"product_tag-codecanyon","11":"member-discount","12":"discount-restricted","14":"first","15":"instock","16":"sale","17":"downloadable","18":"virtual","19":"sold-individually","20":"purchasable","21":"product-type-simple"},"_links":{"self":[{"href":"https:\/\/gpl-love.com\/fr\/wp-json\/wp\/v2\/product\/114025","targetHints":{"allow":["GET"]}}],"collection":[{"href":"https:\/\/gpl-love.com\/fr\/wp-json\/wp\/v2\/product"}],"about":[{"href":"https:\/\/gpl-love.com\/fr\/wp-json\/wp\/v2\/types\/product"}],"replies":[{"embeddable":true,"href":"https:\/\/gpl-love.com\/fr\/wp-json\/wp\/v2\/comments?post=114025"}],"wp:featuredmedia":[{"embeddable":true,"href":"https:\/\/gpl-love.com\/fr\/wp-json\/wp\/v2\/media\/146179"}],"wp:attachment":[{"href":"https:\/\/gpl-love.com\/fr\/wp-json\/wp\/v2\/media?parent=114025"}],"wp:term":[{"taxonomy":"product_brand","embeddable":true,"href":"https:\/\/gpl-love.com\/fr\/wp-json\/wp\/v2\/product_brand?post=114025"},{"taxonomy":"product_cat","embeddable":true,"href":"https:\/\/gpl-love.com\/fr\/wp-json\/wp\/v2\/product_cat?post=114025"},{"taxonomy":"product_tag","embeddable":true,"href":"https:\/\/gpl-love.com\/fr\/wp-json\/wp\/v2\/product_tag?post=114025"}],"curies":[{"name":"wp","href":"https:\/\/api.w.org\/{rel}","templated":true}]}}