{"id":114010,"date":"2022-02-20T00:00:00","date_gmt":"2022-02-19T23:00:00","guid":{"rendered":"http:\/\/gpl-love.com\/fr\/produit\/woocommerce-product-filter\/"},"modified":"2026-04-10T18:48:04","modified_gmt":"2026-04-10T16:48:04","slug":"woocommerce-product-filter","status":"publish","type":"product","link":"https:\/\/gpl-love.com\/fr\/produit\/woocommerce-product-filter\/","title":{"rendered":"WooCommerce Product Filter 8.3.0"},"content":{"rendered":"<h3>WooCommerce Product Filter Traits<\/h3>\n<p>L&rsquo;utilisation du filtre de produit WooCommerce s&rsquo;av\u00e8re absolument indispensable \u00e0 toute personne qui exploite une boutique en ligne et souhaite optimiser sa fonctionnalit\u00e9 de recherche de produits. En utilisant ce plugin remarquable, les clients sont dot\u00e9s de la capacit\u00e9 de localiser rapidement et sans effort le produit pr\u00e9cis qu&rsquo;ils recherchent au moyen d&rsquo;un vaste assortiment de filtres englobant le prix, la cat\u00e9gorie, la couleur et un \u00e9ventail d&rsquo;autres crit\u00e8res. Par cons\u00e9quent, cela facilite une exp\u00e9rience d&rsquo;achat plus transparente pour le client estim\u00e9 tout en renfor\u00e7ant simultan\u00e9ment les taux de conversion du v\u00e9n\u00e9rable propri\u00e9taire du magasin. De plus, le plugin offre un degr\u00e9 de personnalisation exceptionnel, offrant aux propri\u00e9taires de magasins la pr\u00e9rogative pour s\u00e9lectionner quels filtres sont expos\u00e9s et o\u00f9 ils se manifestent sur les pages de leur magasin estim\u00e9. En substance, c&rsquo;est un imp\u00e9ratif ind\u00e9niable pour tout magasin WooCommerce qui aspire \u00e0 maintenir un avantage concurrentiel et \u00e0 fournir \u00e0 leurs clients ch\u00e9ries une exp\u00e9rience d&rsquo;achat in\u00e9gal\u00e9e pour int\u00e9grer int\u00e9gralement l&rsquo;inimitable filtre de produit WooCommerce.<\/p>\n<ul>\n<li>Filtrez efficacement les produits sur votre boutique WooCommerce<\/li>\n<li>Choisissez parmi une gamme d&rsquo;options de filtre telles que les attributs de produits, la gamme de prix et les cat\u00e9gories<\/li>\n<li>Simplifiez l&rsquo;exp\u00e9rience d&rsquo;achat des clients en leur permettant de trouver rapidement les produits dont ils ont besoin<\/li>\n<li>Am\u00e9liorer la navigation du site Web et augmenter la satisfaction du client<\/li>\n<li>Compatible avec plusieurs th\u00e8mes et plugins WooCommerce<\/li>\n<li>Facile \u00e0 installer et \u00e0 utiliser, avec une interface conviviale<\/li>\n<li>Boostez les ventes en pr\u00e9sentant des produits pertinents aux clients en fonction de leurs crit\u00e8res de recherche<\/li>\n<li>Personnalisez la disposition et la conception du filtre pour s&rsquo;adapter au style de votre magasin<\/li>\n<li>Soyez assur\u00e9 avec un support technique fiable pour tout probl\u00e8me ou question.<\/li>\n<\/ul>\n","protected":false},"excerpt":{"rendered":"<p>Le filtre de produit WooCommerce sert d&rsquo;outil incroyablement robuste et efficace, d\u00e9terminant pour faciliter la d\u00e9couverte sans effort et rapidement des articles souhait\u00e9s par l&#8217;emporium virtuel estim\u00e9 bas\u00e9 sur WooCommerce. En utilisant ce m\u00e9canisme de filtrage remarquablement polyvalent et incroyablement personnalisable, les clients sont habilit\u00e9s \u00e0 affiner et \u00e0 affiner et \u00e0 r\u00e9duire leurs r\u00e9sultats de recherche avec transparence et judicieusement et d\u00e9lib\u00e9r\u00e9ment d\u00e9limit\u00e9, englobant mais sans s&rsquo;y limiter \u00e0 la gamme de prix, cat\u00e9gorie de produits, des produits, des produits, des produits, des produits, des produits, des produits, des produits, et une myriade d&rsquo;autres attributs souhaitables, les donnant ainsi \u00e0 un niveau de commodit\u00e9 in\u00e9gal\u00e9 et facilitant leur poursuite de la plus grande satisfaction et de la gratification dans le domaine des achats en ligne. La convivialit\u00e9 in\u00e9branlable et la nature intuitive de ce syst\u00e8me de filtrage extraordinaire culminent sans aucun doute dans une exp\u00e9rience d&rsquo;achat amplifi\u00e9e et amplifi\u00e9e, engendrez par cons\u00e9quent une augmentation perceptible des ventes et du contentement client. Par cons\u00e9quent, il devient irr\u00e9futablement \u00e9vident que le filtre de produit WooCommerce repr\u00e9sente un actif indispensable et irr\u00e9prochable pour toutes les entreprises en ligne qui abritent un d\u00e9sir authentique et in\u00e9branlable d&rsquo;augmenter et d&rsquo;\u00e9lever l&rsquo;exp\u00e9rience d&rsquo;achat de leur client\u00e8le ch\u00e9ri et discernante.<\/p>\n","protected":false},"featured_media":145986,"comment_status":"open","ping_status":"open","template":"","meta":[],"product_brand":[2435],"product_cat":[1182,1223,1181],"product_tag":[1231],"class_list":{"0":"post-114010","1":"product","2":"type-product","3":"status-publish","4":"has-post-thumbnail","6":"product_brand-codecanyon","7":"product_cat-commerce-electronique-plugins","8":"product_cat-personnalisation-commerce-electronique-plugins","9":"product_cat-plugins","10":"product_tag-codecanyon","11":"member-discount","12":"discount-restricted","14":"first","15":"instock","16":"sale","17":"downloadable","18":"virtual","19":"sold-individually","20":"purchasable","21":"product-type-simple"},"_links":{"self":[{"href":"https:\/\/gpl-love.com\/fr\/wp-json\/wp\/v2\/product\/114010","targetHints":{"allow":["GET"]}}],"collection":[{"href":"https:\/\/gpl-love.com\/fr\/wp-json\/wp\/v2\/product"}],"about":[{"href":"https:\/\/gpl-love.com\/fr\/wp-json\/wp\/v2\/types\/product"}],"replies":[{"embeddable":true,"href":"https:\/\/gpl-love.com\/fr\/wp-json\/wp\/v2\/comments?post=114010"}],"wp:featuredmedia":[{"embeddable":true,"href":"https:\/\/gpl-love.com\/fr\/wp-json\/wp\/v2\/media\/145986"}],"wp:attachment":[{"href":"https:\/\/gpl-love.com\/fr\/wp-json\/wp\/v2\/media?parent=114010"}],"wp:term":[{"taxonomy":"product_brand","embeddable":true,"href":"https:\/\/gpl-love.com\/fr\/wp-json\/wp\/v2\/product_brand?post=114010"},{"taxonomy":"product_cat","embeddable":true,"href":"https:\/\/gpl-love.com\/fr\/wp-json\/wp\/v2\/product_cat?post=114010"},{"taxonomy":"product_tag","embeddable":true,"href":"https:\/\/gpl-love.com\/fr\/wp-json\/wp\/v2\/product_tag?post=114010"}],"curies":[{"name":"wp","href":"https:\/\/api.w.org\/{rel}","templated":true}]}}