{"id":114008,"date":"2025-11-10T00:00:00","date_gmt":"2025-11-09T23:00:00","guid":{"rendered":"http:\/\/gpl-love.com\/fr\/produit\/woocommerce-photography\/"},"modified":"2026-03-20T23:46:56","modified_gmt":"2026-03-20T22:46:56","slug":"woocommerce-photography","status":"publish","type":"product","link":"https:\/\/gpl-love.com\/fr\/produit\/woocommerce-photography\/","title":{"rendered":"WooCommerce Photography 1.3.0"},"content":{"rendered":"<h3>WooCommerce Photography Traits<\/h3>\n<p>WooCommerce Photography s&rsquo;av\u00e8re \u00eatre un outil exceptionnellement avantageux s&rsquo;adress\u00e9 aux photographes qui aspirent \u00e0 commercialiser leurs cr\u00e9ations artistiques dans le vaste domaine du paysage num\u00e9rique. Ce plugin s&rsquo;int\u00e8gre parfaitement \u00e0 la plate-forme WooCommerce, accordant aux photographes la capacit\u00e9 inestimable de pr\u00e9senter et de vendre efficacement leurs instantan\u00e9s impressionnants directement sur leur site Web personnel. Dot\u00e9 d&rsquo;une interface remarquablement conviviale, les photographes sont permis sans effort de t\u00e9l\u00e9charger, d&rsquo;organiser et de g\u00e9rer avec comp\u00e9tence leur abondante collection de photographies fascinantes. \u00c0 leur tour, les clients potentiels sont accord\u00e9s \u00e0 l&rsquo;occasion in\u00e9gal\u00e9e de se pr\u00e9lasser dans la beaut\u00e9 captivante des galeries captivantes, de parcourir et de s\u00e9lectionner m\u00e9ticuleusement leurs images les plus ch\u00e8res, et proc\u00e9der de mani\u00e8re transparente \u00e0 les se procurer dans une myriade de formats polyvalents, allant parmi les t\u00e9l\u00e9chargements num\u00e9riques pratiques en L&rsquo;attrait intemporel des imprim\u00e9s tangibles. Peut-\u00eatre que l&rsquo;une des facettes les plus s\u00e9duisantes de ce plugin r\u00e9side dans son vaste r\u00e9pertoire d&rsquo;options de personnalisation, permettant aux photographes de manipuler et de perfectionner de mani\u00e8re experte leur vision artistique, y compris, mais sans s&rsquo;y limiter La cr\u00e9ation m\u00e9ticuleuse de filigranes distinctifs. En conclusion, la photographie de WooCommerce s&rsquo;av\u00e8re sans aucun doute une solution tr\u00e8s puissante et extr\u00eamement avantageuse, m\u00e9ticuleusement adapt\u00e9e pour r\u00e9pondre aux besoins exigeants des photographes qui aspirent ardemment \u00e0 augmenter leurs ventes en ligne et \u00e0 rationaliser leur flux de travail cr\u00e9atif \u00e0 des sommets in\u00e9gal\u00e9s d&rsquo;efficacit\u00e9 et de succ\u00e8s.<\/p>\n<ul>\n<li>Solution de commerce \u00e9lectronique sp\u00e9cialement con\u00e7ue pour les entreprises de photographie utilisant WooCommerce<\/li>\n<li>Int\u00e9gr\u00e9 aux principales passerelles de paiement pour les transactions en ligne s\u00e9curis\u00e9es<\/li>\n<li>Propose des mod\u00e8les de vitrines personnalisables pour pr\u00e9senter vos photos et produits<\/li>\n<li>Comprend des options pour les t\u00e9l\u00e9chargements num\u00e9riques, les impressions et les produits photo tels que les toiles et les livres photo<\/li>\n<li>Rationalise la gestion des commandes et la r\u00e9alisation avec des e-mails automatis\u00e9s et des num\u00e9ros de suivi<\/li>\n<li>Interface conviviale pour une exp\u00e9rience client transparente<\/li>\n<li>Compatible avec les constructeurs de sites Web de photographie populaires tels que WordPress<\/li>\n<li>Fournit des rapports et des analyses robustes pour suivre les ventes, le comportement des clients et les stocks<\/li>\n<li>Facilement g\u00e9rable \u00e0 partir d&rsquo;un tableau de bord centralis\u00e9 pour la gestion des magasins sans effort<\/li>\n<li>Offre un soutien 24h \/ 24 et 7j \/ 7 de professionnels experts.<\/li>\n<\/ul>\n","protected":false},"excerpt":{"rendered":"<p>Le plugin de photographie WooCommerce est un outil incroyablement robuste et dynamique qui facilite la vente transparente de votre vaste gamme de produits et services photographiques. B\u00e9n\u00e9ficiant d&rsquo;une int\u00e9gration sans faille avec votre magasin WooCommerce existant, ce plugin vous permet de vous \u00e9quiper de la possibilit\u00e9 de t\u00e9l\u00e9charger, vendre et g\u00e9rer efficacement votre impressionnante gamme de produits num\u00e9riques, y compris, mais sans s&rsquo;y limiter tellement plus. Arm\u00e9 d&rsquo;une suite compl\u00e8te d&rsquo;outils essentiels \u00e0 votre disposition, vous poss\u00e9dez les moyens de construire de mani\u00e8re experte un magasin de photographie en ligne visuellement captivant et compl\u00e8tement convivial, en vous assurant que votre client\u00e8le estim\u00e9e peut sans effort parcourir et acheter vos offres remarquables. En exploitant les capacit\u00e9s remarquables de la photographie de WooCommerce, vous tiendez la cl\u00e9 pour propulser votre entreprise de photographie estim\u00e9e \u00e0 des sommets sans pr\u00e9c\u00e9dent, en d\u00e9passant sans effort toutes les limitations pr\u00e9c\u00e9dentes et en r\u00e9alisant un succ\u00e8s et une \u00e9panouissement retrouv\u00e9s.<\/p>\n","protected":false},"featured_media":145970,"comment_status":"open","ping_status":"open","template":"","meta":[],"product_brand":[2440],"product_cat":[1183,1182,1181],"product_tag":[1398],"class_list":{"0":"post-114008","1":"product","2":"type-product","3":"status-publish","4":"has-post-thumbnail","6":"product_brand-woocommerce","7":"product_cat-administration","8":"product_cat-commerce-electronique-plugins","9":"product_cat-plugins","10":"product_tag-woocommerce","11":"member-discount","12":"discount-restricted","14":"first","15":"instock","16":"sale","17":"downloadable","18":"virtual","19":"sold-individually","20":"purchasable","21":"product-type-simple"},"_links":{"self":[{"href":"https:\/\/gpl-love.com\/fr\/wp-json\/wp\/v2\/product\/114008","targetHints":{"allow":["GET"]}}],"collection":[{"href":"https:\/\/gpl-love.com\/fr\/wp-json\/wp\/v2\/product"}],"about":[{"href":"https:\/\/gpl-love.com\/fr\/wp-json\/wp\/v2\/types\/product"}],"replies":[{"embeddable":true,"href":"https:\/\/gpl-love.com\/fr\/wp-json\/wp\/v2\/comments?post=114008"}],"wp:featuredmedia":[{"embeddable":true,"href":"https:\/\/gpl-love.com\/fr\/wp-json\/wp\/v2\/media\/145970"}],"wp:attachment":[{"href":"https:\/\/gpl-love.com\/fr\/wp-json\/wp\/v2\/media?parent=114008"}],"wp:term":[{"taxonomy":"product_brand","embeddable":true,"href":"https:\/\/gpl-love.com\/fr\/wp-json\/wp\/v2\/product_brand?post=114008"},{"taxonomy":"product_cat","embeddable":true,"href":"https:\/\/gpl-love.com\/fr\/wp-json\/wp\/v2\/product_cat?post=114008"},{"taxonomy":"product_tag","embeddable":true,"href":"https:\/\/gpl-love.com\/fr\/wp-json\/wp\/v2\/product_tag?post=114008"}],"curies":[{"name":"wp","href":"https:\/\/api.w.org\/{rel}","templated":true}]}}