{"id":114004,"date":"2026-03-18T00:00:00","date_gmt":"2026-03-17T23:00:00","guid":{"rendered":"http:\/\/gpl-love.com\/fr\/produit\/woocommerce-eu-vat-number\/"},"modified":"2026-04-10T18:46:52","modified_gmt":"2026-04-10T16:46:52","slug":"woocommerce-eu-vat-number","status":"publish","type":"product","link":"https:\/\/gpl-love.com\/fr\/produit\/woocommerce-eu-vat-number\/","title":{"rendered":"WooCommerce EU VAT Number 3.1.0"},"content":{"rendered":"<h3>WooCommerce EU VAT Number Traits<\/h3>\n<p>Le plugin de num\u00e9ro de TVA WooCommerce Indispensable sert d&rsquo;instrument crucial pour les entreprises engag\u00e9es dans des op\u00e9rations au sein de l&rsquo;Union europ\u00e9enne. Ce plugin remarquable permet aux entreprises de garantir leur adh\u00e9sion aux r\u00e9glementations de la TVA impos\u00e9es par l&rsquo;UE en facilitant la collecte et la validation des num\u00e9ros de TVA des clients pendant le processus de paiement. De plus, ce plugin permet aux entreprises d&rsquo;afficher les num\u00e9ros de TVA sur leurs factures, simplifiant ainsi la proc\u00e9dure de remboursement de la TVA. La puissance inh\u00e9rente de ce plugin r\u00e9side dans son installation et sa configuration transparentes, ce qui le rend un atout indispensable pour toute entreprise qui fonctionne au sein de l&rsquo;UE. En tirant parti des capacit\u00e9s du plugin de num\u00e9ro de TVA de WooCommerce, les entreprises peuvent optimiser efficacement leur utilisation du temps, minimiser la survenue d&rsquo;erreurs et garantir sans \u00e9quivoque leur respect in\u00e9branlable des r\u00e9glementations de la TVA de l&rsquo;UE.<\/p>\n<ul>\n<li>Valide et stocke automatiquement les num\u00e9ros de TVA de l&rsquo;UE pour les clients de WooCommerce<\/li>\n<li>Permet une exon\u00e9ration fiscale pour les num\u00e9ros de TVA europ\u00e9ens v\u00e9rifi\u00e9s pendant le processus de paiement<\/li>\n<li>Simplifie la conformit\u00e9 aux r\u00e9glementations de TVA de l&rsquo;Union europ\u00e9enne pour les entreprises vendant aux clients de l&rsquo;UE<\/li>\n<li>R\u00e9duit le risque de r\u00e9trofacturation ou de p\u00e9nalit\u00e9s fiscales en assurant une bonne collecte de TVA<\/li>\n<li>Offre une installation et une utilisation faciles avec une interface conviviale<\/li>\n<li>Gave le temps et \u00e9limine le besoin de validation manuelle du num\u00e9ro de TVA<\/li>\n<li>Offre une tranquillit\u00e9 d&rsquo;esprit aux entreprises op\u00e9rant sur le march\u00e9 de l&rsquo;UE<\/li>\n<li>Compatible avec la derni\u00e8re version de WooCommerce et conforme aux r\u00e9glementations du RGPD.<\/li>\n<\/ul>\n","protected":false},"excerpt":{"rendered":"<p>Le plugin de num\u00e9ro de TVA de WooCommerce a \u00e9t\u00e9 m\u00e9ticuleusement con\u00e7u pour faciliter efficacement la gestion des questions internationales complexes li\u00e9es \u00e0 l&rsquo;imp\u00f4t. En utilisant ce plugin, vous serez accord\u00e9 la capacit\u00e9 inestimable de rassembler, authentifier et conserver en toute s\u00e9curit\u00e9 les num\u00e9ros de TVA provenant de votre client\u00e8le estim\u00e9e au sein de l&rsquo;Union europ\u00e9enne. En outre, cet outil avanc\u00e9 examine m\u00e9ticuleusement le nombre de TVA fourni au cours du point de vente crucial, mettant par la suite et diligemment en \u0153uvre le taux d&rsquo;imposition appropri\u00e9, servant ainsi de garantie indispensable contre tout probl\u00e8me de non-conformit\u00e9 potentiel tout en offrant simultan\u00e9ment une r\u00e9duction substantielle du temps &#8211; Consommation de la t\u00e2che de calcul manuellement des cotisations fiscales. Il est donc sans \u00e9quivoque \u00e9vident que l&rsquo;acquisition de ce plugin est une n\u00e9cessit\u00e9 absolue pour tout \u00e9tablissement WooCommerce qui cherche \u00e0 effectuer des transactions commerciales prosp\u00e8res avec des individus originaires de la r\u00e9gion de l&rsquo;Union europ\u00e9enne.<\/p>\n","protected":false},"featured_media":145879,"comment_status":"open","ping_status":"open","template":"","meta":[],"product_brand":[2440],"product_cat":[1183,1182,1181],"product_tag":[1398],"class_list":{"0":"post-114004","1":"product","2":"type-product","3":"status-publish","4":"has-post-thumbnail","6":"product_brand-woocommerce","7":"product_cat-administration","8":"product_cat-commerce-electronique-plugins","9":"product_cat-plugins","10":"product_tag-woocommerce","11":"member-discount","12":"discount-restricted","14":"first","15":"instock","16":"sale","17":"downloadable","18":"virtual","19":"sold-individually","20":"purchasable","21":"product-type-simple"},"_links":{"self":[{"href":"https:\/\/gpl-love.com\/fr\/wp-json\/wp\/v2\/product\/114004","targetHints":{"allow":["GET"]}}],"collection":[{"href":"https:\/\/gpl-love.com\/fr\/wp-json\/wp\/v2\/product"}],"about":[{"href":"https:\/\/gpl-love.com\/fr\/wp-json\/wp\/v2\/types\/product"}],"replies":[{"embeddable":true,"href":"https:\/\/gpl-love.com\/fr\/wp-json\/wp\/v2\/comments?post=114004"}],"wp:featuredmedia":[{"embeddable":true,"href":"https:\/\/gpl-love.com\/fr\/wp-json\/wp\/v2\/media\/145879"}],"wp:attachment":[{"href":"https:\/\/gpl-love.com\/fr\/wp-json\/wp\/v2\/media?parent=114004"}],"wp:term":[{"taxonomy":"product_brand","embeddable":true,"href":"https:\/\/gpl-love.com\/fr\/wp-json\/wp\/v2\/product_brand?post=114004"},{"taxonomy":"product_cat","embeddable":true,"href":"https:\/\/gpl-love.com\/fr\/wp-json\/wp\/v2\/product_cat?post=114004"},{"taxonomy":"product_tag","embeddable":true,"href":"https:\/\/gpl-love.com\/fr\/wp-json\/wp\/v2\/product_tag?post=114004"}],"curies":[{"name":"wp","href":"https:\/\/api.w.org\/{rel}","templated":true}]}}