{"id":113996,"date":"2022-01-18T00:00:00","date_gmt":"2022-01-17T23:00:00","guid":{"rendered":"http:\/\/gpl-love.com\/fr\/produit\/sefe-sina-extension-pour-elementor\/"},"modified":"2026-04-10T18:39:11","modified_gmt":"2026-04-10T16:39:11","slug":"sefe-sina-extension-pour-elementor","status":"publish","type":"product","link":"https:\/\/gpl-love.com\/fr\/produit\/sefe-sina-extension-pour-elementor\/","title":{"rendered":"SEFE Sina Extension pour Elementor 1.10.1"},"content":{"rendered":"<h3>SEFE Sina Extension pour Elementor Traits<\/h3>\n<p>L&rsquo;extension Sefe Sina pour Elementor est un outil exceptionnellement puissant et robuste qui vous offre la capacit\u00e9 transparente \u00e0 fa\u00e7onner sans effort des sites Web remarquables gr\u00e2ce \u00e0 l&rsquo;utilisation de Elementor. Avec l&rsquo;inclusion de Sefe Sina, vous \u00eates accord\u00e9 \u00e0 la capacit\u00e9 rapide et efficace pour incorporer de nouvelles fonctionnalit\u00e9s et fonctionnalit\u00e9s sur votre site Web, englobant les types de messages personnalis\u00e9s, les widgets et une pl\u00e9thore d&rsquo;autres ajouts inestimables. Cette extension est m\u00e9ticuleusement con\u00e7ue pour pr\u00e9senter un niveau de simplicit\u00e9 et de convivialit\u00e9 qui est sans pr\u00e9c\u00e9dent, ce qui le rend accessible aux individus de niveaux de comp\u00e9tence variables, que ce soit des novices ou des d\u00e9veloppeurs chevronn\u00e9s. Opter pour Sefe Sina Extension pour Elementor est une d\u00e9cision astucieuse qui vous permettra sans aucun doute de g\u00e9rer des sites Web visuellement frappants et de haut niveau qui se distinguent sans effort des masses. Par cons\u00e9quent, pourquoi tergiverser? Prenez-vous sur vous pour explorer le potentiel transformateur de Sefe Sina aujourd&rsquo;hui et assister personnellement \u00e0 la distinction remarquable qu&rsquo;il cr\u00e9e!<\/p>\n<ul>\n<li>L&rsquo;extension Sefe Sina pour Elementor est un plugin puissant qui \u00e9tend la fonctionnalit\u00e9 du constructeur de page Elementor populaire<\/li>\n<li>Avec Sefe Sina, vous pouvez facilement personnaliser vos pages Elementor avec une large gamme de nouvelles fonctionnalit\u00e9s et fonctionnalit\u00e9s<\/li>\n<li>Comprend plus de 20 nouveaux widgets, tels que les curseurs avanc\u00e9s, les galeries, les accord\u00e9ons et plus<\/li>\n<li>Comprend \u00e9galement de nouveaux mod\u00e8les Elementor et des sections pr\u00e9-con\u00e7ues pour vous aider \u00e0 cr\u00e9er rapidement de belles pages professionnelles<\/li>\n<li>L&rsquo;extension Sefe Sina pour Elementor est hautement personnalisable, vous permettant d&rsquo;ajuster tous les aspects de vos pages \u00e0 vos besoins sp\u00e9cifiques<\/li>\n<li>Compatible avec tous les principaux th\u00e8mes et navigateurs WordPress, assurant une compatibilit\u00e9 avec votre configuration de site Web existante<\/li>\n<li>Livr\u00e9 avec des mises \u00e0 jour gratuites et un soutien d\u00e9di\u00e9 d&rsquo;une \u00e9quipe d\u00e9di\u00e9e pour vous aider \u00e0 tirer le meilleur parti de votre investissement<\/li>\n<li>Si vous recherchez un plugin puissant et polyvalent pour faire passer vos pages Elementor au niveau sup\u00e9rieur, Sefe Sina est un excellent choix.<\/li>\n<\/ul>\n","protected":false},"excerpt":{"rendered":"<p>SEFE SINA Extension pour Elementor, un outil incroyablement puissant largement con\u00e7u pour amplifier la fonctionnalit\u00e9 de votre site Web ax\u00e9 sur Elementor, fournit un assortiment de nouveaux widgets, mod\u00e8les et \u00e9l\u00e9ments de conception que vous pouvez int\u00e9grer de mani\u00e8re transparente dans votre site, vous permettant ainsi de cr\u00e9er sans effort de fabriquer sans effort Contenu visuellement captivant et convaincant. Si votre aspiration vise \u00e0 int\u00e9grer des cartes interactives, des formes personnalis\u00e9es ou des animations impressionnantes, une extension SEFE SINA pour Elementor vous accorde l&rsquo;arsenal n\u00e9cessaire pour fa\u00e7onner un site Web vraiment distinctif et sans pr\u00e9c\u00e9dent. Ainsi, si vous vous trouvez avec ferveur aspirant \u00e0 propulser votre site \u00e9l\u00e9mentaire vers Uncharted Heights, il est imp\u00e9ratif de vous familiariser rapidement avec les capacit\u00e9s exceptionnelles de l&rsquo;extension Sefe Sina aujourd&rsquo;hui!<\/p>\n","protected":false},"featured_media":145208,"comment_status":"open","ping_status":"open","template":"","meta":[],"product_brand":[2435],"product_cat":[1189,1181,1186],"product_tag":[1231],"class_list":{"0":"post-113996","1":"product","2":"type-product","3":"status-publish","4":"has-post-thumbnail","6":"product_brand-codecanyon","7":"product_cat-personnalisation","8":"product_cat-plugins","9":"product_cat-wordpress-plugins","10":"product_tag-codecanyon","11":"member-discount","12":"discount-restricted","14":"first","15":"instock","16":"sale","17":"downloadable","18":"virtual","19":"sold-individually","20":"purchasable","21":"product-type-simple"},"_links":{"self":[{"href":"https:\/\/gpl-love.com\/fr\/wp-json\/wp\/v2\/product\/113996","targetHints":{"allow":["GET"]}}],"collection":[{"href":"https:\/\/gpl-love.com\/fr\/wp-json\/wp\/v2\/product"}],"about":[{"href":"https:\/\/gpl-love.com\/fr\/wp-json\/wp\/v2\/types\/product"}],"replies":[{"embeddable":true,"href":"https:\/\/gpl-love.com\/fr\/wp-json\/wp\/v2\/comments?post=113996"}],"wp:featuredmedia":[{"embeddable":true,"href":"https:\/\/gpl-love.com\/fr\/wp-json\/wp\/v2\/media\/145208"}],"wp:attachment":[{"href":"https:\/\/gpl-love.com\/fr\/wp-json\/wp\/v2\/media?parent=113996"}],"wp:term":[{"taxonomy":"product_brand","embeddable":true,"href":"https:\/\/gpl-love.com\/fr\/wp-json\/wp\/v2\/product_brand?post=113996"},{"taxonomy":"product_cat","embeddable":true,"href":"https:\/\/gpl-love.com\/fr\/wp-json\/wp\/v2\/product_cat?post=113996"},{"taxonomy":"product_tag","embeddable":true,"href":"https:\/\/gpl-love.com\/fr\/wp-json\/wp\/v2\/product_tag?post=113996"}],"curies":[{"name":"wp","href":"https:\/\/api.w.org\/{rel}","templated":true}]}}