{"id":113994,"date":"2025-09-06T00:00:00","date_gmt":"2025-09-05T22:00:00","guid":{"rendered":"http:\/\/gpl-love.com\/fr\/produit\/woocommerce-conversion-tracking-pro\/"},"modified":"2026-04-10T18:46:28","modified_gmt":"2026-04-10T16:46:28","slug":"woocommerce-conversion-tracking-pro","status":"publish","type":"product","link":"https:\/\/gpl-love.com\/fr\/produit\/woocommerce-conversion-tracking-pro\/","title":{"rendered":"WooCommerce Conversion Tracking Pro 1.1.2"},"content":{"rendered":"<h3>WooCommerce Conversion Tracking Pro Traits<\/h3>\n<p>WooCommerce Conversion Tracking Pro, un outil tr\u00e8s puissant con\u00e7u pour les entreprises utilisant WooCommerce, offre un \u00e9ventail de fonctionnalit\u00e9s qui vont au-del\u00e0 de l&rsquo;ordinaire. En utilisant ce plugin, les entreprises peuvent surveiller et \u00e9valuer efficacement l&rsquo;efficacit\u00e9 de leurs campagnes marketing, ce qui leur permet de prendre des d\u00e9cisions \u00e9clair\u00e9es et d&rsquo;am\u00e9liorer leurs performances globales. Ce plugin remarquable fournit aux entreprises des informations compl\u00e8tes et complexes sur les taux de conversion, la g\u00e9n\u00e9ration de revenus et le comportement des clients, leur \u00e9quipant ainsi les moyens d&rsquo;affiner et d&rsquo;optimiser leurs strat\u00e9gies de marketing, ce qui entra\u00eene une augmentation substantielle des chiffres de vente. B\u00e9n\u00e9ficiant d&rsquo;une interface conviviale et de la fourniture de donn\u00e9es en temps r\u00e9el, cet outil indispensable est devenu un incontournable absolu pour toute entreprise souhaitant s&rsquo;\u00e9panouir et prosp\u00e9rer au milieu de la concurrence fard\u00e9e du march\u00e9 d&rsquo;aujourd&rsquo;hui. Avec l&rsquo;adoption de WooCommerce Conversion Tracking Pro, les entreprises peuvent \u00e9lever leurs efforts de commerce \u00e9lectronique \u00e0 des hauteurs sans pr\u00e9c\u00e9dent et atteindre des r\u00e9sultats vraiment remarquables et impressionnants.<\/p>\n<ul>\n<li>Suivi de conversion en temps r\u00e9el pour les magasins WooCommerce<\/li>\n<li>Suivi avec pr\u00e9cision toutes les transactions, y compris les achats de produits et les actions de CART abandonn\u00e9es<\/li>\n<li>Fournit des informations d\u00e9taill\u00e9es et des rapports sur les taux de conversion, les revenus et le comportement du client<\/li>\n<li>S&rsquo;int\u00e8gre \u00e0 Google Analytics pour le suivi et les rapports transparents<\/li>\n<li>Comp\u00e9tences de codage facile \u00e0 installer et \u00e0 configurer requise<\/li>\n<li>Peut suivre plusieurs canaux de vente, y compris des campagnes par e-mail et des programmes de r\u00e9f\u00e9rence<\/li>\n<li>Offre des options de suivi personnalisables pour r\u00e9pondre aux besoins et objectifs commerciaux sp\u00e9cifiques<\/li>\n<li>Aide \u00e0 identifier les domaines d&rsquo;am\u00e9lioration et d&rsquo;optimisation des strat\u00e9gies de vente et de marketing<\/li>\n<li>Compatible avec tous les principaux th\u00e8mes et plugins pour WooCommerce<\/li>\n<li>Fournit un support client exceptionnel et des mises \u00e0 jour logicielles r\u00e9guli\u00e8res.<\/li>\n<\/ul>\n","protected":false},"excerpt":{"rendered":"<p>WooCommerce Conversion Tracking Pro, un plugin sp\u00e9cialis\u00e9 et sophistiqu\u00e9 m\u00e9ticuleusement con\u00e7u pour les magasins WooCommerce, offre une solution in\u00e9gal\u00e9e pour un suivi de conversion complet. Surveillez et examinez sans effort toutes vos donn\u00e9es de vente et de conversion en ligne avec la plus grande commodit\u00e9 et pr\u00e9cision en utilisant ce plugin remarquable. Obtenir des informations pr\u00e9cieuses sur les informations de commande, les donn\u00e9es des clients et m\u00eame les donn\u00e9es de CART abandonn\u00e9es, fournissant une assistance inestimable pour affiner votre entonnoir de vente et augmenter les taux de conversion. L&rsquo;int\u00e9gration transparente de ce plugin avec votre magasin WooCommerce assure un processus d&rsquo;installation sans tracas. D\u00e9verrouiller le potentiel des analyses d\u00e9taill\u00e9es, vous permettant d&rsquo;optimiser vos efforts de marketing pour des r\u00e9sultats sup\u00e9rieurs, gracieuset\u00e9 du remarquable WooCommerce Conversion Tracking Pro.<\/p>\n","protected":false},"featured_media":145843,"comment_status":"open","ping_status":"open","template":"","meta":[],"product_brand":[2435],"product_cat":[1183,1182,1181],"product_tag":[1231],"class_list":{"0":"post-113994","1":"product","2":"type-product","3":"status-publish","4":"has-post-thumbnail","6":"product_brand-codecanyon","7":"product_cat-administration","8":"product_cat-commerce-electronique-plugins","9":"product_cat-plugins","10":"product_tag-codecanyon","11":"member-discount","12":"discount-restricted","14":"first","15":"instock","16":"sale","17":"downloadable","18":"virtual","19":"sold-individually","20":"purchasable","21":"product-type-simple"},"_links":{"self":[{"href":"https:\/\/gpl-love.com\/fr\/wp-json\/wp\/v2\/product\/113994","targetHints":{"allow":["GET"]}}],"collection":[{"href":"https:\/\/gpl-love.com\/fr\/wp-json\/wp\/v2\/product"}],"about":[{"href":"https:\/\/gpl-love.com\/fr\/wp-json\/wp\/v2\/types\/product"}],"replies":[{"embeddable":true,"href":"https:\/\/gpl-love.com\/fr\/wp-json\/wp\/v2\/comments?post=113994"}],"wp:featuredmedia":[{"embeddable":true,"href":"https:\/\/gpl-love.com\/fr\/wp-json\/wp\/v2\/media\/145843"}],"wp:attachment":[{"href":"https:\/\/gpl-love.com\/fr\/wp-json\/wp\/v2\/media?parent=113994"}],"wp:term":[{"taxonomy":"product_brand","embeddable":true,"href":"https:\/\/gpl-love.com\/fr\/wp-json\/wp\/v2\/product_brand?post=113994"},{"taxonomy":"product_cat","embeddable":true,"href":"https:\/\/gpl-love.com\/fr\/wp-json\/wp\/v2\/product_cat?post=113994"},{"taxonomy":"product_tag","embeddable":true,"href":"https:\/\/gpl-love.com\/fr\/wp-json\/wp\/v2\/product_tag?post=113994"}],"curies":[{"name":"wp","href":"https:\/\/api.w.org\/{rel}","templated":true}]}}