{"id":113992,"date":"2024-07-26T00:00:00","date_gmt":"2024-07-25T22:00:00","guid":{"rendered":"http:\/\/gpl-love.com\/fr\/produit\/weberium-responsive-wordpress-theme\/"},"modified":"2026-04-10T18:45:22","modified_gmt":"2026-04-10T16:45:22","slug":"weberium-responsive-wordpress-theme","status":"publish","type":"product","link":"https:\/\/gpl-love.com\/fr\/produit\/weberium-responsive-wordpress-theme\/","title":{"rendered":"Weberium Responsive WordPress Theme 1.30"},"content":{"rendered":"<h3>Weberium Responsive WordPress Theme Traits<\/h3>\n<p>Weberium, se vantant de ses caract\u00e9ristiques tr\u00e8s r\u00e9actives et polyvalentes, s&rsquo;av\u00e8re \u00eatre un th\u00e8me WordPress id\u00e9al r\u00e9pondant aux besoins des entreprises, des agences et des individus aspirant \u00e0 \u00e9tablir une pr\u00e9sence en ligne remarquable. Son design \u00e9l\u00e9gant et moderne se m\u00e9lange parfaitement \u00e0 une myriade d&rsquo;options de personnalisation, accordant aux utilisateurs la libert\u00e9 de fa\u00e7onner un site Web \u00e0 la fois distinctif et professionnel. De plus, ce th\u00e8me est m\u00e9ticuleusement optimis\u00e9 pour assurer des temps de chargement rapides et efficaces, illustrant son engagement \u00e0 la vitesse et aux performances. De plus, Weberium s&rsquo;int\u00e8gre harmonieusement avec des plugins et des constructeurs de pages pro\u00e9minents, facilitant l&rsquo;int\u00e9gration transparente des fonctionnalit\u00e9s avanc\u00e9es et des dispositions sur mesure sur votre site Web. Que votre objectif soit de montrer votre portefeuille, de vous engager dans des efforts de commerce \u00e9lectronique ou de publier vos services, Weberium \u00e9merge sans \u00e9quivoque comme le th\u00e8me par excellence pour r\u00e9aliser vos aspirations.<\/p>\n<ul>\n<li>Th\u00e8me WordPress hautement personnalisable et convivial<\/li>\n<li>Conception enti\u00e8rement r\u00e9active qui s&rsquo;adapte \u00e0 toutes les tailles et appareils d&rsquo;\u00e9cran<\/li>\n<li>Plusieurs d\u00e9mos et dispositions pr\u00e9-con\u00e7ues au choix<\/li>\n<li>Panneau d&rsquo;options de th\u00e8me avanc\u00e9 pour une personnalisation facile<\/li>\n<li>Faire glisser et d\u00e9poser un constructeur de page pour la cr\u00e9ation de contenu sans tracas<\/li>\n<li>SEO optimis\u00e9 pour une meilleure visibilit\u00e9 des moteurs de recherche<\/li>\n<li>Traduction pr\u00eate avec la prise en charge de plusieurs langues<\/li>\n<li>Compatible avec les plugins WordPress populaires comme WooCommerce et le formulaire de contact 7<\/li>\n<li>Codage HTML5 et CSS3 valide pour le chargement rapide et les performances am\u00e9lior\u00e9es<\/li>\n<li>\u00c9quipe d&rsquo;assistance professionnelle et d\u00e9vou\u00e9e pour une assistance en temps opportun<\/li>\n<\/ul>\n","protected":false},"excerpt":{"rendered":"<p>Le th\u00e8me WordPress r\u00e9actif Weberium poss\u00e8de un niveau de r\u00e9activit\u00e9 et de personnalisation remarquablement \u00e9lev\u00e9, ce qui en fait un choix id\u00e9al pour les sites Web \u00e0 la recherche d&rsquo;une apparence \u00e9l\u00e9gante et polie. Sa conception contemporaine et discr\u00e8te rend le th\u00e8me exceptionnellement bien adapt\u00e9 \u00e0 la pr\u00e9sentation de votre entreprise, de vos produits et de vos services de mani\u00e8re esth\u00e9tique. De plus, ce th\u00e8me fournit un tableau de fonctionnalit\u00e9s et d&rsquo;outils int\u00e9gr\u00e9s robustes, facilitant ainsi la personnalisation et la gestion des sites Web sans couture et intuitifs. Que vous poss\u00e9diez une ma\u00eetrise de niveau d\u00e9butant ou que vous poss\u00e9diez des comp\u00e9tences avanc\u00e9es en d\u00e9veloppeur, le th\u00e8me WordPress sensible \u00e0 Weberium repr\u00e9sente la quintessence de la perfection lorsqu&rsquo;il s&rsquo;agit de cr\u00e9er un site Web de pointe et dynamique impr\u00e9gn\u00e9 d&rsquo;une aura professionnelle.<\/p>\n","protected":false},"featured_media":145745,"comment_status":"open","ping_status":"open","template":"","meta":[],"product_brand":[2433],"product_cat":[1516,1212,1213],"product_tag":[1366],"class_list":{"0":"post-113992","1":"product","2":"type-product","3":"status-publish","4":"has-post-thumbnail","6":"product_brand-themeforest","7":"product_cat-entreprise","8":"product_cat-themes","9":"product_cat-wordpress-themes","10":"product_tag-themeforest","11":"member-discount","12":"discount-restricted","14":"first","15":"instock","16":"sale","17":"downloadable","18":"virtual","19":"sold-individually","20":"purchasable","21":"product-type-simple"},"_links":{"self":[{"href":"https:\/\/gpl-love.com\/fr\/wp-json\/wp\/v2\/product\/113992","targetHints":{"allow":["GET"]}}],"collection":[{"href":"https:\/\/gpl-love.com\/fr\/wp-json\/wp\/v2\/product"}],"about":[{"href":"https:\/\/gpl-love.com\/fr\/wp-json\/wp\/v2\/types\/product"}],"replies":[{"embeddable":true,"href":"https:\/\/gpl-love.com\/fr\/wp-json\/wp\/v2\/comments?post=113992"}],"wp:featuredmedia":[{"embeddable":true,"href":"https:\/\/gpl-love.com\/fr\/wp-json\/wp\/v2\/media\/145745"}],"wp:attachment":[{"href":"https:\/\/gpl-love.com\/fr\/wp-json\/wp\/v2\/media?parent=113992"}],"wp:term":[{"taxonomy":"product_brand","embeddable":true,"href":"https:\/\/gpl-love.com\/fr\/wp-json\/wp\/v2\/product_brand?post=113992"},{"taxonomy":"product_cat","embeddable":true,"href":"https:\/\/gpl-love.com\/fr\/wp-json\/wp\/v2\/product_cat?post=113992"},{"taxonomy":"product_tag","embeddable":true,"href":"https:\/\/gpl-love.com\/fr\/wp-json\/wp\/v2\/product_tag?post=113992"}],"curies":[{"name":"wp","href":"https:\/\/api.w.org\/{rel}","templated":true}]}}