{"id":113988,"date":"2021-04-15T00:00:00","date_gmt":"2021-04-14T22:00:00","guid":{"rendered":"http:\/\/gpl-love.com\/fr\/produit\/vision-interactive-image-map-builder-pour-wordpress\/"},"modified":"2026-04-10T18:45:06","modified_gmt":"2026-04-10T16:45:06","slug":"vision-interactive-image-map-builder-pour-wordpress","status":"publish","type":"product","link":"https:\/\/gpl-love.com\/fr\/produit\/vision-interactive-image-map-builder-pour-wordpress\/","title":{"rendered":"Vision Interactive Image Map Builder pour WordPress 1.4.4"},"content":{"rendered":"<h3>Vision Interactive Image Map Builder pour WordPress Traits<\/h3>\n<p>Vision Interactive Image Map Builder pour WordPress est un outil incroyablement robuste et puissant qui donne aux utilisateurs la possibilit\u00e9 de g\u00e9n\u00e9rer sans effort des cartes d&rsquo;image interactives pour leur site Web WordPress. En incorporant des points chauds, des Info-tools et des fen\u00eatres contextuelles sur les images, les utilisateurs peuvent \u00e9lever l&rsquo;attrait visuel et l&rsquo;engagement de leur site Web. Le logiciel poss\u00e8de une nature conviviale et intuitive, gracieuset\u00e9 de son interface de glisser-d\u00e9poser pratique qui rationalise la cr\u00e9ation de cartes personnalis\u00e9es. De plus, ce logiciel exceptionnel offre \u00e9galement un vaste assortiment d&rsquo;options de personnalisation, offrant aux utilisateurs la possibilit\u00e9 de modifier l&rsquo;apparence et l&rsquo;ambiance de la carte pour s&rsquo;aligner de mani\u00e8re transparente sur la marque unique de leur site Web. En r\u00e9sum\u00e9, pour les entreprises et les particuliers qui cherchent \u00e0 augmenter leur site Web WordPress avec des cartes d&rsquo;image captivantes et interactives, le choix incomparable r\u00e9side dans Vision Interactive Image Map Builder pour WordPress.<\/p>\n<ul>\n<li>Cr\u00e9ation facile de cartes d&rsquo;image interactives personnalis\u00e9es sur les sites Web WordPress<\/li>\n<li>Aucune exp\u00e9rience de codage n\u00e9cessaire, avec une simple interface de glisser-d\u00e9poser<\/li>\n<li>Enti\u00e8rement r\u00e9actif et compatible avec tous les appareils<\/li>\n<li>Une vari\u00e9t\u00e9 d&rsquo;options de personnalisation pour les points chauds, les info-bulleurs et les \u00e9tiquettes<\/li>\n<li>Affichages dynamiques d&rsquo;informations avec des transitions anim\u00e9es<\/li>\n<li>Int\u00e9gration avec Google Analytics pour le suivi et l&rsquo;analyse<\/li>\n<li>Interface conviviale pour la gestion et l&rsquo;\u00e9dition de cartes<\/li>\n<li>Acc\u00e8s \u00e0 une biblioth\u00e8que d&rsquo;ic\u00f4nes et d&rsquo;images de haute qualit\u00e9<\/li>\n<li>Mises \u00e0 jour r\u00e9guli\u00e8res et support pour les fonctionnalit\u00e9s et la compatibilit\u00e9 continues<\/li>\n<li>Prix \u200b\u200babordables, avec des options pour une utilisation individuelle ou professionnelle.<\/li>\n<\/ul>\n","protected":false},"excerpt":{"rendered":"<p>La cr\u00e9ation de cartes d&rsquo;image engageantes et interactives n&rsquo;a jamais \u00e9t\u00e9 aussi simple que avec le constructeur de cartes d&rsquo;image Interactive Vision pour WordPress. En t\u00e9l\u00e9chargeant simplement votre image et en incorporant des ic\u00f4nes pr\u00e9d\u00e9finies, des bo\u00eetes d&rsquo;information et des liens, vous pouvez construire sans effort une exp\u00e9rience unique et captivante pour les visiteurs de votre site Web. L&rsquo;interface glisser-d\u00e9poser conviviale nie la n\u00e9cessit\u00e9 d&rsquo;une expertise de codage, tandis que la conception r\u00e9active garantit une interaction sans faille sur divers appareils. \u00c9levez l&rsquo;attrait de votre site Web et captivez efficacement votre public en utilisant le constructeur de cartes d&rsquo;image Interactive Vision pour WordPress.<\/p>\n","protected":false},"featured_media":145723,"comment_status":"open","ping_status":"open","template":"","meta":[],"product_brand":[2435],"product_cat":[1189,1181,1186],"product_tag":[1231],"class_list":{"0":"post-113988","1":"product","2":"type-product","3":"status-publish","4":"has-post-thumbnail","6":"product_brand-codecanyon","7":"product_cat-personnalisation","8":"product_cat-plugins","9":"product_cat-wordpress-plugins","10":"product_tag-codecanyon","11":"member-discount","12":"discount-restricted","14":"first","15":"instock","16":"sale","17":"downloadable","18":"virtual","19":"sold-individually","20":"purchasable","21":"product-type-simple"},"_links":{"self":[{"href":"https:\/\/gpl-love.com\/fr\/wp-json\/wp\/v2\/product\/113988","targetHints":{"allow":["GET"]}}],"collection":[{"href":"https:\/\/gpl-love.com\/fr\/wp-json\/wp\/v2\/product"}],"about":[{"href":"https:\/\/gpl-love.com\/fr\/wp-json\/wp\/v2\/types\/product"}],"replies":[{"embeddable":true,"href":"https:\/\/gpl-love.com\/fr\/wp-json\/wp\/v2\/comments?post=113988"}],"wp:featuredmedia":[{"embeddable":true,"href":"https:\/\/gpl-love.com\/fr\/wp-json\/wp\/v2\/media\/145723"}],"wp:attachment":[{"href":"https:\/\/gpl-love.com\/fr\/wp-json\/wp\/v2\/media?parent=113988"}],"wp:term":[{"taxonomy":"product_brand","embeddable":true,"href":"https:\/\/gpl-love.com\/fr\/wp-json\/wp\/v2\/product_brand?post=113988"},{"taxonomy":"product_cat","embeddable":true,"href":"https:\/\/gpl-love.com\/fr\/wp-json\/wp\/v2\/product_cat?post=113988"},{"taxonomy":"product_tag","embeddable":true,"href":"https:\/\/gpl-love.com\/fr\/wp-json\/wp\/v2\/product_tag?post=113988"}],"curies":[{"name":"wp","href":"https:\/\/api.w.org\/{rel}","templated":true}]}}