{"id":113986,"date":"2025-08-07T00:00:00","date_gmt":"2025-08-06T22:00:00","guid":{"rendered":"http:\/\/gpl-love.com\/fr\/produit\/pogon-business-et-finance-corporate-wordpress-theme\/"},"modified":"2026-04-10T18:36:41","modified_gmt":"2026-04-10T16:36:41","slug":"pogon-business-et-finance-corporate-wordpress-theme","status":"publish","type":"product","link":"https:\/\/gpl-love.com\/fr\/produit\/pogon-business-et-finance-corporate-wordpress-theme\/","title":{"rendered":"Pogon Business et Finance Corporate WordPress Theme 1.1.9"},"content":{"rendered":"<h3>Pogon Business et Finance Corporate WordPress Theme Traits<\/h3>\n<p>Le th\u00e8me WordPress d&rsquo;entreprise Pogon Business and Finance est une solution globale sp\u00e9cialement con\u00e7ue pour r\u00e9pondre aux besoins des entreprises \u00e0 la recherche d&rsquo;une pr\u00e9sence en ligne raffin\u00e9e et polie. En mettant l&rsquo;accent sur la finance et les entit\u00e9s d&rsquo;entreprise, ce th\u00e8me poss\u00e8de un \u00e9ventail de fonctionnalit\u00e9s qui facilitent sans effort la pr\u00e9sentation efficace de vos services, de votre \u00e9quipe et de votre portefeuille. De plus, ce th\u00e8me offre des capacit\u00e9s de personnalisation compl\u00e8tes, vous permettant de l&rsquo;adapter \u00e0 l&rsquo;adaptation pour vous aligner sur votre marque unique et vos exigences commerciales. L&rsquo;inclusion d&rsquo;une conception r\u00e9active garantit que votre site Web maintient son attrait visuel convaincant sur divers appareils, tandis que l&rsquo;int\u00e9gration des outils d&rsquo;optimisation SEO int\u00e9gr\u00e9s sert \u00e0 \u00e9lever votre classement de moteur de recherche. En tirant parti de l&rsquo;immense potentiel du th\u00e8me Pogon, vous pourrez \u00e9laborer un site Web extraordinaire qui pr\u00e9sente efficacement votre expertise, captivant ainsi l&rsquo;attention des clients potentiels et favorisant leur engagement.<\/p>\n<ul>\n<li>Th\u00e8me WordPress commercial et financement hautement personnalisable et polyvalent<\/li>\n<li>Design \u00e9l\u00e9gant et professionnel, parfait pour les sites Web d&rsquo;entreprise<\/li>\n<li>Comprend plusieurs dispositions de page d&rsquo;accueil et des mod\u00e8les de page int\u00e9rieure<\/li>\n<li>Int\u00e9gr\u00e9 \u00e0 des plugins populaires tels que Visual Composer, Revolution Slider et Contact Form 7<\/li>\n<li>Panneau d&rsquo;options de th\u00e8me facile \u00e0 utiliser pour une personnalisation rapide et sans couture<\/li>\n<li>Design enti\u00e8rement r\u00e9actif et convivial<\/li>\n<li>Optimis\u00e9 pour le r\u00e9f\u00e9rencement et les temps de chargement rapide<\/li>\n<li>Compatible avec WooCommerce pour une int\u00e9gration facile du commerce \u00e9lectronique<\/li>\n<li>Comprend une documentation compl\u00e8te et un support client pour le d\u00e9pannage et l&rsquo;assistance<\/li>\n<li>R\u00e9guli\u00e8rement mis \u00e0 jour et am\u00e9lior\u00e9 avec de nouvelles fonctionnalit\u00e9s et fonctionnalit\u00e9s.<\/li>\n<\/ul>\n","protected":false},"excerpt":{"rendered":"<p>Nous sommes heureux de pr\u00e9senter le th\u00e8me WordPress d&rsquo;entreprise et financement remarquable, une solution impeccable sur mesure pour les entreprises et les institutions financi\u00e8res \u00e0 la recherche d&rsquo;une pr\u00e9sence en ligne sophistiqu\u00e9e et polie. Pogon poss\u00e8de une conception immacul\u00e9e et rationalis\u00e9e coupl\u00e9e \u00e0 une vaste gamme d&rsquo;options personnalisables, offrant une exp\u00e9rience utilisateur in\u00e9gal\u00e9e sur les plates-formes de bureau et mobiles. Sa formidable collection de fonctionnalit\u00e9s englobe la possibilit\u00e9 de personnaliser les conceptions d&rsquo;en-t\u00eate et de pied de page, un assortiment d&rsquo;options de mise en page diverses et une int\u00e9gration transparente avec des plugins renomm\u00e9s tels que WooCommerce et Formulaire de contact 7. Que vous soyez une start-up ambitieuse ou une entreprise bien \u00e9tablie, Pogon garantit une pr\u00e9sence en ligne in\u00e9gal\u00e9e qui propulsera sans aucun doute votre entreprise vers un succ\u00e8s sans pr\u00e9c\u00e9dent.<\/p>\n","protected":false},"featured_media":144993,"comment_status":"open","ping_status":"open","template":"","meta":[],"product_brand":[2433],"product_cat":[1516,1212,1213],"product_tag":[1366],"class_list":{"0":"post-113986","1":"product","2":"type-product","3":"status-publish","4":"has-post-thumbnail","6":"product_brand-themeforest","7":"product_cat-entreprise","8":"product_cat-themes","9":"product_cat-wordpress-themes","10":"product_tag-themeforest","11":"member-discount","12":"discount-restricted","14":"first","15":"instock","16":"sale","17":"downloadable","18":"virtual","19":"sold-individually","20":"purchasable","21":"product-type-simple"},"_links":{"self":[{"href":"https:\/\/gpl-love.com\/fr\/wp-json\/wp\/v2\/product\/113986","targetHints":{"allow":["GET"]}}],"collection":[{"href":"https:\/\/gpl-love.com\/fr\/wp-json\/wp\/v2\/product"}],"about":[{"href":"https:\/\/gpl-love.com\/fr\/wp-json\/wp\/v2\/types\/product"}],"replies":[{"embeddable":true,"href":"https:\/\/gpl-love.com\/fr\/wp-json\/wp\/v2\/comments?post=113986"}],"wp:featuredmedia":[{"embeddable":true,"href":"https:\/\/gpl-love.com\/fr\/wp-json\/wp\/v2\/media\/144993"}],"wp:attachment":[{"href":"https:\/\/gpl-love.com\/fr\/wp-json\/wp\/v2\/media?parent=113986"}],"wp:term":[{"taxonomy":"product_brand","embeddable":true,"href":"https:\/\/gpl-love.com\/fr\/wp-json\/wp\/v2\/product_brand?post=113986"},{"taxonomy":"product_cat","embeddable":true,"href":"https:\/\/gpl-love.com\/fr\/wp-json\/wp\/v2\/product_cat?post=113986"},{"taxonomy":"product_tag","embeddable":true,"href":"https:\/\/gpl-love.com\/fr\/wp-json\/wp\/v2\/product_tag?post=113986"}],"curies":[{"name":"wp","href":"https:\/\/api.w.org\/{rel}","templated":true}]}}