{"id":113984,"date":"2022-01-20T00:00:00","date_gmt":"2022-01-19T23:00:00","guid":{"rendered":"http:\/\/gpl-love.com\/fr\/produit\/wizestore-multipurpose-woocommerce-shop\/"},"modified":"2026-04-10T18:45:47","modified_gmt":"2026-04-10T16:45:47","slug":"wizestore-multipurpose-woocommerce-shop","status":"publish","type":"product","link":"https:\/\/gpl-love.com\/fr\/produit\/wizestore-multipurpose-woocommerce-shop\/","title":{"rendered":"WizeStore Multipurpose WooCommerce Shop 1.14.9"},"content":{"rendered":"<h3>WizeStore Multipurpose WooCommerce Shop Traits<\/h3>\n<p>Wizestore Multipurpose WooCommerce Shop, qui s&rsquo;adresse aux entreprises de toutes tailles, pr\u00e9sente une solution de commerce \u00e9lectronique compl\u00e8te et polyvalente. Cette plate-forme innovante poss\u00e8de un \u00e9ventail de fonctionnalit\u00e9s int\u00e9gr\u00e9es telles que la gestion efficace des produits, le suivi des commandes pratiques et le traitement des paiements transparents, facilitant ainsi l&rsquo;\u00e9tablissement et le fonctionnement sans effort d&rsquo;une boutique en ligne. En outre, la conception sensible \u00e0 Wizestore est sensible \u00e0 la mobile garantit une pr\u00e9sentation visuelle impeccable sur divers appareils, tandis que son interface conviviale rationalise l&rsquo;exp\u00e9rience d&rsquo;achat de votre client\u00e8le estim\u00e9e. Que vous vous sp\u00e9cialisiez dans la vente de marchandises tangibles ou de t\u00e9l\u00e9chargements num\u00e9riques, soyez assur\u00e9 que Wizestore r\u00e9pondra \u00e0 vos exigences sp\u00e9cifiques. Alors pourquoi prolonger l&rsquo;attente? Initiez la cr\u00e9ation de votre propre boutique en ligne aujourd&rsquo;hui, en tirant parti des capacit\u00e9s exceptionnelles de la boutique Woocommerce multipurpose Wizestore!<\/p>\n<ul>\n<li>Plateforme de commerce \u00e9lectronique puissant avec une fonctionnalit\u00e9 polyvalente<\/li>\n<li>Construit sur WordPress et WooCommerce<\/li>\n<li>Facile \u00e0 installer et \u00e0 personnaliser pour r\u00e9pondre \u00e0 vos besoins<\/li>\n<li>Compatible avec un large \u00e9ventail de th\u00e8mes et de plugins<\/li>\n<li>Comprend une biblioth\u00e8que de mod\u00e8les et de dispositions pr\u00e9-con\u00e7us<\/li>\n<li>Conception enti\u00e8rement r\u00e9active pour les utilisateurs de mobiles et de tablettes<\/li>\n<li>Optimis\u00e9 pour la vitesse et les performances pour am\u00e9liorer l&rsquo;exp\u00e9rience client<\/li>\n<li>Filtres de produit avanc\u00e9s pour la navigation et la recherche faciles<\/li>\n<li>Options de paiement et d&rsquo;exp\u00e9dition multiples pour la flexibilit\u00e9<\/li>\n<li>Syst\u00e8me de gestion des stocks robuste pour suivre les niveaux de stock<\/li>\n<li>1 outils de rapport et d&rsquo;analyse<\/li>\n<li>1 \u00e9quipe d&rsquo;assistance d\u00e9finie pour aider \u00e0 toute question ou probl\u00e8me<\/li>\n<\/ul>\n","protected":false},"excerpt":{"rendered":"<p>Wizestore est un th\u00e8me de boutique WooCommerce incroyablement polyvalent qui est m\u00e9ticuleusement con\u00e7u pour r\u00e9pondre aux besoins de tout type de boutique en ligne, quelle que soit sa niche ou son industrie. B\u00e9n\u00e9ficiant de plusieurs dispositions pr\u00e9d\u00e9finies et d&rsquo;une vaste gamme d&rsquo;options de personnalisation, ce th\u00e8me vous permet de cr\u00e9er sans effort une boutique en ligne visuellement frappante et tr\u00e8s professionnelle qui est s\u00fbre de captiver votre public cible. Avec son engagement in\u00e9branlable \u00e0 offrir une exp\u00e9rience utilisateur sans couture, Wizestore garantit des performances sans faille et des fonctionnalit\u00e9s optimales sur tous les appareils et plateformes, que ce soit un bureau ou un mobile. En outre, ce th\u00e8me remarquable est \u00e9quip\u00e9 d&rsquo;un assortiment de fonctionnalit\u00e9s extr\u00eamement puissantes qui l&rsquo;\u00e9l\u00e8vent au summum des solutions de boutiques en ligne. Les options de recherche avanc\u00e9es, les curseurs de carrousel captivants et un mega menu impressionnant ne sont que quelques exemples de la myriade de fonctionnalit\u00e9s que Wizestore apporte \u00e0 la table, en veillant \u00e0 ce que votre boutique en ligne reste \u00e0 l&rsquo;avant-garde de l&rsquo;innovation et de la satisfaction du client.<\/p>\n","protected":false},"featured_media":145775,"comment_status":"open","ping_status":"open","template":"","meta":[],"product_brand":[2433],"product_cat":[1238,1372,1212],"product_tag":[1366],"class_list":{"0":"post-113984","1":"product","2":"type-product","3":"status-publish","4":"has-post-thumbnail","6":"product_brand-themeforest","7":"product_cat-commerce-electronique-themes","8":"product_cat-polyvalent-commerce-electronique-themes","9":"product_cat-themes","10":"product_tag-themeforest","11":"member-discount","12":"discount-restricted","14":"first","15":"instock","16":"sale","17":"downloadable","18":"virtual","19":"sold-individually","20":"purchasable","21":"product-type-simple"},"_links":{"self":[{"href":"https:\/\/gpl-love.com\/fr\/wp-json\/wp\/v2\/product\/113984","targetHints":{"allow":["GET"]}}],"collection":[{"href":"https:\/\/gpl-love.com\/fr\/wp-json\/wp\/v2\/product"}],"about":[{"href":"https:\/\/gpl-love.com\/fr\/wp-json\/wp\/v2\/types\/product"}],"replies":[{"embeddable":true,"href":"https:\/\/gpl-love.com\/fr\/wp-json\/wp\/v2\/comments?post=113984"}],"wp:featuredmedia":[{"embeddable":true,"href":"https:\/\/gpl-love.com\/fr\/wp-json\/wp\/v2\/media\/145775"}],"wp:attachment":[{"href":"https:\/\/gpl-love.com\/fr\/wp-json\/wp\/v2\/media?parent=113984"}],"wp:term":[{"taxonomy":"product_brand","embeddable":true,"href":"https:\/\/gpl-love.com\/fr\/wp-json\/wp\/v2\/product_brand?post=113984"},{"taxonomy":"product_cat","embeddable":true,"href":"https:\/\/gpl-love.com\/fr\/wp-json\/wp\/v2\/product_cat?post=113984"},{"taxonomy":"product_tag","embeddable":true,"href":"https:\/\/gpl-love.com\/fr\/wp-json\/wp\/v2\/product_tag?post=113984"}],"curies":[{"name":"wp","href":"https:\/\/api.w.org\/{rel}","templated":true}]}}