{"id":113982,"date":"2021-04-15T00:00:00","date_gmt":"2021-04-14T22:00:00","guid":{"rendered":"http:\/\/gpl-love.com\/fr\/produit\/niva-creative-agency-wordpress-theme\/"},"modified":"2026-04-10T18:34:40","modified_gmt":"2026-04-10T16:34:40","slug":"niva-creative-agency-wordpress-theme","status":"publish","type":"product","link":"https:\/\/gpl-love.com\/fr\/produit\/niva-creative-agency-wordpress-theme\/","title":{"rendered":"Niva Creative Agency WordPress Theme 1.7.7"},"content":{"rendered":"<h3>Niva Creative Agency WordPress Theme Traits<\/h3>\n<p>Le th\u00e8me WordPress de l&rsquo;agence cr\u00e9ative NIVA, comme son nom l&rsquo;indique, est un th\u00e8me WordPress de pointe et contemporain sur mesure pour les agences de cr\u00e9ation. Son interface \u00e9l\u00e9gante et conviviale en fait un choix id\u00e9al pour fabriquer des sites Web visuellement frappants et polis qui captiveront sans aucun doute votre public cible. B\u00e9n\u00e9ficiant d&rsquo;une pl\u00e9thore de fonctionnalit\u00e9s et d&rsquo;outils robustes, le th\u00e8me WordPress de l&rsquo;agence cr\u00e9ative NIVA vous permet de personnaliser votre site Web sans effort pour vous aligner sur l&rsquo;identit\u00e9 de votre marque et r\u00e9pondre aux besoins de votre entreprise. Des options de conception avanc\u00e9es \u00e0 l&rsquo;optimisation du r\u00e9f\u00e9rencement de premier ordre, ce th\u00e8me englobe tous les \u00e9l\u00e9ments n\u00e9cessaires pour \u00e9tablir une pr\u00e9sence en ligne florissante pour votre agence. Par cons\u00e9quent, si votre aspiration consiste \u00e0 \u00e9riger un site Web qui se distingue vraiment de la multitude, le th\u00e8me WordPress de l&rsquo;agence de cr\u00e9ation Niva appara\u00eet ind\u00e9niablement comme le choix par excellence pour vous.<\/p>\n<ul>\n<li>Design moderne et \u00e9l\u00e9gant<\/li>\n<li>Page d&rsquo;accueil enti\u00e8rement personnalisable avec diverses options de mise en page<\/li>\n<li>Pages pr\u00e9d\u00e9finies pour les services, le portefeuille, l&rsquo;\u00e9quipe et les t\u00e9moignages<\/li>\n<li>Design r\u00e9actif et adapt\u00e9 \u00e0 mobile<\/li>\n<li>Comprend un g\u00e9n\u00e9rateur de page de glisser-d\u00e9poser pour une personnalisation facile<\/li>\n<li>Int\u00e9gration avec des plugins populaires tels que le formulaire de contact 7 et le r\u00e9f\u00e9rencement Yoast<\/li>\n<li>Importation de d\u00e9monstration en un clic pour une configuration rapide<\/li>\n<li>Acc\u00e8s \u00e0 une communaut\u00e9 compl\u00e8te de documentation et de soutien en ligne<\/li>\n<\/ul>\n","protected":false},"excerpt":{"rendered":"<p>Le th\u00e8me WordPress de l&rsquo;agence cr\u00e9ative NIVA, r\u00e9put\u00e9 pour son innovation et sa polyvalence, se pr\u00e9sente comme une solution de choix pour ceux qui recherchent une conception Web professionnelle. Principalement adapt\u00e9 aux agences cr\u00e9atives, aux studios de design et aux pigistes, ce th\u00e8me affiche une esth\u00e9tique polie et contemporaine qui peut \u00eatre personnalis\u00e9e sans effort pour s&rsquo;aligner sur sa vision unique. Avec un \u00e9ventail de fonctionnalit\u00e9s formidables, y compris des plugins tiers et des options de personnalisation illimit\u00e9es, NIVA garantit que votre site Web r\u00e9pondra non seulement aux besoins de votre entreprise, mais captivera \u00e9galement votre client\u00e8le estim\u00e9e. Que vous aspirez \u00e0 construire un site Web simple d&rsquo;une page ou une plate-forme multiforme d\u00e9bordante de fonctionnalit\u00e9s complexes, NIVA sert de base id\u00e9ale, vous lib\u00e9rant pour d\u00e9dier votre \u00e9nergie \u00e0 votre comp\u00e9tence de base &#8211; la cr\u00e9ation d&rsquo;un contenu impressionnant.<\/p>\n","protected":false},"featured_media":144816,"comment_status":"open","ping_status":"open","template":"","meta":[],"product_brand":[2433],"product_cat":[1242,1212,1213],"product_tag":[1366],"class_list":{"0":"post-113982","1":"product","2":"type-product","3":"status-publish","4":"has-post-thumbnail","6":"product_brand-themeforest","7":"product_cat-creatif","8":"product_cat-themes","9":"product_cat-wordpress-themes","10":"product_tag-themeforest","11":"member-discount","12":"discount-restricted","14":"first","15":"instock","16":"sale","17":"downloadable","18":"virtual","19":"sold-individually","20":"purchasable","21":"product-type-simple"},"_links":{"self":[{"href":"https:\/\/gpl-love.com\/fr\/wp-json\/wp\/v2\/product\/113982","targetHints":{"allow":["GET"]}}],"collection":[{"href":"https:\/\/gpl-love.com\/fr\/wp-json\/wp\/v2\/product"}],"about":[{"href":"https:\/\/gpl-love.com\/fr\/wp-json\/wp\/v2\/types\/product"}],"replies":[{"embeddable":true,"href":"https:\/\/gpl-love.com\/fr\/wp-json\/wp\/v2\/comments?post=113982"}],"wp:featuredmedia":[{"embeddable":true,"href":"https:\/\/gpl-love.com\/fr\/wp-json\/wp\/v2\/media\/144816"}],"wp:attachment":[{"href":"https:\/\/gpl-love.com\/fr\/wp-json\/wp\/v2\/media?parent=113982"}],"wp:term":[{"taxonomy":"product_brand","embeddable":true,"href":"https:\/\/gpl-love.com\/fr\/wp-json\/wp\/v2\/product_brand?post=113982"},{"taxonomy":"product_cat","embeddable":true,"href":"https:\/\/gpl-love.com\/fr\/wp-json\/wp\/v2\/product_cat?post=113982"},{"taxonomy":"product_tag","embeddable":true,"href":"https:\/\/gpl-love.com\/fr\/wp-json\/wp\/v2\/product_tag?post=113982"}],"curies":[{"name":"wp","href":"https:\/\/api.w.org\/{rel}","templated":true}]}}