{"id":113980,"date":"2024-02-09T00:00:00","date_gmt":"2024-02-08T23:00:00","guid":{"rendered":"http:\/\/gpl-love.com\/fr\/produit\/logistix-responsive-transportation-wordpress-theme\/"},"modified":"2026-03-20T23:22:46","modified_gmt":"2026-03-20T22:22:46","slug":"logistix-responsive-transportation-wordpress-theme","status":"publish","type":"product","link":"https:\/\/gpl-love.com\/fr\/produit\/logistix-responsive-transportation-wordpress-theme\/","title":{"rendered":"Logistix Responsive Transportation WordPress Theme 1.27"},"content":{"rendered":"<h3>Logistix Responsive Transportation WordPress Theme Traits<\/h3>\n<p>Logistix, un th\u00e8me WordPress de transport extr\u00eamement fonctionnel et tr\u00e8s r\u00e9actif, a \u00e9t\u00e9 m\u00e9ticuleusement con\u00e7u pour les entreprises op\u00e9rant dans le secteur de la logistique et des transports. Affichant un design contemporain et \u00e9pur\u00e9, ce th\u00e8me est parfait pour les \u00e9tablissements aspirant \u00e0 pr\u00e9senter leurs services et \u00e0 offrir une plate-forme conviviale pour la client\u00e8le pour r\u00e9server sans effort leurs conditions d&rsquo;exp\u00e9dition. B\u00e9n\u00e9ficiant d&rsquo;une gamme d&rsquo;attributs impressionnants, y compris un diaporama personnalisable, un formulaire de r\u00e9servation et un syst\u00e8me de suivi, les utilisateurs peuvent surveiller facilement les progr\u00e8s de leurs exp\u00e9ditions. De plus, la r\u00e9activit\u00e9 du th\u00e8me garantit une exp\u00e9rience visuellement agr\u00e9able sur tous les appareils, assurant une navigation transparente pour les utilisateurs de bureau et mobiles. Essentiellement, Logistix incarne un th\u00e8me robuste et polyvalent, capable d&rsquo;am\u00e9liorer la visibilit\u00e9 en ligne et d&rsquo;\u00e9lever l&rsquo;exp\u00e9rience client globale des soci\u00e9t\u00e9s de transport.<\/p>\n<ul>\n<li>La conception r\u00e9active mobile garantit que votre site Web a fi\u00e8re allure sur tous les appareils, y compris les smartphones, les tablettes et les ordinateurs de bureau.<\/li>\n<li>Plusieurs dispositions de page d&rsquo;accueil vous permettent de choisir la conception qui convient le mieux aux besoins de votre entreprise et \u00e0 l&rsquo;identit\u00e9 de la marque.<\/li>\n<li>Une documentation compl\u00e8te et un soutien sont disponibles pour vous assurer que vous tirez le meilleur parti de votre site Web et de votre th\u00e8me.<\/li>\n<li>La calculatrice de citation de fret permet \u00e0 vos clients de recevoir une estimation instantan\u00e9e des co\u00fbts d&rsquo;exp\u00e9dition, d&rsquo;am\u00e9liorer leur exp\u00e9rience globale et d&rsquo;augmenter les conversions.<\/li>\n<li>Les options d&rsquo;en-t\u00eate et de pied de page multiples offrent une flexibilit\u00e9 lorsqu&rsquo;il s&rsquo;agit de concevoir la disposition de votre site Web et l&rsquo;exp\u00e9rience utilisateur globale.<\/li>\n<li>L&rsquo;int\u00e9gration des m\u00e9dias sociaux facilite le partage de votre site Web et de votre activit\u00e9 de transport avec vos abonn\u00e9s et vos fans.<\/li>\n<li>L&rsquo;optimisation du r\u00e9f\u00e9rencement garantit que votre site Web se classe bien dans Google et dans d&rsquo;autres moteurs de recherche, aidant \u00e0 g\u00e9n\u00e9rer le trafic et \u00e0 accro\u00eetre la notori\u00e9t\u00e9 de la marque.<\/li>\n<li>L&rsquo;int\u00e9gration WooCommerce vous permet de vendre des produits et des services directement sur votre site Web, rationalisant l&rsquo;exp\u00e9rience d&rsquo;achat de vos clients.<\/li>\n<li>Des options de personnalisation puissantes vous permettent de modifier tous les aspects de la conception et des fonctionnalit\u00e9s de votre site Web, ce qui le rend vraiment unique et adapt\u00e9 aux besoins de votre entreprise.<\/li>\n<\/ul>\n","protected":false},"excerpt":{"rendered":"<p>Logistix, un th\u00e8me WordPress de transport r\u00e9actif exemplaire, a \u00e9t\u00e9 m\u00e9ticuleusement con\u00e7u pour r\u00e9pondre aux exigences des entreprises de logistique, des entreprises de transport et diverses industries alli\u00e9es. Avec sa conception de pointe et sophistiqu\u00e9e, ce th\u00e8me offre une flexibilit\u00e9 compl\u00e8te, permettant aux utilisateurs de construire sans effort des sites Web visuellement \u00e9tonnants en quelques clics. Logistix vous permet de pr\u00e9senter une gamme de services, de pr\u00e9senter votre flotte de v\u00e9hicules, de fournir aux clients des informations de suivi et de g\u00e9rer efficacement les r\u00e9servations et les exp\u00e9ditions, le tout \u00e0 partir d&rsquo;une seule plate-forme unifi\u00e9e. En outre, ce th\u00e8me s&rsquo;int\u00e8gre parfaitement aux plugins populaires et a \u00e9t\u00e9 d\u00e9velopp\u00e9 en mettant l&rsquo;accent sur l&rsquo;optimisation des moteurs de recherche, ce qui en fait le choix ultime pour toute entreprise de transport s&rsquo;effor\u00e7ant d&rsquo;\u00e9tablir une formidable pr\u00e9sence en ligne.<\/p>\n","protected":false},"featured_media":144395,"comment_status":"open","ping_status":"open","template":"","meta":[],"product_brand":[2433],"product_cat":[1516,1212,1213],"product_tag":[1366],"class_list":{"0":"post-113980","1":"product","2":"type-product","3":"status-publish","4":"has-post-thumbnail","6":"product_brand-themeforest","7":"product_cat-entreprise","8":"product_cat-themes","9":"product_cat-wordpress-themes","10":"product_tag-themeforest","11":"member-discount","12":"discount-restricted","14":"first","15":"instock","16":"sale","17":"downloadable","18":"virtual","19":"sold-individually","20":"purchasable","21":"product-type-simple"},"_links":{"self":[{"href":"https:\/\/gpl-love.com\/fr\/wp-json\/wp\/v2\/product\/113980","targetHints":{"allow":["GET"]}}],"collection":[{"href":"https:\/\/gpl-love.com\/fr\/wp-json\/wp\/v2\/product"}],"about":[{"href":"https:\/\/gpl-love.com\/fr\/wp-json\/wp\/v2\/types\/product"}],"replies":[{"embeddable":true,"href":"https:\/\/gpl-love.com\/fr\/wp-json\/wp\/v2\/comments?post=113980"}],"wp:featuredmedia":[{"embeddable":true,"href":"https:\/\/gpl-love.com\/fr\/wp-json\/wp\/v2\/media\/144395"}],"wp:attachment":[{"href":"https:\/\/gpl-love.com\/fr\/wp-json\/wp\/v2\/media?parent=113980"}],"wp:term":[{"taxonomy":"product_brand","embeddable":true,"href":"https:\/\/gpl-love.com\/fr\/wp-json\/wp\/v2\/product_brand?post=113980"},{"taxonomy":"product_cat","embeddable":true,"href":"https:\/\/gpl-love.com\/fr\/wp-json\/wp\/v2\/product_cat?post=113980"},{"taxonomy":"product_tag","embeddable":true,"href":"https:\/\/gpl-love.com\/fr\/wp-json\/wp\/v2\/product_tag?post=113980"}],"curies":[{"name":"wp","href":"https:\/\/api.w.org\/{rel}","templated":true}]}}