{"id":113978,"date":"2022-02-15T00:00:00","date_gmt":"2022-02-14T23:00:00","guid":{"rendered":"http:\/\/gpl-love.com\/fr\/produit\/hotel-master-hotel-booking-wordpress-theme\/"},"modified":"2026-03-20T23:19:44","modified_gmt":"2026-03-20T22:19:44","slug":"hotel-master-hotel-booking-wordpress-theme","status":"publish","type":"product","link":"https:\/\/gpl-love.com\/fr\/produit\/hotel-master-hotel-booking-wordpress-theme\/","title":{"rendered":"Hotel Master Hotel Booking WordPress Theme 4.1.4"},"content":{"rendered":"<h3>Hotel Master Hotel Booking WordPress Theme Traits<\/h3>\n<p>Le th\u00e8me WordPress de l&rsquo;h\u00f4tel Hotel Hotel est une solution exceptionnelle et globale qui r\u00e9pond aux besoins des entreprises h\u00f4teli\u00e8res dans leur qu\u00eate pour \u00e9tablir une pr\u00e9sence en ligne dynamique et captivante. Avec une multitude de fonctionnalit\u00e9s innovantes, ce th\u00e8me permet aux utilisateurs de cr\u00e9er et de g\u00e9rer sans effort leur propre site Web d&rsquo;h\u00f4tel. Parmi ses attributs notables figurent la diversit\u00e9 de conceptions de page d&rsquo;accueil, les formulaires de r\u00e9servation personnalisables, un syst\u00e8me de gestion de r\u00e9servation int\u00e9gr\u00e9 et une large gamme d&rsquo;options de personnalisation. Les concepteurs de Hotel Master ont assur\u00e9 que le th\u00e8me poss\u00e8de une disposition r\u00e9active, garantissant que votre site Web sera parfaitement optimis\u00e9 pour la visualisation sur n&rsquo;importe quel appareil. En outre, ce th\u00e8me remarquable facilite l&rsquo;int\u00e9gration transparente avec les passerelles de paiement populaires et les plateformes de m\u00e9dias sociaux. En conclusion, le th\u00e8me WordPress de la r\u00e9servation de l&rsquo;h\u00f4tel Hotel Hotel est un choix exquis pour les entreprises h\u00f4teli\u00e8res qui aspirent \u00e0 offrir \u00e0 leurs clients estim\u00e9s une exp\u00e9rience de r\u00e9servation en ligne in\u00e9gal\u00e9e.<\/p>\n<ul>\n<li>Un th\u00e8me de r\u00e9servation d&rsquo;h\u00f4tel sophistiqu\u00e9 et professionnel WordPress<\/li>\n<li>Con\u00e7u pour offrir une exp\u00e9rience utilisateur sans couture pour les h\u00f4teliers et les clients<\/li>\n<li>Offre une conception r\u00e9active pour une visualisation optimale sur tous les appareils<\/li>\n<li>Offre un syst\u00e8me de r\u00e9servation complet pour une gestion facile des r\u00e9servations et de la disponibilit\u00e9<\/li>\n<li>Permet aux clients de rechercher, comparer et r\u00e9server facilement les h\u00f4tels directement sur votre site Web<\/li>\n<li>Livr\u00e9 avec un syst\u00e8me d&rsquo;examen et de notation int\u00e9gr\u00e9 pour les commentaires des clients et la gestion de la r\u00e9putation<\/li>\n<li>Offre plusieurs options de passerelle de paiement pour r\u00e9pondre aux diff\u00e9rentes pr\u00e9f\u00e9rences des clients<\/li>\n<li>Offre une vari\u00e9t\u00e9 d&rsquo;options de personnalisation pour correspondre \u00e0 l&rsquo;identit\u00e9 et aux pr\u00e9f\u00e9rences de votre marque<\/li>\n<li>Comprend la prise en charge des sites multilingues pour r\u00e9pondre aux clients de diff\u00e9rentes parties du monde<\/li>\n<li>Offre une documentation d\u00e9taill\u00e9e et un soutien pour vous aider \u00e0 d\u00e9marrer et \u00e0 tirer le meilleur parti du th\u00e8me.<\/li>\n<\/ul>\n","protected":false},"excerpt":{"rendered":"<p>Le th\u00e8me WordPress de l&rsquo;h\u00f4tel Hotel Hotel pr\u00e9sente ses prouesses en tant que plate-forme en ligne puissante et intuitive dans son objectif d&rsquo;aider les h\u00f4tels \u00e0 g\u00e9rer efficacement leurs r\u00e9servations. Cette plate-forme est \u00e9quip\u00e9e d&rsquo;une interface qui est non seulement conviviale mais permet \u00e9galement \u00e0 des h\u00f4teliers de montrer la disponibilit\u00e9 des chambres, d&rsquo;\u00e9tablir divers types de chambres avec des niveaux de prix variables et d&rsquo;accepter sans effort les r\u00e9servations et les paiements en ligne. En outre, il accorde aux h\u00f4teliers la libert\u00e9 de se livrer \u00e0 de nombreuses options de personnalisation, telles que la conception de dispositions, la personnalisation des couleurs et l&rsquo;augmentation de l&rsquo;attrait visuel du site Web en incorporant des images et des vid\u00e9os captivantes qui mettent en \u00e9vidence les \u00e9quipements de l&rsquo;h\u00f4tel. Que l&rsquo;un soit un n\u00e9ophyte naviguant dans le domaine en ligne ou \u00e0 la recherche d&rsquo;une solution robuste mais facilement navigable pour leur site Web d&rsquo;h\u00f4tel, le th\u00e8me de l&rsquo;h\u00f4tel Master est une s\u00e9lection id\u00e9ale.<\/p>\n","protected":false},"featured_media":144192,"comment_status":"open","ping_status":"open","template":"","meta":[],"product_brand":[2433],"product_cat":[1558,1212,1213],"product_tag":[1366],"class_list":{"0":"post-113978","1":"product","2":"type-product","3":"status-publish","4":"has-post-thumbnail","6":"product_brand-themeforest","7":"product_cat-hotel-resort","8":"product_cat-themes","9":"product_cat-wordpress-themes","10":"product_tag-themeforest","11":"member-discount","12":"discount-restricted","14":"first","15":"instock","16":"sale","17":"downloadable","18":"virtual","19":"sold-individually","20":"purchasable","21":"product-type-simple"},"_links":{"self":[{"href":"https:\/\/gpl-love.com\/fr\/wp-json\/wp\/v2\/product\/113978","targetHints":{"allow":["GET"]}}],"collection":[{"href":"https:\/\/gpl-love.com\/fr\/wp-json\/wp\/v2\/product"}],"about":[{"href":"https:\/\/gpl-love.com\/fr\/wp-json\/wp\/v2\/types\/product"}],"replies":[{"embeddable":true,"href":"https:\/\/gpl-love.com\/fr\/wp-json\/wp\/v2\/comments?post=113978"}],"wp:featuredmedia":[{"embeddable":true,"href":"https:\/\/gpl-love.com\/fr\/wp-json\/wp\/v2\/media\/144192"}],"wp:attachment":[{"href":"https:\/\/gpl-love.com\/fr\/wp-json\/wp\/v2\/media?parent=113978"}],"wp:term":[{"taxonomy":"product_brand","embeddable":true,"href":"https:\/\/gpl-love.com\/fr\/wp-json\/wp\/v2\/product_brand?post=113978"},{"taxonomy":"product_cat","embeddable":true,"href":"https:\/\/gpl-love.com\/fr\/wp-json\/wp\/v2\/product_cat?post=113978"},{"taxonomy":"product_tag","embeddable":true,"href":"https:\/\/gpl-love.com\/fr\/wp-json\/wp\/v2\/product_tag?post=113978"}],"curies":[{"name":"wp","href":"https:\/\/api.w.org\/{rel}","templated":true}]}}