{"id":113976,"date":"2026-01-23T00:00:00","date_gmt":"2026-01-22T23:00:00","guid":{"rendered":"http:\/\/gpl-love.com\/fr\/produit\/countdown-pro-wp-plugin\/"},"modified":"2026-03-20T22:59:10","modified_gmt":"2026-03-20T21:59:10","slug":"countdown-pro-wp-plugin","status":"publish","type":"product","link":"https:\/\/gpl-love.com\/fr\/produit\/countdown-pro-wp-plugin\/","title":{"rendered":"CountDown Pro WP Plugin 2.8"},"content":{"rendered":"<h3>CountDown Pro WP Plugin Traits<\/h3>\n<p>Le plugin Countdown Pro WP est une solution logicielle extr\u00eamement puissante qui accorde aux propri\u00e9taires de sites Web la possibilit\u00e9 d&rsquo;int\u00e9grer de mani\u00e8re transparente les minuteries \u00e0 rebours dans leurs sites WordPress. Ce plugin exceptionnel offre aux utilisateurs la capacit\u00e9 sans effort pour g\u00e9n\u00e9rer et personnaliser les minuteries \u00e0 rebours \u00e0 un \u00e9ventail d&rsquo;objectifs, tels que l&rsquo;introduction de nouveaux produits, des promotions exclusives, des \u00e9v\u00e9nements importants et bien plus encore. Avec son interface remarquablement conviviale, la configuration et l&rsquo;\u00e9tablissement des minuteries \u00e0 rebours sont une t\u00e2che sans effort qui peut \u00eatre accomplie en quelques clics simples. En outre, ce plugin pr\u00e9sente une vaste gamme d&rsquo;options de personnalisation, qui englobe la libert\u00e9 de s\u00e9lectionner dans une gamme diversifi\u00e9e de styles, de couleurs, de polices et d&rsquo;animations diverses. Il convient \u00e9galement de noter que les utilisateurs ont la capacit\u00e9 d&rsquo;allouer plusieurs minuteries sur des pages distinctes sur leur site et de surveiller \u00e9troitement la progression de chaque minuterie. En conclusion, le plugin Countdown Pro WP est un outil essentiel qui est absolument indispensable aux personnes cherchant \u00e0 augmenter leurs sites Web avec des minuteries de compte \u00e0 rebours captivantes et tr\u00e8s efficaces.<\/p>\n<ul>\n<li>Ajoute un compte \u00e0 rebours personnalisable \u00e0 votre site Web WordPress<\/li>\n<li>Aide \u00e0 cr\u00e9er un sentiment d&rsquo;urgence et \u00e0 augmenter les conversions<\/li>\n<li>Offre plusieurs styles de minuterie et options de couleurs pour correspondre \u00e0 la conception de votre site Web<\/li>\n<li>Permet une personnalisation facile des couleurs de police, d&rsquo;arri\u00e8re-plan et de bordure<\/li>\n<li>Fournit la possibilit\u00e9 d&rsquo;afficher ou de masquer certains \u00e9l\u00e9ments, tels que des \u00e9tiquettes et des unit\u00e9s de temps<\/li>\n<li>Peut \u00eatre d\u00e9fini pour d\u00e9marrer et se terminer \u00e0 des dates et des heures sp\u00e9cifiques<\/li>\n<li>Fournit l&rsquo;option pour rediriger les utilisateurs vers une autre page une fois la minuterie se terminer<\/li>\n<li>Comprend un shortcode pour placer facilement la minuterie sur n&rsquo;importe quelle page ou publication<\/li>\n<li>Offre une conception r\u00e9active pour s&rsquo;assurer que la minuterie a fi\u00e8re allure sur tous les appareils<\/li>\n<li>Fournit une documentation d\u00e9taill\u00e9e et une prise en charge du d\u00e9veloppeur du plugin<\/li>\n<\/ul>\n","protected":false},"excerpt":{"rendered":"<p>Le plugin Countdown Pro WP est un outil polyvalent pour tout propri\u00e9taire de site Web WordPress. Ce plugin poss\u00e8de des fonctionnalit\u00e9s qui vous permettent de cr\u00e9er des minuteries de compte \u00e0 rebours attrayantes pour votre site. Il est parfait pour promouvoir des \u00e9v\u00e9nements sp\u00e9ciaux, des ventes ou des offres limit\u00e9es dans le temps. Le plugin est convivial, ce qui facilite la configuration des minuteries en quelques clics. De plus, il propose des options de personnalisation pour correspondre \u00e0 l&rsquo;esth\u00e9tique de votre site Web. Prenez ce plugin WP maintenant et am\u00e9liorez l&rsquo;engagement de votre site avec la puissance de l&rsquo;urgence et de l&rsquo;anticipation!<\/p>\n","protected":false},"featured_media":143429,"comment_status":"open","ping_status":"open","template":"","meta":[],"product_brand":[2435],"product_cat":[1189,1181,1186],"product_tag":[1231],"class_list":{"0":"post-113976","1":"product","2":"type-product","3":"status-publish","4":"has-post-thumbnail","6":"product_brand-codecanyon","7":"product_cat-personnalisation","8":"product_cat-plugins","9":"product_cat-wordpress-plugins","10":"product_tag-codecanyon","11":"member-discount","12":"discount-restricted","14":"first","15":"instock","16":"sale","17":"downloadable","18":"virtual","19":"sold-individually","20":"purchasable","21":"product-type-simple"},"_links":{"self":[{"href":"https:\/\/gpl-love.com\/fr\/wp-json\/wp\/v2\/product\/113976","targetHints":{"allow":["GET"]}}],"collection":[{"href":"https:\/\/gpl-love.com\/fr\/wp-json\/wp\/v2\/product"}],"about":[{"href":"https:\/\/gpl-love.com\/fr\/wp-json\/wp\/v2\/types\/product"}],"replies":[{"embeddable":true,"href":"https:\/\/gpl-love.com\/fr\/wp-json\/wp\/v2\/comments?post=113976"}],"wp:featuredmedia":[{"embeddable":true,"href":"https:\/\/gpl-love.com\/fr\/wp-json\/wp\/v2\/media\/143429"}],"wp:attachment":[{"href":"https:\/\/gpl-love.com\/fr\/wp-json\/wp\/v2\/media?parent=113976"}],"wp:term":[{"taxonomy":"product_brand","embeddable":true,"href":"https:\/\/gpl-love.com\/fr\/wp-json\/wp\/v2\/product_brand?post=113976"},{"taxonomy":"product_cat","embeddable":true,"href":"https:\/\/gpl-love.com\/fr\/wp-json\/wp\/v2\/product_cat?post=113976"},{"taxonomy":"product_tag","embeddable":true,"href":"https:\/\/gpl-love.com\/fr\/wp-json\/wp\/v2\/product_tag?post=113976"}],"curies":[{"name":"wp","href":"https:\/\/api.w.org\/{rel}","templated":true}]}}