{"id":113974,"date":"2022-05-06T00:00:00","date_gmt":"2022-05-05T22:00:00","guid":{"rendered":"http:\/\/gpl-love.com\/fr\/produit\/capital-multi-purpose-business-wordpress-theme\/"},"modified":"2026-03-20T22:57:56","modified_gmt":"2026-03-20T21:57:56","slug":"capital-multi-purpose-business-wordpress-theme","status":"publish","type":"product","link":"https:\/\/gpl-love.com\/fr\/produit\/capital-multi-purpose-business-wordpress-theme\/","title":{"rendered":"Capital Multi Purpose Business WordPress Theme 2.5"},"content":{"rendered":"<h3>Capital Multi Purpose Business WordPress Theme Traits<\/h3>\n<p>Le th\u00e8me de WordPress commercial \u00e0 plusieurs usages Capital, une plate-forme tr\u00e8s adaptable et compl\u00e8te, a \u00e9t\u00e9 ing\u00e9nieusement con\u00e7u pour r\u00e9pondre aux demandes en constante \u00e9volution des entreprises contemporaines. Sa disposition remarquablement flexible permet aux utilisateurs de fa\u00e7onner et de fa\u00e7onner leur propre site Web distinctif et poli, refl\u00e9tant de mani\u00e8re exquise l&rsquo;essence de leur marque. Ce qui distingue vraiment ce th\u00e8me, c&rsquo;est son interface transparente et intuitive, navigable sans effort pour les n\u00e9ophytes et les experts chevronn\u00e9s. Notamment, sa conception r\u00e9active de pointe garantit un affichage impeccable sur divers appareils, englobant l&rsquo;int\u00e9gralit\u00e9 du spectre des ordinateurs de bureau traditionnels aux appareils mobiles \u00e9l\u00e9gants. En outre, le th\u00e8me WordPress commercial \u00e0 plusieurs usage capital est rempli d&rsquo;une vaste gamme de fonctionnalit\u00e9s impressionnantes et de possibilit\u00e9s de personnalisation, ne laissant aucune pierre non retourn\u00e9e dans la gestion des exigences uniques des entreprises. Dans l&rsquo;ensemble, ce th\u00e8me extraordinaire est un choix exemplaire pour les entreprises qui cherchent \u00e0 se tailler une formidable empreinte num\u00e9rique et \u00e0 attirer une client\u00e8le en constante expansion.<\/p>\n<ul>\n<li>Th\u00e8me polyvalent adapt\u00e9 \u00e0 une vari\u00e9t\u00e9 d&rsquo;entreprises et d&rsquo;industries<\/li>\n<li>Conception propre et moderne avec des options de mise en page personnalisables<\/li>\n<li>Comprend des pages pr\u00e9-construites pour les services, le portefeuille, les membres de l&rsquo;\u00e9quipe, les t\u00e9moignages, et plus encore<\/li>\n<li>Int\u00e9gration avec des plugins WordPress populaires tels que WooCommerce, Contact Form 7 et Yoast SEO<\/li>\n<li>Conception sensible au mobile pour une visualisation optimale sur tous les appareils<\/li>\n<li>Builder de page de glisser-d\u00e9poser facile \u00e0 utiliser pour la cr\u00e9ation de dispositions personnalis\u00e9es<\/li>\n<li>Documentation compl\u00e8te du th\u00e8me et support client<\/li>\n<li>Mises \u00e0 jour r\u00e9guli\u00e8res et am\u00e9liorations pour assurer la compatibilit\u00e9 avec les derni\u00e8res versions WordPress et Plugin<\/li>\n<li>Traduction pr\u00eate \u00e0 cr\u00e9er un site Web multilingue<\/li>\n<li>Importation de contenu de d\u00e9monstration en un clic pour une configuration facile<\/li>\n<\/ul>\n","protected":false},"excerpt":{"rendered":"<p>Lib\u00e9rez le potentiel de votre entreprise avec le th\u00e8me WordPress commercial \u00e0 plusieurs usages Capital. Ce th\u00e8me polyvalent ne concerne pas seulement l&rsquo;esth\u00e9tique, mais il offre \u00e9galement des fonctionnalit\u00e9s. Il est con\u00e7u pour \u00eatre utilis\u00e9 pour tout type d&rsquo;entreprise, ce qui en fait une solution tr\u00e8s adaptable pour votre pr\u00e9sence en ligne.<\/p>\n<p>Le th\u00e8me Capital propose une interface conviviale et une myriade d&rsquo;options de personnalisation, vous permettant de cr\u00e9er un site Web unique et professionnel sans aucune connaissance de codage. Ce th\u00e8me WordPress est \u00e9galement livr\u00e9 avec une conception enti\u00e8rement r\u00e9active, garantissant que votre site Web a fi\u00e8re allure sur n&rsquo;importe quel appareil, que ce soit un mobile, une tablette ou un bureau.<\/p>\n<p>B\u00e9n\u00e9ficier de sa structure conviviale de r\u00e9f\u00e9rencement qui contribuera \u00e0 augmenter la visibilit\u00e9 de votre site sur les r\u00e9sultats des moteurs de recherche, augmentant vos chances d&rsquo;atteindre votre public cible. De plus, il est compatible avec WooCommerce, vous permettant de cr\u00e9er une boutique en ligne en un rien de temps.<\/p>\n<p>Avec le th\u00e8me WordPress commercial \u00e0 plusieurs usages Capital, vous obtenez un outil puissant qui peut aider \u00e0 d\u00e9velopper votre entreprise en ligne. Transformez votre site Web en une plate-forme dynamique qui refl\u00e8te l&rsquo;identit\u00e9 de votre marque<\/p>\n","protected":false},"featured_media":143351,"comment_status":"open","ping_status":"open","template":"","meta":[],"product_brand":[2433],"product_cat":[1214,1212,1213],"product_tag":[1366],"class_list":{"0":"post-113974","1":"product","2":"type-product","3":"status-publish","4":"has-post-thumbnail","6":"product_brand-themeforest","7":"product_cat-polyvalent","8":"product_cat-themes","9":"product_cat-wordpress-themes","10":"product_tag-themeforest","11":"member-discount","12":"discount-restricted","14":"first","15":"instock","16":"sale","17":"downloadable","18":"virtual","19":"sold-individually","20":"purchasable","21":"product-type-simple"},"_links":{"self":[{"href":"https:\/\/gpl-love.com\/fr\/wp-json\/wp\/v2\/product\/113974","targetHints":{"allow":["GET"]}}],"collection":[{"href":"https:\/\/gpl-love.com\/fr\/wp-json\/wp\/v2\/product"}],"about":[{"href":"https:\/\/gpl-love.com\/fr\/wp-json\/wp\/v2\/types\/product"}],"replies":[{"embeddable":true,"href":"https:\/\/gpl-love.com\/fr\/wp-json\/wp\/v2\/comments?post=113974"}],"wp:featuredmedia":[{"embeddable":true,"href":"https:\/\/gpl-love.com\/fr\/wp-json\/wp\/v2\/media\/143351"}],"wp:attachment":[{"href":"https:\/\/gpl-love.com\/fr\/wp-json\/wp\/v2\/media?parent=113974"}],"wp:term":[{"taxonomy":"product_brand","embeddable":true,"href":"https:\/\/gpl-love.com\/fr\/wp-json\/wp\/v2\/product_brand?post=113974"},{"taxonomy":"product_cat","embeddable":true,"href":"https:\/\/gpl-love.com\/fr\/wp-json\/wp\/v2\/product_cat?post=113974"},{"taxonomy":"product_tag","embeddable":true,"href":"https:\/\/gpl-love.com\/fr\/wp-json\/wp\/v2\/product_tag?post=113974"}],"curies":[{"name":"wp","href":"https:\/\/api.w.org\/{rel}","templated":true}]}}