{"id":113962,"date":"2024-12-11T00:00:00","date_gmt":"2024-12-10T23:00:00","guid":{"rendered":"http:\/\/gpl-love.com\/fr\/produit\/formidable-forms-wpml-multilingual\/"},"modified":"2026-03-20T23:06:37","modified_gmt":"2026-03-20T22:06:37","slug":"formidable-forms-wpml-multilingual","status":"publish","type":"product","link":"https:\/\/gpl-love.com\/fr\/produit\/formidable-forms-wpml-multilingual\/","title":{"rendered":"Formidable Forms WPML Multilingual 1.13"},"content":{"rendered":"<h3>Formidable Forms WPML Multilingual Traits<\/h3>\n<p>Formidables Formes WPML multilingue est un plugin incroyablement robuste et tr\u00e8s efficace qui offre aux utilisateurs WordPress un moyen transparent et efficace de cr\u00e9er des formes multilingues. En utilisant ce plugin remarquable, les propri\u00e9taires de sites Web peuvent g\u00e9n\u00e9rer des formulaires sans effort en plusieurs langues et les adapter pour s&rsquo;aligner parfaitement avec leur marque et leurs exigences sp\u00e9cifiques. Ce qui distingue ce plugin, c&rsquo;est son int\u00e9gration impeccable avec WPML, un plugin WordPress largement acclam\u00e9 et largement utilis\u00e9 con\u00e7u sp\u00e9cifiquement pour les sites multilingues. Cette int\u00e9gration permet aux utilisateurs de traduire de mani\u00e8re experte chaque facette de leurs formulaires, y compris des champs de forme, des \u00e9tiquettes et des messages, garantissant ainsi une exp\u00e9rience multilingue vraiment compl\u00e8te et coh\u00e9rente. Ce plugin exceptionnel est particuli\u00e8rement bien adapt\u00e9 pour les entreprises ou les personnes qui cherchent \u00e0 g\u00e9n\u00e9rer des formulaires qui s&rsquo;adressent \u00e0 un public mondial ou \u00e0 ceux qui exploitaient des sites Web multilingues. Avec des formes formidables WPML multilingues \u00e0 leur disposition, les utilisateurs ont la capacit\u00e9 inestimable pour am\u00e9liorer l&rsquo;exp\u00e9rience utilisateur globale de leur site Web, s&rsquo;engager sans effort et communiquer avec les visiteurs non anglophones et finalement maximiser leurs taux de conversion dans une mesure remarquable.<\/p>\n<ul>\n<li>Vous permet de cr\u00e9er facilement des formulaires multilingues<\/li>\n<li>Int\u00e9gre parfaitement avec WPML pour offrir une exp\u00e9rience de traduction en douceur<\/li>\n<li>Peut traduire des \u00e9tiquettes de formulaire, des descriptions, des espaces r\u00e9serv\u00e9s et des messages d&rsquo;erreur dans plusieurs langues<\/li>\n<li>Fournit des options de style avanc\u00e9es pour chaque version linguistique du formulaire<\/li>\n<li>Fonctionne avec tous les formes formidables addons et fonctionnalit\u00e9s<\/li>\n<li>Compatible avec tous les th\u00e8mes et plugins WordPress<\/li>\n<li>Offre un excellent support et des mises \u00e0 jour r\u00e9guli\u00e8res pour les fonctionnalit\u00e9s continues<\/li>\n<\/ul>\n","protected":false},"excerpt":{"rendered":"<p>Formidable Forms WPML Multilingual est une extension incroyablement robuste et dynamique qui permet aux utilisateurs de cr\u00e9er facilement et efficacement des formulaires multilingues directement sur leur site WordPress. Gr\u00e2ce \u00e0 son int\u00e9gration parfaite avec l&rsquo;extension WPML, cet outil permet de traduire ais\u00e9ment les formulaires dans de nombreuses langues, facilitant ainsi l&rsquo;interaction et l&rsquo;engagement des utilisateurs dans leur langue pr\u00e9f\u00e9r\u00e9e. Cette extension offre un large \u00e9ventail de fonctionnalit\u00e9s, telles que des cr\u00e9ateurs de formulaires par glisser-d\u00e9poser, des champs de formulaire avanc\u00e9s, la logique conditionnelle et bien plus encore, contribuant \u00e0 la cr\u00e9ation de formulaires performants et attrayants. Que vous g\u00e9riez une entreprise locale ou une boutique en ligne internationale, l&rsquo;int\u00e9gration de Formidable Forms WPML Multilingual est indispensable pour simplifier l&rsquo;ensemble du processus de cr\u00e9ation et d&rsquo;administration de formulaires multilingues.<\/p>\n","protected":false},"featured_media":143921,"comment_status":"open","ping_status":"open","template":"","meta":[],"product_brand":[2555],"product_cat":[1191,1181,1186],"product_tag":[1484],"class_list":{"0":"post-113962","1":"product","2":"type-product","3":"status-publish","4":"has-post-thumbnail","6":"product_brand-formidable","7":"product_cat-formes","8":"product_cat-plugins","9":"product_cat-wordpress-plugins","10":"product_tag-formidable","11":"member-discount","12":"discount-restricted","14":"first","15":"instock","16":"sale","17":"downloadable","18":"virtual","19":"sold-individually","20":"purchasable","21":"product-type-simple"},"_links":{"self":[{"href":"https:\/\/gpl-love.com\/fr\/wp-json\/wp\/v2\/product\/113962","targetHints":{"allow":["GET"]}}],"collection":[{"href":"https:\/\/gpl-love.com\/fr\/wp-json\/wp\/v2\/product"}],"about":[{"href":"https:\/\/gpl-love.com\/fr\/wp-json\/wp\/v2\/types\/product"}],"replies":[{"embeddable":true,"href":"https:\/\/gpl-love.com\/fr\/wp-json\/wp\/v2\/comments?post=113962"}],"wp:featuredmedia":[{"embeddable":true,"href":"https:\/\/gpl-love.com\/fr\/wp-json\/wp\/v2\/media\/143921"}],"wp:attachment":[{"href":"https:\/\/gpl-love.com\/fr\/wp-json\/wp\/v2\/media?parent=113962"}],"wp:term":[{"taxonomy":"product_brand","embeddable":true,"href":"https:\/\/gpl-love.com\/fr\/wp-json\/wp\/v2\/product_brand?post=113962"},{"taxonomy":"product_cat","embeddable":true,"href":"https:\/\/gpl-love.com\/fr\/wp-json\/wp\/v2\/product_cat?post=113962"},{"taxonomy":"product_tag","embeddable":true,"href":"https:\/\/gpl-love.com\/fr\/wp-json\/wp\/v2\/product_tag?post=113962"}],"curies":[{"name":"wp","href":"https:\/\/api.w.org\/{rel}","templated":true}]}}