{"id":113960,"date":"2024-10-19T00:00:00","date_gmt":"2024-10-18T22:00:00","guid":{"rendered":"http:\/\/gpl-love.com\/fr\/produit\/formidable-forms-user-registration\/"},"modified":"2026-04-21T06:30:31","modified_gmt":"2026-04-21T04:30:31","slug":"formidable-user-registration","status":"publish","type":"product","link":"https:\/\/gpl-love.com\/fr\/produit\/formidable-user-registration\/","title":{"rendered":"Formidable Forms User Registration 3.0"},"content":{"rendered":"<h3>Formidable Forms User Registration Traits<\/h3>\n<p>Les formulaires formidables l&rsquo;enregistrement des utilisateurs sont un outil tr\u00e8s avanc\u00e9 et exceptionnellement puissant m\u00e9ticuleusement con\u00e7u pour permettre aux propri\u00e9taires de sites de pouvoir g\u00e9n\u00e9rer rapidement et efficacement des formulaires d&rsquo;enregistrement des utilisateurs. Gr\u00e2ce \u00e0 l&rsquo;utilisation de son interface de formulaire de formulaire de glisser-d\u00e9poser remarquablement conviviale, les utilisateurs sont en mesure de fabriquer des formulaires d&rsquo;enregistrement personnalis\u00e9s adapt\u00e9s pour r\u00e9pondre \u00e0 leurs exigences pr\u00e9cises et individualistes. Cet outil exceptionnel poss\u00e8de une vaste gamme de fonctionnalit\u00e9s, englobant l&rsquo;incorporation de la logique conditionnelle, des formulaires de plusieurs pages et des champs sur mesure, ce qui le rend une ressource exceptionnellement polyvalente et flexible pour les propri\u00e9taires de sites Web. En plus de sa myriade de fonctionnalit\u00e9s, ce plugin s&rsquo;int\u00e8gre de mani\u00e8re transparente avec des plateformes de marketing par e-mail et de gestion de la relation client (CRM) largement acclam\u00e9es, facilitant ainsi l&rsquo;automatisation des flux de travail et la rationalisation du processus d&rsquo;enregistrement des utilisateurs pour les utilisateurs. En exploitant les capacit\u00e9s extraordinaires de formidables formulaires d&rsquo;enregistrement des utilisateurs, les propri\u00e9taires de sites Web peuvent cr\u00e9er sans effort des exp\u00e9riences utilisateur tr\u00e8s immersives et captivantes, catapultant ainsi leurs sites Web \u00e0 un niveau d&rsquo;excellence et de r\u00e9ussite sans pr\u00e9c\u00e9dent.<\/p>\n<ul>\n<li>Cr\u00e9er facilement des formulaires d&rsquo;inscription des utilisateurs personnalis\u00e9s<\/li>\n<li>Collecter les informations utilisateur importantes lors de l&rsquo;inscription<\/li>\n<li>Envoyer des e-mails de confirmation utilisateur avec des mod\u00e8les personnalisables<\/li>\n<li>Configurer des notifications pour alerter l&rsquo;administration des nouvelles inscriptions<\/li>\n<li>Choisissez parmi une vari\u00e9t\u00e9 de types de champs, y compris le texte, les d\u00e9parts, les cases et plus encore<\/li>\n<li>Connectez-vous avec des services de marketing par e-mail populaires pour ajouter de nouveaux utilisateurs aux listes de diffusion<\/li>\n<li>Utilisez la logique conditionnelle pour afficher \/ masquer les champs en fonction des r\u00e9ponses des utilisateurs<\/li>\n<li>Mettre en \u0153uvre des mesures anti-spam avec recaptcha ou akismet<\/li>\n<li>Int\u00e9grez aux passerelles de paiement populaires pour les options d&rsquo;adh\u00e9sion payantes<\/li>\n<li>Permettez aux utilisateurs de modifier leurs informations d&rsquo;enregistrement \u00e0 tout moment.<\/li>\n<\/ul>\n","protected":false},"excerpt":{"rendered":"<p>Formidable Forms User Registration est un plugin remarquablement robuste et polyvalent, offrant aux propri\u00e9taires de sites web la possibilit\u00e9 de cr\u00e9er des formulaires d&rsquo;inscription personnalis\u00e9s pour leurs utilisateurs. Cet outil tr\u00e8s intuitif permet aux entreprises de collecter facilement les donn\u00e9es essentielles des utilisateurs, telles que leurs noms, adresses et adresses e-mail, tout en offrant la possibilit\u00e9 de personnaliser les formulaires d&rsquo;inscription gr\u00e2ce \u00e0 la logique conditionnelle, aux mises en page multipages et \u00e0 une multitude de fonctionnalit\u00e9s suppl\u00e9mentaires. Outre ces avantages, Formidable Forms User Registration simplifie la gestion des utilisateurs en automatisant les notifications par e-mail, en facilitant l&rsquo;administration des comptes et en garantissant une s\u00e9curit\u00e9 optimale des donn\u00e9es. Que vous souhaitiez cr\u00e9er des formulaires d&rsquo;inscription pour des cours en ligne de qualit\u00e9, des sites d&rsquo;adh\u00e9sion ou des plateformes e-commerce performantes, la simplicit\u00e9 d&rsquo;utilisation de Formidable Forms User Registration vous permet de collecter et de compiler les informations essentielles des utilisateurs avec une facilit\u00e9 d\u00e9concertante.<\/p>\n","protected":false},"featured_media":143920,"comment_status":"open","ping_status":"closed","template":"","meta":[],"product_brand":[2555],"product_cat":[1191,1181,1186],"product_tag":[1484],"class_list":{"0":"post-113960","1":"product","2":"type-product","3":"status-publish","4":"has-post-thumbnail","6":"product_brand-formidable","7":"product_cat-formes","8":"product_cat-plugins","9":"product_cat-wordpress-plugins","10":"product_tag-formidable","11":"member-discount","12":"discount-restricted","14":"first","15":"instock","16":"sale","17":"downloadable","18":"virtual","19":"sold-individually","20":"purchasable","21":"product-type-simple"},"_links":{"self":[{"href":"https:\/\/gpl-love.com\/fr\/wp-json\/wp\/v2\/product\/113960","targetHints":{"allow":["GET"]}}],"collection":[{"href":"https:\/\/gpl-love.com\/fr\/wp-json\/wp\/v2\/product"}],"about":[{"href":"https:\/\/gpl-love.com\/fr\/wp-json\/wp\/v2\/types\/product"}],"replies":[{"embeddable":true,"href":"https:\/\/gpl-love.com\/fr\/wp-json\/wp\/v2\/comments?post=113960"}],"wp:featuredmedia":[{"embeddable":true,"href":"https:\/\/gpl-love.com\/fr\/wp-json\/wp\/v2\/media\/143920"}],"wp:attachment":[{"href":"https:\/\/gpl-love.com\/fr\/wp-json\/wp\/v2\/media?parent=113960"}],"wp:term":[{"taxonomy":"product_brand","embeddable":true,"href":"https:\/\/gpl-love.com\/fr\/wp-json\/wp\/v2\/product_brand?post=113960"},{"taxonomy":"product_cat","embeddable":true,"href":"https:\/\/gpl-love.com\/fr\/wp-json\/wp\/v2\/product_cat?post=113960"},{"taxonomy":"product_tag","embeddable":true,"href":"https:\/\/gpl-love.com\/fr\/wp-json\/wp\/v2\/product_tag?post=113960"}],"curies":[{"name":"wp","href":"https:\/\/api.w.org\/{rel}","templated":true}]}}