{"id":113958,"date":"2021-04-15T00:00:00","date_gmt":"2021-04-14T22:00:00","guid":{"rendered":"http:\/\/gpl-love.com\/fr\/produit\/formidable-forms-twilio-sms\/"},"modified":"2026-03-20T23:06:35","modified_gmt":"2026-03-20T22:06:35","slug":"formidable-forms-twilio-sms","status":"publish","type":"product","link":"https:\/\/gpl-love.com\/fr\/produit\/formidable-forms-twilio-sms\/","title":{"rendered":"Formidable Forms Twilio SMS 1.08"},"content":{"rendered":"<h3>Formidable Forms Twilio SMS Traits<\/h3>\n<p>Formidables Forms Twilio SMS est un outil remarquablement robuste et efficace qui facilite sans effort l&rsquo;int\u00e9gration de la messagerie SMS dans votre illustre site Web WordPress. Avec l&rsquo;aide de ce plugin exceptionnel, vous avez la capacit\u00e9 sans pr\u00e9c\u00e9dent \u00e0 envoyer des messages texte \u00e0 votre client\u00e8le estim\u00e9e directement \u00e0 partir des limites de votre site Web, \u00e9vitant ainsi la n\u00e9cessit\u00e9 d&rsquo;utiliser une plate-forme de messagerie distincte. De plus, des formes formidables Twilio SMS sont dot\u00e9es d&rsquo;une interface abondamment conviviale, ce qui la rend \u00e9minemment facile \u00e0 naviguer, et elle offre une pl\u00e9thore de fonctionnalit\u00e9s personnalisables qui vous permettent de fa\u00e7onner et de transmettre des SMS qui sont pr\u00e9cis\u00e9 . Que vous ayez besoin de diffuser des rappels pour les rendez-vous, de transmettre des promotions exclusives ou de diffuser des notifications, des formes formidables Twilio SMS repr\u00e9sentent une solution remarquablement polyvalente et in\u00e9gal client\u00e8le.<\/p>\n<ul>\n<li>S&rsquo;int\u00e8gre au Formidable Forms Plugin Populable Forms pour ajouter des fonctionnalit\u00e9s SMS<\/li>\n<li>Permet aux utilisateurs d&rsquo;envoyer des SMS directement \u00e0 partir de leurs formulaires formidables<\/li>\n<li>Utilise Twilio, une plate-forme de communication de cloud de confiance, pour une livraison de messages fiables<\/li>\n<li>Prend en charge les champs personnalis\u00e9s et les donn\u00e9es dynamiques, telles que les donn\u00e9es de soumission de formulaire, pour les messages personnalis\u00e9s<\/li>\n<li>Offre une gamme de fonctionnalit\u00e9s, y compris la planification des messages, les journaux de messages et la gestion de l&rsquo;opt-out<\/li>\n<li>Fournit une documentation d\u00e9taill\u00e9e et une prise en charge pour une int\u00e9gration et une configuration faciles<\/li>\n<li>Permet aux entreprises d&rsquo;am\u00e9liorer la communication avec les clients, les clients et les dirige de la commodit\u00e9 de la messagerie SMS.<\/li>\n<\/ul>\n","protected":false},"excerpt":{"rendered":"<p>L&rsquo;extension Formidable Forms Twilio SMS est une solution performante qui permet aux utilisateurs de recevoir des notifications SMS directement depuis leurs formulaires. L&rsquo;utilisation de Twilio comme plateforme de messagerie renforce consid\u00e9rablement l&rsquo;efficacit\u00e9 de cet outil, en garantissant une communication fiable pour diverses applications telles que la soumission de formulaires, les appels manqu\u00e9s et m\u00eame l&rsquo;envoi de rappels. Que ce soit pour un usage professionnel ou personnel, l&rsquo;int\u00e9gration de Formidable Forms Twilio SMS constitue une solution extr\u00eamement pratique, permettant \u00e0 chacun de rester facilement en contact avec son public.<\/p>\n","protected":false},"featured_media":143919,"comment_status":"open","ping_status":"open","template":"","meta":[],"product_brand":[2555],"product_cat":[1191,1181,1186],"product_tag":[1484],"class_list":{"0":"post-113958","1":"product","2":"type-product","3":"status-publish","4":"has-post-thumbnail","6":"product_brand-formidable","7":"product_cat-formes","8":"product_cat-plugins","9":"product_cat-wordpress-plugins","10":"product_tag-formidable","11":"member-discount","12":"discount-restricted","14":"first","15":"instock","16":"sale","17":"downloadable","18":"virtual","19":"sold-individually","20":"purchasable","21":"product-type-simple"},"_links":{"self":[{"href":"https:\/\/gpl-love.com\/fr\/wp-json\/wp\/v2\/product\/113958","targetHints":{"allow":["GET"]}}],"collection":[{"href":"https:\/\/gpl-love.com\/fr\/wp-json\/wp\/v2\/product"}],"about":[{"href":"https:\/\/gpl-love.com\/fr\/wp-json\/wp\/v2\/types\/product"}],"replies":[{"embeddable":true,"href":"https:\/\/gpl-love.com\/fr\/wp-json\/wp\/v2\/comments?post=113958"}],"wp:featuredmedia":[{"embeddable":true,"href":"https:\/\/gpl-love.com\/fr\/wp-json\/wp\/v2\/media\/143919"}],"wp:attachment":[{"href":"https:\/\/gpl-love.com\/fr\/wp-json\/wp\/v2\/media?parent=113958"}],"wp:term":[{"taxonomy":"product_brand","embeddable":true,"href":"https:\/\/gpl-love.com\/fr\/wp-json\/wp\/v2\/product_brand?post=113958"},{"taxonomy":"product_cat","embeddable":true,"href":"https:\/\/gpl-love.com\/fr\/wp-json\/wp\/v2\/product_cat?post=113958"},{"taxonomy":"product_tag","embeddable":true,"href":"https:\/\/gpl-love.com\/fr\/wp-json\/wp\/v2\/product_tag?post=113958"}],"curies":[{"name":"wp","href":"https:\/\/api.w.org\/{rel}","templated":true}]}}