{"id":113956,"date":"2025-12-12T00:00:00","date_gmt":"2025-12-11T23:00:00","guid":{"rendered":"http:\/\/gpl-love.com\/fr\/produit\/formidable-forms-quiz-maker\/"},"modified":"2026-04-21T06:30:29","modified_gmt":"2026-04-21T04:30:29","slug":"formidable-forms-quiz-maker","status":"publish","type":"product","link":"https:\/\/gpl-love.com\/fr\/produit\/formidable-forms-quiz-maker\/","title":{"rendered":"Formidable Forms Quiz Maker 3.1.7"},"content":{"rendered":"<h3>Formidable Forms Quiz Maker Traits<\/h3>\n<p>Formidable Forms Quiz Maker est un outil extr\u00eamement puissant qui permet aux utilisateurs de cr\u00e9er sans effort des quiz captivants. Gr\u00e2ce \u00e0 l&rsquo;utilisation d&rsquo;une interface de glisser-d\u00e9poser par l&rsquo;utilisateur, les utilisateurs ont la possibilit\u00e9 d&rsquo;incorporer un tableau de types de questions, englobant des questions multiples, vraies \/ fausses et ouvertes. De plus, ce remarquable fabricant de quiz facilite \u00e9galement l&rsquo;int\u00e9gration transparente des images, des vid\u00e9os et des fichiers audio afin d&rsquo;augmenter l&rsquo;exp\u00e9rience globale du quiz. En plus de ces fonctionnalit\u00e9s remarquables, les utilisateurs ont la possibilit\u00e9 de personnaliser la disposition du quiz, allant de la s\u00e9lection des polices, des couleurs et des arri\u00e8re-plans, le tout avec l&rsquo;intention de s&rsquo;aligner sur leur marque ou leur site Web. En outre, le fabricant de quiz poss\u00e8de des options avanc\u00e9es concernant la notation et le classement, ce qui permet aux utilisateurs de concevoir des quiz complexes qui fournissent aux participants des commentaires m\u00e9ticuleux. Essentiellement, avec l&rsquo;utilisation du formidable fabricant de quiz de formes, le processus de fabrication de quiz agr\u00e9ables et interactifs a \u00e9t\u00e9 rationalis\u00e9 \u00e0 un degr\u00e9 sans pr\u00e9c\u00e9dent.<\/p>\n<ul>\n<li>Cr\u00e9ez facilement des quiz personnalis\u00e9s en utilisant le fabricant de quiz glisser-d\u00e9poser<\/li>\n<li>Choisissez parmi une vari\u00e9t\u00e9 de types de questions, y compris le choix multiple, vrai \/ faux, et remplissez le blanc<\/li>\n<li>Utilisez la logique conditionnelle pour adapter les quiz aux utilisateurs individuels ou afficher diff\u00e9rentes questions en fonction des r\u00e9ponses pr\u00e9c\u00e9dentes<\/li>\n<li>D\u00e9finir les minuteries de quiz et les valeurs de point pour chaque question<\/li>\n<li>Exporter les r\u00e9sultats du quiz vers CSV ou Excel pour une analyse plus approfondie<\/li>\n<li>Personnalisez l&rsquo;apparence de votre quiz avec diverses options de style<\/li>\n<li>Int\u00e9grez facilement les quiz sur votre site WordPress avec un shortcode<\/li>\n<li>Recevoir des notifications par e-mail lorsque les utilisateurs terminent un quiz<\/li>\n<li>Int\u00e9grez aux services de marketing par e-mail comme MailChimp et Aweber pour ajouter automatiquement des preneurs de quiz \u00e0 vos listes de diffusion<\/li>\n<li>Obtenez des rapports d\u00e9taill\u00e9s sur les performances du quiz et les r\u00e9ponses individuelles des utilisateurs.<\/li>\n<\/ul>\n","protected":false},"excerpt":{"rendered":"<p>Formidable Forms Quiz Maker offre un moyen simple de cr\u00e9er des quiz interactifs et captivants pour votre site web ou blog. Son interface intuitive et ses fonctionnalit\u00e9s robustes vous permettent de concevoir des quiz qui captivent votre audience et favorisent les conversions. Que vous souhaitiez cr\u00e9er un jeu de questions-r\u00e9ponses, un quiz r\u00e9v\u00e9lateur de personnalit\u00e9 ou un test de connaissances, Formidable Forms Quiz Maker r\u00e9unit tous les outils n\u00e9cessaires \u00e0 la cr\u00e9ation d&rsquo;un quiz exceptionnel. De plus, ses fonctionnalit\u00e9s avanc\u00e9es de reporting et d&rsquo;analyse vous permettent de suivre vos r\u00e9sultats et d&rsquo;optimiser vos quiz pour un impact maximal.<\/p>\n","protected":false},"featured_media":143917,"comment_status":"open","ping_status":"open","template":"","meta":[],"product_brand":[2555],"product_cat":[1191,1181,1186],"product_tag":[1484],"class_list":{"0":"post-113956","1":"product","2":"type-product","3":"status-publish","4":"has-post-thumbnail","6":"product_brand-formidable","7":"product_cat-formes","8":"product_cat-plugins","9":"product_cat-wordpress-plugins","10":"product_tag-formidable","11":"member-discount","12":"discount-restricted","14":"first","15":"instock","16":"sale","17":"downloadable","18":"virtual","19":"sold-individually","20":"purchasable","21":"product-type-simple"},"_links":{"self":[{"href":"https:\/\/gpl-love.com\/fr\/wp-json\/wp\/v2\/product\/113956","targetHints":{"allow":["GET"]}}],"collection":[{"href":"https:\/\/gpl-love.com\/fr\/wp-json\/wp\/v2\/product"}],"about":[{"href":"https:\/\/gpl-love.com\/fr\/wp-json\/wp\/v2\/types\/product"}],"replies":[{"embeddable":true,"href":"https:\/\/gpl-love.com\/fr\/wp-json\/wp\/v2\/comments?post=113956"}],"wp:featuredmedia":[{"embeddable":true,"href":"https:\/\/gpl-love.com\/fr\/wp-json\/wp\/v2\/media\/143917"}],"wp:attachment":[{"href":"https:\/\/gpl-love.com\/fr\/wp-json\/wp\/v2\/media?parent=113956"}],"wp:term":[{"taxonomy":"product_brand","embeddable":true,"href":"https:\/\/gpl-love.com\/fr\/wp-json\/wp\/v2\/product_brand?post=113956"},{"taxonomy":"product_cat","embeddable":true,"href":"https:\/\/gpl-love.com\/fr\/wp-json\/wp\/v2\/product_cat?post=113956"},{"taxonomy":"product_tag","embeddable":true,"href":"https:\/\/gpl-love.com\/fr\/wp-json\/wp\/v2\/product_tag?post=113956"}],"curies":[{"name":"wp","href":"https:\/\/api.w.org\/{rel}","templated":true}]}}