{"id":113954,"date":"2025-09-13T00:00:00","date_gmt":"2025-09-12T22:00:00","guid":{"rendered":"http:\/\/gpl-love.com\/fr\/produit\/eventon-weekly-view\/"},"modified":"2026-03-20T23:05:08","modified_gmt":"2026-03-20T22:05:08","slug":"eventon-weekly-view","status":"publish","type":"product","link":"https:\/\/gpl-love.com\/fr\/produit\/eventon-weekly-view\/","title":{"rendered":"EventOn Weekly View 2.1.8"},"content":{"rendered":"<h3>EventOn Weekly View Traits<\/h3>\n<p>L&rsquo;Eventon Weekly View, d\u00e9bordant de ses capacit\u00e9s formidables, sert d&rsquo;instrument inestimable dans le domaine de la gestion des calendriers et de la coordination des \u00e9v\u00e9nements. Son interface utilisateur \u00e9l\u00e9gante et intuitive s&rsquo;av\u00e8re \u00eatre la passerelle d&rsquo;un panorama complet du calendrier de votre semaine \u00e0 venir. Au sein de ce logiciel, vous avez la capacit\u00e9 d&rsquo;incorporer, de modifier et d&rsquo;\u00e9liminer les \u00e9v\u00e9nements sans effort, d&rsquo;\u00e9tablir des rappels et de notifications, et d&rsquo;examiner votre calendrier dans une pl\u00e9thore de formats. De plus, ce logiciel poss\u00e8de un niveau d&rsquo;adaptabilit\u00e9 exceptionnel, vous permettant de l&rsquo;adapter \u00e0 vos besoins et pr\u00e9f\u00e9rences idiosyncratiques. Ind\u00e9pendamment de savoir si vous vous trouvez englob\u00e9 dans le domaine anim\u00e9 des professionnels, absorb\u00e9 par la poursuite de la connaissance en tant qu&rsquo;\u00e9tudiant, ou simplement aspirer \u00e0 maintenir une existence ordonn\u00e9e, la vue hebdomadaire de l&rsquo;\u00e9v\u00e9nement \u00e9merge sans \u00e9quivoque comme un compagnon indispensable, facilitant la gestion de votre temporal domaine et assurer que vous restez ferme dans vos efforts.<\/p>\n<ul>\n<li>Une vision hebdomadaire compl\u00e8te des \u00e9v\u00e9nements<\/li>\n<li>Une interface conviviale pour une navigation facile<\/li>\n<li>La capacit\u00e9 de faire d\u00e9filer rapidement les semaines pour voir les \u00e9v\u00e9nements futurs<\/li>\n<li>Options d&rsquo;affichage personnalisables pour adapter les pr\u00e9f\u00e9rences individuelles<\/li>\n<li>Informations sur l&rsquo;\u00e9v\u00e9nement clair et concis, y compris la date, l&rsquo;heure, l&#8217;emplacement et la description<\/li>\n<li>La possibilit\u00e9 d&rsquo;ajouter et de modifier les \u00e9v\u00e9nements directement \u00e0 partir de la vue hebdomadaire<\/li>\n<li>Int\u00e9gration avec d&rsquo;autres applications de calendrier, notamment Google Calendar et Outlook<\/li>\n<li>Mises \u00e0 jour et am\u00e9liorations continues pour assurer des performances optimales et une satisfaction des utilisateurs.<\/li>\n<\/ul>\n","protected":false},"excerpt":{"rendered":"<p>Eventon Weekly View est un outil tr\u00e8s pratique et remarquablement convivial qui vous pr\u00e9sente la possibilit\u00e9 d&rsquo;observer sans effort et de mani\u00e8re approfondie votre horaire hebdomadaire dans son int\u00e9gralit\u00e9. Gr\u00e2ce \u00e0 son interface \u00e9l\u00e9gamment rationalis\u00e9e et intrins\u00e8quement intuitive, vous \u00eates en mesure de surveiller rapidement et efficacement et de garder un \u0153il sur tous vos rendez-vous, des r\u00e9unions cruciales et tout autre \u00e9v\u00e9nement important de la plus haute importance. Peu importe que vous vous trouviez absorb\u00e9 par un style de vie professionnel anim\u00e9 et exigeant ou que vous nourrissez simplement un d\u00e9sir fervent de rester impeccablement organis\u00e9, il va sans dire que Eventon Weekly View repr\u00e9sente la solution par excellence pour g\u00e9rer habilement et avec comp\u00e9tence votre semaine. Ainsi, sans plus tarder, saisissez l&rsquo;opportunit\u00e9 d&rsquo;incorporer cette ressource inestimable dans votre routine quotidienne et offrez des adieux \u00e0 tout accident ou surveillance potentiel qui peut entraver votre productivit\u00e9 et votre succ\u00e8s!<\/p>\n","protected":false},"featured_media":143818,"comment_status":"open","ping_status":"open","template":"","meta":[],"product_brand":[2540],"product_cat":[1189,1181,1186],"product_tag":[1267],"class_list":{"0":"post-113954","1":"product","2":"type-product","3":"status-publish","4":"has-post-thumbnail","6":"product_brand-eventon","7":"product_cat-personnalisation","8":"product_cat-plugins","9":"product_cat-wordpress-plugins","10":"product_tag-eventon","11":"member-discount","12":"discount-restricted","14":"first","15":"instock","16":"sale","17":"downloadable","18":"virtual","19":"sold-individually","20":"purchasable","21":"product-type-simple"},"_links":{"self":[{"href":"https:\/\/gpl-love.com\/fr\/wp-json\/wp\/v2\/product\/113954","targetHints":{"allow":["GET"]}}],"collection":[{"href":"https:\/\/gpl-love.com\/fr\/wp-json\/wp\/v2\/product"}],"about":[{"href":"https:\/\/gpl-love.com\/fr\/wp-json\/wp\/v2\/types\/product"}],"replies":[{"embeddable":true,"href":"https:\/\/gpl-love.com\/fr\/wp-json\/wp\/v2\/comments?post=113954"}],"wp:featuredmedia":[{"embeddable":true,"href":"https:\/\/gpl-love.com\/fr\/wp-json\/wp\/v2\/media\/143818"}],"wp:attachment":[{"href":"https:\/\/gpl-love.com\/fr\/wp-json\/wp\/v2\/media?parent=113954"}],"wp:term":[{"taxonomy":"product_brand","embeddable":true,"href":"https:\/\/gpl-love.com\/fr\/wp-json\/wp\/v2\/product_brand?post=113954"},{"taxonomy":"product_cat","embeddable":true,"href":"https:\/\/gpl-love.com\/fr\/wp-json\/wp\/v2\/product_cat?post=113954"},{"taxonomy":"product_tag","embeddable":true,"href":"https:\/\/gpl-love.com\/fr\/wp-json\/wp\/v2\/product_tag?post=113954"}],"curies":[{"name":"wp","href":"https:\/\/api.w.org\/{rel}","templated":true}]}}