{"id":113952,"date":"2025-10-28T00:00:00","date_gmt":"2025-10-27T23:00:00","guid":{"rendered":"http:\/\/gpl-love.com\/fr\/produit\/eventon-ticket-variations-et-options\/"},"modified":"2026-03-20T23:05:07","modified_gmt":"2026-03-20T22:05:07","slug":"eventon-ticket-variations-et-options","status":"publish","type":"product","link":"https:\/\/gpl-love.com\/fr\/produit\/eventon-ticket-variations-et-options\/","title":{"rendered":"EventOn Ticket Variations et Options 1.1.14"},"content":{"rendered":"<h3>EventOn Ticket Variations et Options Traits<\/h3>\n<p>Les variations et options des billets EventOn sont un outil incroyablement complet qui offre aux organisateurs des \u00e9v\u00e9nements un large \u00e9ventail de capacit\u00e9s, en les permettant de cr\u00e9er et de g\u00e9rer efficacement les types de billets personnalis\u00e9s avec leurs propres options et variations distinctes. Cet outil riche en fonctionnalit\u00e9s vous permet de g\u00e9n\u00e9rer de mani\u00e8re transparente de nombreux types de billets pour votre \u00e9v\u00e9nement et de personnaliser m\u00e9ticuleusement chacun en incorporant une gamme unique d&rsquo;options, telles que diff\u00e9rents prix, les statuts de disponibilit\u00e9 et les limites de billets. De plus, vous avez la capacit\u00e9 d&rsquo;\u00e9tablir diverses variations pour chaque type de billets, vous permettant de fournir aux participants des niveaux d&rsquo;acc\u00e8s diff\u00e9rents ou des avantages exclusifs. Avec un outil aussi extr\u00eamement puissant \u00e0 votre disposition, le processus de billetterie devient remarquablement rationalis\u00e9, guidant sans effort les participants vers le billet id\u00e9al pour leurs besoins, tout en \u00e9quipant simultan\u00e9ment les organisateurs d&rsquo;\u00e9v\u00e9nements des moyens de superviser efficacement les ventes de billets et de r\u00e9glementer la fr\u00e9quentation. Que vous organisiez un rassemblement intime ou un \u00e9v\u00e9nement \u00e0 grande \u00e9chelle, les variations de billets Eventon et les options vous offrent la capacit\u00e9 in\u00e9gal\u00e9e \u00e0 offrir une exp\u00e9rience de billetterie enti\u00e8rement personnalis\u00e9e et parfaitement unifi\u00e9e.<\/p>\n<ul>\n<li>Cr\u00e9ez des options de billets personnalis\u00e9s pour vos \u00e9v\u00e9nements<\/li>\n<li>D\u00e9finissez diff\u00e9rents niveaux de prix pour diff\u00e9rents types de billets<\/li>\n<li>Collecter des informations suppl\u00e9mentaires aupr\u00e8s des participants avec des champs personnalis\u00e9s<\/li>\n<li>G\u00e9rer et suivre facilement les ventes de billets et les stocks<\/li>\n<li>Personnalisez les conceptions de billets et la marque pour correspondre \u00e0 votre \u00e9v\u00e9nement<\/li>\n<li>Offrez des rabais de l\u00e8ve-t\u00f4t ou de groupe pour attirer plus de participants<\/li>\n<li>Vendre des modules compl\u00e9mentaires ou des marchandises aux c\u00f4t\u00e9s des billets pour des revenus suppl\u00e9mentaires<\/li>\n<li>Int\u00e9grer aux passerelles de paiement populaires pour les transactions s\u00e9curis\u00e9es<\/li>\n<li>Voir les donn\u00e9es et analyses des participants en temps r\u00e9el pour \u00e9clairer les \u00e9v\u00e9nements futurs<\/li>\n<li>Offrez une exp\u00e9rience de paiement transparente aux participants.<\/li>\n<\/ul>\n","protected":false},"excerpt":{"rendered":"<p>Le plugin Eventon Ticket Variations and Options est un outil tr\u00e8s b\u00e9n\u00e9fique qui am\u00e9liore consid\u00e9rablement votre syst\u00e8me de r\u00e9servation d&rsquo;\u00e9v\u00e9nements, vous permettant de personnaliser et d&rsquo;adapter sans effort vos options de billets. Ce plugin remarquable vous permet de cr\u00e9er et de g\u00e9rer sans effort plusieurs types de billets, d&rsquo;\u00e9tablir et de modifier les prix et m\u00eame d&rsquo;\u00e9tendre la possibilit\u00e9 d&rsquo;appliquer des remises attrayantes. En outre, il vous permet d&rsquo;int\u00e9grer de mani\u00e8re transparente les champs personnalis\u00e9s dans le processus de r\u00e9servation, facilitant ainsi la collecte d&rsquo;informations vitales des participants. Essentiellement, ce plugin exceptionnel se r\u00e9v\u00e8le \u00eatre un changement de jeu absolu pour les organisateurs d&rsquo;\u00e9v\u00e9nements qui aspirent \u00e0 offrir une exp\u00e9rience sur mesure in\u00e9gal\u00e9e \u00e0 leurs pr\u00e9cieux participants.<\/p>\n","protected":false},"featured_media":143817,"comment_status":"open","ping_status":"open","template":"","meta":[],"product_brand":[2540],"product_cat":[1189,1181,1186],"product_tag":[1267],"class_list":{"0":"post-113952","1":"product","2":"type-product","3":"status-publish","4":"has-post-thumbnail","6":"product_brand-eventon","7":"product_cat-personnalisation","8":"product_cat-plugins","9":"product_cat-wordpress-plugins","10":"product_tag-eventon","11":"member-discount","12":"discount-restricted","14":"first","15":"instock","16":"sale","17":"downloadable","18":"virtual","19":"sold-individually","20":"purchasable","21":"product-type-simple"},"_links":{"self":[{"href":"https:\/\/gpl-love.com\/fr\/wp-json\/wp\/v2\/product\/113952","targetHints":{"allow":["GET"]}}],"collection":[{"href":"https:\/\/gpl-love.com\/fr\/wp-json\/wp\/v2\/product"}],"about":[{"href":"https:\/\/gpl-love.com\/fr\/wp-json\/wp\/v2\/types\/product"}],"replies":[{"embeddable":true,"href":"https:\/\/gpl-love.com\/fr\/wp-json\/wp\/v2\/comments?post=113952"}],"wp:featuredmedia":[{"embeddable":true,"href":"https:\/\/gpl-love.com\/fr\/wp-json\/wp\/v2\/media\/143817"}],"wp:attachment":[{"href":"https:\/\/gpl-love.com\/fr\/wp-json\/wp\/v2\/media?parent=113952"}],"wp:term":[{"taxonomy":"product_brand","embeddable":true,"href":"https:\/\/gpl-love.com\/fr\/wp-json\/wp\/v2\/product_brand?post=113952"},{"taxonomy":"product_cat","embeddable":true,"href":"https:\/\/gpl-love.com\/fr\/wp-json\/wp\/v2\/product_cat?post=113952"},{"taxonomy":"product_tag","embeddable":true,"href":"https:\/\/gpl-love.com\/fr\/wp-json\/wp\/v2\/product_tag?post=113952"}],"curies":[{"name":"wp","href":"https:\/\/api.w.org\/{rel}","templated":true}]}}