{"id":113950,"date":"2025-10-28T00:00:00","date_gmt":"2025-10-27T23:00:00","guid":{"rendered":"http:\/\/gpl-love.com\/fr\/produit\/eventon-subscriber\/"},"modified":"2026-03-20T23:05:06","modified_gmt":"2026-03-20T22:05:06","slug":"eventon-subscriber","status":"publish","type":"product","link":"https:\/\/gpl-love.com\/fr\/produit\/eventon-subscriber\/","title":{"rendered":"EventOn Subscriber 1.4.5"},"content":{"rendered":"<h3>EventOn Subscriber Traits<\/h3>\n<p>L&rsquo;abonn\u00e9 Eventon, un outil tr\u00e8s robuste, sert d&rsquo;atout pr\u00e9cieux pour permettre aux entreprises de rationaliser efficacement la gestion de leurs \u00e9v\u00e9nements et abonn\u00e9s. \u00c0 l&rsquo;aide de cet outil remarquable, les entreprises peuvent administrer sans effort leurs bases de donn\u00e9es d&rsquo;abonn\u00e9, diffuser des notifications par e-mail et suivre m\u00e9ticuleusement les triomphes de leurs \u00e9v\u00e9nements. En vertu des remarquables prouesses de l&rsquo;abonn\u00e9 Eventon, organisant et supervisant les \u00e9v\u00e9nements, quelle que soit leur \u00e9chelle, devient une entreprise transparente. B\u00e9n\u00e9ficiant d&rsquo;une interface qui est non seulement conviviale mais aussi d\u00e9bordant de fonctionnalit\u00e9s intuitives, cet outil appara\u00eet comme un choix optimal pour les entreprises, quelle que soit leur ampleur. Avec l&rsquo;abonn\u00e9 Eventon \u00e0 votre disposition, vous pouvez simplifier sans effort vos processus de gestion d&rsquo;\u00e9v\u00e9nements, am\u00e9liorer votre retour sur investissement et finalement cr\u00e9er des \u00e9v\u00e9nements qui sont \u00e0 la fois captivants et victorieux.<\/p>\n<ul>\n<li>G\u00e9rez sans effort vos abonn\u00e9s \u00e0 l&rsquo;\u00e9v\u00e9nement avec Eventon abonn\u00e9.<\/li>\n<li>Votre processus d&rsquo;inscription des \u00e9v\u00e9nements est devenu plus facile \u00e0 l&rsquo;aide de l&rsquo;abonn\u00e9 Eventon.<\/li>\n<li>Soyez avis\u00e9 instantan\u00e9ment lorsque quelqu&rsquo;un souscrit \u00e0 votre \u00e9v\u00e9nement, gr\u00e2ce au syst\u00e8me fiable de l&rsquo;abonn\u00e9 Eventon.<\/li>\n<li>Personnalisez les d\u00e9tails de votre abonn\u00e9 avec les options de formatage facile \u00e0 utiliser de l&rsquo;abonn\u00e9 Eventon.<\/li>\n<li>Gardez les abonn\u00e9s \u00e0 vos \u00e9v\u00e9nements organis\u00e9s et s\u00e9curis\u00e9s avec la plate-forme conviviale de l&rsquo;abonn\u00e9 Eventon.<\/li>\n<li>Acc\u00e9dez \u00e0 des donn\u00e9es et des informations pr\u00e9cieuses sur vos abonn\u00e9s avec l&rsquo;outil d&rsquo;analyse avanc\u00e9e de l&rsquo;abonn\u00e9 Eventon.<\/li>\n<li>L&rsquo;abonn\u00e9 Eventon est compatible avec de nombreux syst\u00e8mes CRM populaires, pour une int\u00e9gration transparente avec votre flux de travail existant.<\/li>\n<li>Dites adieu aux t\u00e2ches d&rsquo;administration fastidieuses \u00e0 l&rsquo;aide des fonctionnalit\u00e9s d&rsquo;automatisation avanc\u00e9es de l&rsquo;abonn\u00e9 Eventon.<\/li>\n<li>Am\u00e9liorez la communication avec les abonn\u00e9s de vos \u00e9v\u00e9nements avec les outils de messagerie intuitifs et de messagerie intuitifs de l&rsquo;abonn\u00e9 Eventon.<\/li>\n<li>Laissez l&rsquo;abonn\u00e9 Eventon retirer l&rsquo;inqui\u00e9tude de la gestion de vos abonn\u00e9s d&rsquo;\u00e9v\u00e9nements, afin que vous puissiez vous concentrer sur la livraison d&rsquo;un \u00e9v\u00e9nement fantastique.<\/li>\n<\/ul>\n","protected":false},"excerpt":{"rendered":"<p>L&rsquo;abonn\u00e9 Eventon, un outil tr\u00e8s efficace pour la gestion des listes d&rsquo;abonnement \u00e0 l&rsquo;\u00e9v\u00e9nement, poss\u00e8de une pl\u00e9thore de fonctionnalit\u00e9s puissantes qui en font un atout inestimable. Son interface conviviale, coupl\u00e9e \u00e0 sa nature intuitive, simplifie le processus de collecte, de stockage et d&rsquo;exportation de donn\u00e9es relatives aux participants \u00e0 l&rsquo;\u00e9v\u00e9nement. En utilisant cet outil, vous pouvez maintenir sans effort un syst\u00e8me organis\u00e9, g\u00e9rer efficacement les communications et vous assurer que vos abonn\u00e9s sont syst\u00e9matiquement inform\u00e9s de toute mise \u00e0 jour pertinente de vos \u00e9v\u00e9nements. De plus, l&rsquo;abonn\u00e9 Eventon offre la possibilit\u00e9 de personnaliser et d&rsquo;adapter vos formulaires d&rsquo;abonn\u00e9 pour s&rsquo;aligner sur votre marque et vos \u00e9v\u00e9nements individuels, renfor\u00e7ant ainsi consid\u00e9rablement les taux d&rsquo;engagement. Embarquez dans votre voyage pour r\u00e9volutionner la gestion des \u00e9v\u00e9nements en adoptant l&rsquo;abonn\u00e9 Eventon aujourd&rsquo;hui!<\/p>\n","protected":false},"featured_media":143816,"comment_status":"open","ping_status":"open","template":"","meta":[],"product_brand":[2540],"product_cat":[1189,1181,1186],"product_tag":[1267],"class_list":{"0":"post-113950","1":"product","2":"type-product","3":"status-publish","4":"has-post-thumbnail","6":"product_brand-eventon","7":"product_cat-personnalisation","8":"product_cat-plugins","9":"product_cat-wordpress-plugins","10":"product_tag-eventon","11":"member-discount","12":"discount-restricted","14":"first","15":"instock","16":"sale","17":"downloadable","18":"virtual","19":"sold-individually","20":"purchasable","21":"product-type-simple"},"_links":{"self":[{"href":"https:\/\/gpl-love.com\/fr\/wp-json\/wp\/v2\/product\/113950","targetHints":{"allow":["GET"]}}],"collection":[{"href":"https:\/\/gpl-love.com\/fr\/wp-json\/wp\/v2\/product"}],"about":[{"href":"https:\/\/gpl-love.com\/fr\/wp-json\/wp\/v2\/types\/product"}],"replies":[{"embeddable":true,"href":"https:\/\/gpl-love.com\/fr\/wp-json\/wp\/v2\/comments?post=113950"}],"wp:featuredmedia":[{"embeddable":true,"href":"https:\/\/gpl-love.com\/fr\/wp-json\/wp\/v2\/media\/143816"}],"wp:attachment":[{"href":"https:\/\/gpl-love.com\/fr\/wp-json\/wp\/v2\/media?parent=113950"}],"wp:term":[{"taxonomy":"product_brand","embeddable":true,"href":"https:\/\/gpl-love.com\/fr\/wp-json\/wp\/v2\/product_brand?post=113950"},{"taxonomy":"product_cat","embeddable":true,"href":"https:\/\/gpl-love.com\/fr\/wp-json\/wp\/v2\/product_cat?post=113950"},{"taxonomy":"product_tag","embeddable":true,"href":"https:\/\/gpl-love.com\/fr\/wp-json\/wp\/v2\/product_tag?post=113950"}],"curies":[{"name":"wp","href":"https:\/\/api.w.org\/{rel}","templated":true}]}}