{"id":113948,"date":"2021-10-30T00:00:00","date_gmt":"2021-10-29T22:00:00","guid":{"rendered":"http:\/\/gpl-love.com\/fr\/produit\/eventon-slider-addon\/"},"modified":"2026-03-20T23:05:05","modified_gmt":"2026-03-20T22:05:05","slug":"eventon-slider-addon","status":"publish","type":"product","link":"https:\/\/gpl-love.com\/fr\/produit\/eventon-slider-addon\/","title":{"rendered":"EventOn Slider Addon 3.0.1"},"content":{"rendered":"<h3>EventOn Slider Addon Traits<\/h3>\n<p>L&rsquo;Addon Eventon Slider, un outil incroyablement robuste et tr\u00e8s performant, a \u00e9t\u00e9 m\u00e9ticuleusement con\u00e7u pour \u00e9lever la fonctionnalit\u00e9 globale du plugin Eventon. En utilisant cet addon exceptionnel, les utilisateurs ont la capacit\u00e9 remarquable de fabriquer des curseurs visuellement frappants et de mani\u00e8re transparente qui montrent sans effort la beaut\u00e9 de leurs \u00e9v\u00e9nements h\u00e9berg\u00e9s. Ce qui distingue vraiment ce curseur exceptionnel de la concurrence, c&rsquo;est le large \u00e9ventail de param\u00e8tres personnalisables qui sont rendus facilement disponibles pour ses utilisateurs. Ces param\u00e8tres sont ing\u00e9nieusement con\u00e7us pour r\u00e9pondre \u00e0 chaque pr\u00e9f\u00e9rence individuelle et inclure des options telles que la capacit\u00e9 de manipuler la quantit\u00e9 d&rsquo;\u00e9v\u00e9nements pr\u00e9sent\u00e9s, la libert\u00e9 de s\u00e9lectionner le style d&rsquo;animation souhait\u00e9, la capacit\u00e9 de d\u00e9terminer la vitesse de transition et une multitude d&rsquo;autres \u00e9gaux \u00e9galement \u00e9galement fonctionnalit\u00e9s s\u00e9duisantes. L&rsquo;un des aspects les plus avantageux de l&rsquo;addon de curseur Eventon est sa compatibilit\u00e9 in\u00e9gal\u00e9e sur tous les appareils, allant du bureau conventionnel au domaine en constante expansion des appareils mobiles et tablettes. L&rsquo;adoption d&rsquo;une telle compatibilit\u00e9 approfondie garantit que les \u00e9v\u00e9nements des utilisateurs restent accessibles sans effort \u00e0 un large public, am\u00e9liorant l&rsquo;inclusivit\u00e9 et maximisant la port\u00e9e potentielle. Que l&rsquo;objectif soit d&rsquo;am\u00e9liorer consid\u00e9rablement l&rsquo;exp\u00e9rience utilisateur globale sur leur site Web ou simplement de captiver et de fassiner les visiteurs en affichant magnifiquement leurs \u00e9v\u00e9nements de mani\u00e8re visuellement captivante, l&rsquo;addon de curseur Eventon \u00e9merge sans aucun doute comme la solution par excellence \u00e0 toutes leurs aspirations et attentes.<\/p>\n<ul>\n<li>Am\u00e9liore la fonctionnalit\u00e9 du plugin Calendar Eventon<\/li>\n<li>Permet \u00e0 la cr\u00e9ation de curseurs personnalis\u00e9s pour afficher les \u00e9v\u00e9nements<\/li>\n<li>Interface simple et facile \u00e0 utiliser<\/li>\n<li>Prend en charge diff\u00e9rents types de dispositions de curseur<\/li>\n<li>Options pour personnaliser la vitesse du curseur, les effets de transition et plus<\/li>\n<li>Conception r\u00e9active pour les utilisateurs de mobiles et de tablettes<\/li>\n<li>Compatible avec tous les principaux navigateurs<\/li>\n<li>Aide \u00e0 am\u00e9liorer l&rsquo;exp\u00e9rience utilisateur en pr\u00e9sentant des \u00e9v\u00e9nements de mani\u00e8re visuellement attrayante<\/li>\n<li>Excellent ajout pour les sites Web d&rsquo;\u00e9v\u00e9nements, les portails de conf\u00e9rence et plus encore.<\/li>\n<\/ul>\n","protected":false},"excerpt":{"rendered":"<p>Le curseur Eventon Addon s&rsquo;av\u00e8re \u00eatre un outil tout \u00e0 fait remarquable pour les personnes qui cherchent \u00e0 fabriquer une exposition intrigante et anim\u00e9e d&rsquo;\u00e9v\u00e9nements. Cet addon remarquable vous permet d&rsquo;incorporer vos \u00e9v\u00e9nements \u00e0 venir dans un curseur poli et contemporain, facilitant ainsi la navigation transparente pour les utilisateurs tout en s&rsquo;assurant qu&rsquo;ils restent bien inform\u00e9s sur vos prochains \u00e9v\u00e9nements. En raison de ses nombreuses options de personnalisation, vous avez la libert\u00e9 de modifier l&rsquo;apparence de votre curseur d&rsquo;\u00e9v\u00e9nements pour vous aligner sur les pr\u00e9f\u00e9rences artistiques de votre marque. De plus, l&rsquo;installation et l&rsquo;utilisation de cet addon sont remarquablement conviviales, ce qui en fait une s\u00e9lection exceptionnelle pour ceux qui aspirent \u00e0 augmenter leurs efforts de gestion d&rsquo;\u00e9v\u00e9nements.<\/p>\n","protected":false},"featured_media":143815,"comment_status":"open","ping_status":"open","template":"","meta":[],"product_brand":[2540],"product_cat":[1189,1181,1186],"product_tag":[1267],"class_list":{"0":"post-113948","1":"product","2":"type-product","3":"status-publish","4":"has-post-thumbnail","6":"product_brand-eventon","7":"product_cat-personnalisation","8":"product_cat-plugins","9":"product_cat-wordpress-plugins","10":"product_tag-eventon","11":"member-discount","12":"discount-restricted","14":"first","15":"instock","16":"sale","17":"downloadable","18":"virtual","19":"sold-individually","20":"purchasable","21":"product-type-simple"},"_links":{"self":[{"href":"https:\/\/gpl-love.com\/fr\/wp-json\/wp\/v2\/product\/113948","targetHints":{"allow":["GET"]}}],"collection":[{"href":"https:\/\/gpl-love.com\/fr\/wp-json\/wp\/v2\/product"}],"about":[{"href":"https:\/\/gpl-love.com\/fr\/wp-json\/wp\/v2\/types\/product"}],"replies":[{"embeddable":true,"href":"https:\/\/gpl-love.com\/fr\/wp-json\/wp\/v2\/comments?post=113948"}],"wp:featuredmedia":[{"embeddable":true,"href":"https:\/\/gpl-love.com\/fr\/wp-json\/wp\/v2\/media\/143815"}],"wp:attachment":[{"href":"https:\/\/gpl-love.com\/fr\/wp-json\/wp\/v2\/media?parent=113948"}],"wp:term":[{"taxonomy":"product_brand","embeddable":true,"href":"https:\/\/gpl-love.com\/fr\/wp-json\/wp\/v2\/product_brand?post=113948"},{"taxonomy":"product_cat","embeddable":true,"href":"https:\/\/gpl-love.com\/fr\/wp-json\/wp\/v2\/product_cat?post=113948"},{"taxonomy":"product_tag","embeddable":true,"href":"https:\/\/gpl-love.com\/fr\/wp-json\/wp\/v2\/product_tag?post=113948"}],"curies":[{"name":"wp","href":"https:\/\/api.w.org\/{rel}","templated":true}]}}