{"id":113946,"date":"2025-09-29T00:00:00","date_gmt":"2025-09-28T22:00:00","guid":{"rendered":"http:\/\/gpl-love.com\/fr\/produit\/eventon-rsvp-events\/"},"modified":"2026-03-20T23:04:59","modified_gmt":"2026-03-20T22:04:59","slug":"eventon-rsvp-events","status":"publish","type":"product","link":"https:\/\/gpl-love.com\/fr\/produit\/eventon-rsvp-events\/","title":{"rendered":"EventOn RSVP Events 3.0.12"},"content":{"rendered":"<h3>EventOn RSVP Events Traits<\/h3>\n<p>Le logiciel Eventon RSVP Events, connu pour son efficacit\u00e9 et son interface conviviale, sert d&rsquo;outil de gestion d&rsquo;\u00e9v\u00e9nements formidable qui donne aux utilisateurs la possibilit\u00e9 de cr\u00e9er et de g\u00e9rer efficacement les \u00e9v\u00e9nements efficacement. Ce logiciel poss\u00e8de une pl\u00e9thore de fonctionnalit\u00e9s, notamment la cr\u00e9ation de formulaires d&rsquo;inscription d&rsquo;\u00e9v\u00e9nements personnalis\u00e9s, la facilitation d&rsquo;invitations et de rappels en temps opportun pour les participants et le suivi m\u00e9ticuleux de la fr\u00e9quentation. De plus, le syst\u00e8me propose une analyse compl\u00e8te, permettant aux utilisateurs de s&rsquo;engager dans une planification strat\u00e9gique et une analyse approfondie. En incorporant le logiciel Eventon RSVP Events dans leurs efforts de planification d&rsquo;\u00e9v\u00e9nements, les utilisateurs sont pr\u00eats \u00e0 optimiser leur efficacit\u00e9 op\u00e9rationnelle, \u00e0 rationaliser la communication avec les participants et \u00e0 \u00e9lever finalement l&rsquo;exp\u00e9rience globale de l&rsquo;\u00e9v\u00e9nement pour tous les participants impliqu\u00e9s.<\/p>\n<ul>\n<li>Gestion RSVP rationalis\u00e9e pour les \u00e9v\u00e9nements<\/li>\n<li>Formulaires RSVP personnalisables avec diff\u00e9rents champs et options<\/li>\n<li>Confirmations de courrier \u00e9lectronique automatis\u00e9es et rappels aux participants<\/li>\n<li>Capacit\u00e9 \u00e0 percevoir des paiements pour des \u00e9v\u00e9nements ou des dons<\/li>\n<li>Analytiques RSVP d\u00e9taill\u00e9es, y compris les taux de fr\u00e9quentation et les choix de r\u00e9ponse populaire<\/li>\n<li>Int\u00e9gration avec des passerelles de paiement populaires et des plateformes de billetterie d&rsquo;\u00e9v\u00e9nements<\/li>\n<li>Cr\u00e9ation et gestion des \u00e9v\u00e9nements faciles<\/li>\n<li>Conception r\u00e9active pour les appareils mobiles et de bureau<\/li>\n<li>Options de planification des \u00e9v\u00e9nements et d&rsquo;\u00e9v\u00e9nements r\u00e9currents<\/li>\n<li>Fonctionnalit\u00e9s avanc\u00e9es pour la personnalisation des \u00e9v\u00e9nements, telles que les tableaux de si\u00e8ges et les conceptions de billets personnalis\u00e9es.<\/li>\n<\/ul>\n","protected":false},"excerpt":{"rendered":"<p>Eventon RSVP Events pr\u00e9sente une solution ing\u00e9nieuse et de pointe qui permet aux utilisateurs de cr\u00e9er et de superviser sans effort les \u00e9v\u00e9nements. Cette plate-forme remarquablement robuste donne aux utilisateurs la possibilit\u00e9 de fabriquer des pages d&rsquo;\u00e9v\u00e9nements captivantes, d&rsquo;\u00e9tablir des formulaires d&rsquo;enregistrement et de garder un \u0153il sur les RSVP en temps r\u00e9el. Gr\u00e2ce \u00e0 l&rsquo;utilisation des \u00e9v\u00e9nements Eventon RSVP, les utilisateurs peuvent communiquer efficacement avec les participants, exp\u00e9dier des rappels d&rsquo;\u00e9v\u00e9nements et acc\u00e9der \u00e0 des donn\u00e9es cruciales qui peuvent faciliter consid\u00e9rablement la planification des \u00e9v\u00e9nements futurs. Peu importe que l&rsquo;on soit propri\u00e9taire d&rsquo;une entreprise modeste, d&rsquo;un surveillant du lieu ou d&rsquo;un coordinateur d&rsquo;\u00e9v\u00e9nements, ce produit extraordinaire est pr\u00eat \u00e0 optimiser le processus de gestion d&rsquo;\u00e9v\u00e9nements et \u00e0 am\u00e9liorer consid\u00e9rablement la rentabilit\u00e9 globale. D\u00e9couvrez les capacit\u00e9s transformatrices des \u00e9v\u00e9nements Eventon RSVP aujourd&rsquo;hui et d\u00e9bloquez un \u00e9chelon enti\u00e8rement nouveau de ma\u00eetrise de la planification des \u00e9v\u00e9nements!<\/p>\n","protected":false},"featured_media":143809,"comment_status":"open","ping_status":"open","template":"","meta":[],"product_brand":[2540],"product_cat":[1189,1181,1186],"product_tag":[1267],"class_list":{"0":"post-113946","1":"product","2":"type-product","3":"status-publish","4":"has-post-thumbnail","6":"product_brand-eventon","7":"product_cat-personnalisation","8":"product_cat-plugins","9":"product_cat-wordpress-plugins","10":"product_tag-eventon","11":"member-discount","12":"discount-restricted","14":"first","15":"instock","16":"sale","17":"downloadable","18":"virtual","19":"sold-individually","20":"purchasable","21":"product-type-simple"},"_links":{"self":[{"href":"https:\/\/gpl-love.com\/fr\/wp-json\/wp\/v2\/product\/113946","targetHints":{"allow":["GET"]}}],"collection":[{"href":"https:\/\/gpl-love.com\/fr\/wp-json\/wp\/v2\/product"}],"about":[{"href":"https:\/\/gpl-love.com\/fr\/wp-json\/wp\/v2\/types\/product"}],"replies":[{"embeddable":true,"href":"https:\/\/gpl-love.com\/fr\/wp-json\/wp\/v2\/comments?post=113946"}],"wp:featuredmedia":[{"embeddable":true,"href":"https:\/\/gpl-love.com\/fr\/wp-json\/wp\/v2\/media\/143809"}],"wp:attachment":[{"href":"https:\/\/gpl-love.com\/fr\/wp-json\/wp\/v2\/media?parent=113946"}],"wp:term":[{"taxonomy":"product_brand","embeddable":true,"href":"https:\/\/gpl-love.com\/fr\/wp-json\/wp\/v2\/product_brand?post=113946"},{"taxonomy":"product_cat","embeddable":true,"href":"https:\/\/gpl-love.com\/fr\/wp-json\/wp\/v2\/product_cat?post=113946"},{"taxonomy":"product_tag","embeddable":true,"href":"https:\/\/gpl-love.com\/fr\/wp-json\/wp\/v2\/product_tag?post=113946"}],"curies":[{"name":"wp","href":"https:\/\/api.w.org\/{rel}","templated":true}]}}