{"id":113944,"date":"2025-05-13T00:00:00","date_gmt":"2025-05-12T22:00:00","guid":{"rendered":"http:\/\/gpl-love.com\/fr\/produit\/eventon-qr-code\/"},"modified":"2026-03-20T23:04:57","modified_gmt":"2026-03-20T22:04:57","slug":"eventon-qr-code","status":"publish","type":"product","link":"https:\/\/gpl-love.com\/fr\/produit\/eventon-qr-code\/","title":{"rendered":"EventOn QR Code 2.1"},"content":{"rendered":"<h3>EventOn QR Code Traits<\/h3>\n<p>Le code QR Eventon est un produit de pointe qui offre une approche simplifi\u00e9e de la gestion des \u00e9v\u00e9nements, car elle fournit une m\u00e9thode rapide et efficace pour v\u00e9rifier les participants. Cette solution r\u00e9volutionnaire accorde un acc\u00e8s imm\u00e9diat aux \u00e9v\u00e9nements au moyen de la num\u00e9risation des codes QR uniques qui ont \u00e9t\u00e9 sp\u00e9cifiquement affect\u00e9s \u00e0 chaque participant individuel. Avec la mise en \u0153uvre du code QR Eventon, les organisateurs sont en mesure de surveiller sans effort la fr\u00e9quentation, de superviser la capacit\u00e9 et de coordonner efficacement la logistique des \u00e9v\u00e9nements en temps r\u00e9el. L&rsquo;interface conviviale et l&rsquo;int\u00e9gration transparente avec les appareils mobiles \u00e9tablissent le code QR Eventon comme la quintessence de l&rsquo;efficacit\u00e9 pour les organisateurs d&rsquo;\u00e9v\u00e9nements qui cherchent \u00e0 rationaliser leurs op\u00e9rations et \u00e0 \u00e9lever l&rsquo;exp\u00e9rience globale des participants. En s&rsquo;appuyant sur le code QR Eventon, les gestionnaires d&rsquo;\u00e9v\u00e9nements peuvent se consacrer de tout c\u0153ur \u00e0 l&rsquo;orchestration d&rsquo;\u00e9v\u00e9nements inoubliables, sans \u00eatre encombr\u00e9 par le processus manuel lourde de v\u00e9rification des participants.<\/p>\n<ul>\n<li>Enregistrement instantan\u00e9 et v\u00e9rification des participants \u00e0 l&rsquo;\u00e9v\u00e9nement avec une simple num\u00e9risation de leur code QR<\/li>\n<li>Plus de billetterie en papier ou de longues files d&rsquo;attente dans les bureaux d&rsquo;enregistrement<\/li>\n<li>Reportage de suivi et de fr\u00e9quentation en temps r\u00e9el pour les organisateurs d&rsquo;\u00e9v\u00e9nements<\/li>\n<li>Exp\u00e9rience d&rsquo;\u00e9v\u00e9nement personnalis\u00e9e pour les participants avec des codes QR personnalis\u00e9s avec des cat\u00e9gories de billets, des horaires d&rsquo;\u00e9v\u00e9nements, et plus encore<\/li>\n<li>Technologie de g\u00e9n\u00e9ration et d&rsquo;analyse de code QR s\u00e9curis\u00e9e et fiable<\/li>\n<li>Int\u00e9gration avec des plateformes de gestion d&rsquo;\u00e9v\u00e9nements populaires pour la planification et l&rsquo;ex\u00e9cution d&rsquo;\u00e9v\u00e9nements sans couture<\/li>\n<li>Caract\u00e9ristiques de contr\u00f4le d&rsquo;acc\u00e8s pour garantir que seuls les participants autoris\u00e9s peuvent entrer dans les domaines exclusifs de l&rsquo;\u00e9v\u00e9nement<\/li>\n<li>Application mobile conviviale pour l&rsquo;acc\u00e8s et la gestion du code QR rapide et facile<\/li>\n<li>Analytique et aper\u00e7u du comportement et de l&rsquo;engagement des participants pendant l&rsquo;\u00e9v\u00e9nement<\/li>\n<li>Approche respectueuse de l&rsquo;environnement et durable de la billetterie et de la gestion des \u00e9v\u00e9nements.<\/li>\n<\/ul>\n","protected":false},"excerpt":{"rendered":"<p>Le code QR Eventon est un outil de gestion d&rsquo;\u00e9v\u00e9nements innovant et avanc\u00e9 qui a \u00e9t\u00e9 m\u00e9ticuleusement d\u00e9velopp\u00e9 pour acc\u00e9l\u00e9rer efficacement et rationaliser les enregistrements d&rsquo;\u00e9v\u00e9nements ainsi que le suivi de la fr\u00e9quentation. Son objectif principal est de simplifier et d&rsquo;optimiser l&rsquo;ensemble du processus. Tout ce que vous avez \u00e0 faire est de g\u00e9n\u00e9rer un code QR unique pour votre \u00e9v\u00e9nement, en utilisant les capacit\u00e9s et fonctionnalit\u00e9s exceptionnelles de la plate-forme Eventon. Par cons\u00e9quent, les participants peuvent scanner sans effort et commod\u00e9ment le code QR en utilisant leurs appareils mobiles, qui faciliteront instantan\u00e9ment leur processus d&rsquo;enregistrement. Il est important de noter que ce syst\u00e8me de pointe de pointe met automatiquement et rapidement les enregistrements de pr\u00e9sence en temps r\u00e9el, fournissant aux organisateurs d&rsquo;\u00e9v\u00e9nements un niveau de pr\u00e9cision in\u00e9gal\u00e9 en ce qui concerne les donn\u00e9es de pr\u00e9sence \u00e0 l&rsquo;\u00e9v\u00e9nement. En incorporant le code QR Eventon, vous pourrez non seulement \u00e9conomiser un temps important, mais aussi am\u00e9liorer et am\u00e9liorer consid\u00e9rablement l&rsquo;exp\u00e9rience globale de l&rsquo;\u00e9v\u00e9nement pour tous les participants impliqu\u00e9s.<\/p>\n","protected":false},"featured_media":143806,"comment_status":"open","ping_status":"open","template":"","meta":[],"product_brand":[2540],"product_cat":[1189,1181,1186],"product_tag":[1267],"class_list":{"0":"post-113944","1":"product","2":"type-product","3":"status-publish","4":"has-post-thumbnail","6":"product_brand-eventon","7":"product_cat-personnalisation","8":"product_cat-plugins","9":"product_cat-wordpress-plugins","10":"product_tag-eventon","11":"member-discount","12":"discount-restricted","14":"first","15":"instock","16":"sale","17":"downloadable","18":"virtual","19":"sold-individually","20":"purchasable","21":"product-type-simple"},"_links":{"self":[{"href":"https:\/\/gpl-love.com\/fr\/wp-json\/wp\/v2\/product\/113944","targetHints":{"allow":["GET"]}}],"collection":[{"href":"https:\/\/gpl-love.com\/fr\/wp-json\/wp\/v2\/product"}],"about":[{"href":"https:\/\/gpl-love.com\/fr\/wp-json\/wp\/v2\/types\/product"}],"replies":[{"embeddable":true,"href":"https:\/\/gpl-love.com\/fr\/wp-json\/wp\/v2\/comments?post=113944"}],"wp:featuredmedia":[{"embeddable":true,"href":"https:\/\/gpl-love.com\/fr\/wp-json\/wp\/v2\/media\/143806"}],"wp:attachment":[{"href":"https:\/\/gpl-love.com\/fr\/wp-json\/wp\/v2\/media?parent=113944"}],"wp:term":[{"taxonomy":"product_brand","embeddable":true,"href":"https:\/\/gpl-love.com\/fr\/wp-json\/wp\/v2\/product_brand?post=113944"},{"taxonomy":"product_cat","embeddable":true,"href":"https:\/\/gpl-love.com\/fr\/wp-json\/wp\/v2\/product_cat?post=113944"},{"taxonomy":"product_tag","embeddable":true,"href":"https:\/\/gpl-love.com\/fr\/wp-json\/wp\/v2\/product_tag?post=113944"}],"curies":[{"name":"wp","href":"https:\/\/api.w.org\/{rel}","templated":true}]}}