{"id":113942,"date":"2025-07-29T00:00:00","date_gmt":"2025-07-28T22:00:00","guid":{"rendered":"http:\/\/gpl-love.com\/fr\/produit\/eventon-full-cal\/"},"modified":"2026-03-20T23:04:55","modified_gmt":"2026-03-20T22:04:55","slug":"eventon-full-cal","status":"publish","type":"product","link":"https:\/\/gpl-love.com\/fr\/produit\/eventon-full-cal\/","title":{"rendered":"EventOn Full Cal 2.2.3"},"content":{"rendered":"<h3>EventOn Full Cal Traits<\/h3>\n<p>Eventon Full Cal est un outil de gestion de calendrier incroyablement complet qui offre une multitude de fonctionnalit\u00e9s con\u00e7ues pour vous aider \u00e0 organiser et planifier sans effort et planifier. Son interface conviviale est non seulement intuitive mais aussi remarquablement facile \u00e0 naviguer. Vous avez la possibilit\u00e9 de g\u00e9n\u00e9rer des types d&rsquo;\u00e9v\u00e9nements personnalis\u00e9s, d&rsquo;\u00e9tablir des \u00e9v\u00e9nements r\u00e9currents et de saisir les d\u00e9tails des \u00e9v\u00e9nements tels que l&#8217;emplacement, l&rsquo;heure et les participants. De plus, ce calendrier tr\u00e8s polyvalent peut \u00eatre accessible sans effort dans une vari\u00e9t\u00e9 de formats, y compris le mois, la semaine et la vue de jour. De plus, EventOn Full Cal permet un partage transparent de votre calendrier avec d&rsquo;autres gr\u00e2ce \u00e0 l&rsquo;utilisation d&rsquo;e-mails ou de diverses plateformes de m\u00e9dias sociaux. La personnalisation est un aspect cl\u00e9 de cet outil, car il offre un vaste \u00e9ventail de th\u00e8mes et de couleurs parmi lesquels vous pouvez choisir, garantissant que votre calendrier refl\u00e8te vos pr\u00e9f\u00e9rences esth\u00e9tiques uniques. De plus, ce calendrier extraordinaire peut \u00eatre int\u00e9gr\u00e9 de mani\u00e8re transparente \u00e0 d&rsquo;autres applications de calendrier populaires telles que Google Calendar et Apple Calendar, rationalisant le processus de gestion de votre calendrier et d&rsquo;\u00e9limination de la possibilit\u00e9 de n\u00e9gliger les \u00e9v\u00e9nements cruciaux. Avec Eventon Full Cal \u00e0 vos c\u00f4t\u00e9s, soyez assur\u00e9 que vous ne manquerez plus jamais un autre \u00e9v\u00e9nement important.<\/p>\n<ul>\n<li>Plugin complet du calendrier des \u00e9v\u00e9nements pour WordPress<\/li>\n<li>Affiche tous les types d&rsquo;\u00e9v\u00e9nements, y compris des \u00e9v\u00e9nements r\u00e9currents, des \u00e9v\u00e9nements de plusieurs jours et des \u00e9v\u00e9nements personnalis\u00e9s<\/li>\n<li>Mod\u00e8les personnalisables pour l&rsquo;affichage des \u00e9v\u00e9nements<\/li>\n<li>Capacit\u00e9 \u00e0 filtrer les \u00e9v\u00e9nements par cat\u00e9gorie, tag, emplacement et organisateur<\/li>\n<li>Int\u00e9gration avec Google Maps pour l&#8217;emplacement des \u00e9v\u00e9nements<\/li>\n<li>RSVP et options de billetterie disponibles<\/li>\n<li>Int\u00e9gration de traitement des paiements pour les \u00e9v\u00e9nements payants<\/li>\n<li>Facilement int\u00e9gr\u00e9 dans n&rsquo;importe quelle page ou publication WordPress<\/li>\n<li>Fonctionnalit\u00e9s avanc\u00e9es telles que le compte \u00e0 rebours et les widgets \u00e0 rebours de l&rsquo;\u00e9v\u00e9nement<\/li>\n<li>Conception r\u00e9active mobile pour une visualisation facile sur n&rsquo;importe quel appareil<\/li>\n<li>Support client fiable et mises \u00e0 jour r\u00e9guli\u00e8res<\/li>\n<\/ul>\n","protected":false},"excerpt":{"rendered":"<p>Eventon Full Cal est une solution de calendrier globale et approfondie qui a \u00e9t\u00e9 sp\u00e9cifiquement d\u00e9velopp\u00e9e pour r\u00e9pondre aux besoins des entreprises et des particuliers. Son objectif principal est de permettre la gestion sans effort des \u00e9v\u00e9nements, des nominations et des horaires. Ce logiciel de pointe poss\u00e8de une interface remarquablement conviviale, qui facilite la cr\u00e9ation d&rsquo;\u00e9v\u00e9nements, le r\u00e9glage des rappels et le partage transparent de ces \u00e9v\u00e9nements avec votre \u00e9quipe ou vos clients en temps r\u00e9el. De plus, il offre une gamme de vues de calendrier, y compris une vue mensuelle, hebdomadaire ou m\u00eame quotidienne, garantissant ainsi que vous pouvez facilement visualiser vos d\u00e9lais imminent et maintenir un haut niveau d&rsquo;organisation. Que ce soit la coordination d&rsquo;une r\u00e9union cruciale, le suivi d&rsquo;une \u00e9ch\u00e9ance de projet importante ou l&rsquo;organisation d&rsquo;un \u00e9v\u00e9nement personnel, vous pouvez \u00eatre assur\u00e9 qu&rsquo;Eventon Full Cal vous fournira tous les outils et fonctionnalit\u00e9s n\u00e9cessaires pour accomplir ces t\u00e2ches efficacement et efficacement .<\/p>\n","protected":false},"featured_media":143804,"comment_status":"open","ping_status":"open","template":"","meta":[],"product_brand":[2540],"product_cat":[1189,1181,1186],"product_tag":[1267],"class_list":{"0":"post-113942","1":"product","2":"type-product","3":"status-publish","4":"has-post-thumbnail","6":"product_brand-eventon","7":"product_cat-personnalisation","8":"product_cat-plugins","9":"product_cat-wordpress-plugins","10":"product_tag-eventon","11":"member-discount","12":"discount-restricted","14":"first","15":"instock","16":"sale","17":"downloadable","18":"virtual","19":"sold-individually","20":"purchasable","21":"product-type-simple"},"_links":{"self":[{"href":"https:\/\/gpl-love.com\/fr\/wp-json\/wp\/v2\/product\/113942","targetHints":{"allow":["GET"]}}],"collection":[{"href":"https:\/\/gpl-love.com\/fr\/wp-json\/wp\/v2\/product"}],"about":[{"href":"https:\/\/gpl-love.com\/fr\/wp-json\/wp\/v2\/types\/product"}],"replies":[{"embeddable":true,"href":"https:\/\/gpl-love.com\/fr\/wp-json\/wp\/v2\/comments?post=113942"}],"wp:featuredmedia":[{"embeddable":true,"href":"https:\/\/gpl-love.com\/fr\/wp-json\/wp\/v2\/media\/143804"}],"wp:attachment":[{"href":"https:\/\/gpl-love.com\/fr\/wp-json\/wp\/v2\/media?parent=113942"}],"wp:term":[{"taxonomy":"product_brand","embeddable":true,"href":"https:\/\/gpl-love.com\/fr\/wp-json\/wp\/v2\/product_brand?post=113942"},{"taxonomy":"product_cat","embeddable":true,"href":"https:\/\/gpl-love.com\/fr\/wp-json\/wp\/v2\/product_cat?post=113942"},{"taxonomy":"product_tag","embeddable":true,"href":"https:\/\/gpl-love.com\/fr\/wp-json\/wp\/v2\/product_tag?post=113942"}],"curies":[{"name":"wp","href":"https:\/\/api.w.org\/{rel}","templated":true}]}}