{"id":113940,"date":"2025-09-16T00:00:00","date_gmt":"2025-09-15T22:00:00","guid":{"rendered":"http:\/\/gpl-love.com\/fr\/produit\/eventon-event-tickets\/"},"modified":"2026-03-20T23:04:53","modified_gmt":"2026-03-20T22:04:53","slug":"eventon-event-tickets","status":"publish","type":"product","link":"https:\/\/gpl-love.com\/fr\/produit\/eventon-event-tickets\/","title":{"rendered":"EventOn Event Tickets 2.4.19"},"content":{"rendered":"<h3>EventOn Event Tickets Traits<\/h3>\n<p>Eventon Event Tickets est une solution de billetterie tr\u00e8s polyvalente qui facilite efficacement la vente transparente et la gestion efficace des billets d&rsquo;\u00e9v\u00e9nement. Ce produit exceptionnel propose une plate-forme rationalis\u00e9e et conviviale pour les organisateurs d&rsquo;\u00e9v\u00e9nements pour vendre sans effort des billets en ligne, g\u00e9n\u00e9rer sans effort des rapports complets et g\u00e9rer efficacement les participants avec la plus grande facilit\u00e9 et la commodit\u00e9. De plus, Eventon Event Tickets accorde aux organisateurs l&rsquo;occasion inestimable de personnaliser compl\u00e8tement leurs pages de billetterie avec leurs \u00e9l\u00e9ments de marque et leurs d\u00e9tails d&rsquo;\u00e9v\u00e9nements uniques, garantissant ainsi une exp\u00e9rience hautement personnalis\u00e9e et immersive pour les participants potentiels qui cherchent \u00e0 acheter des billets.<\/p>\n<p>En incorporant des analyses en temps r\u00e9el dans son impressionnant r\u00e9pertoire de fonctionnalit\u00e9s, Eventon Event Billets offre aux organisateurs des id\u00e9es inestimables et des mises \u00e0 jour \u00e0 la minute sur les ventes de billets, en les permettant finalement d&rsquo;adapter et d&rsquo;optimiser dynamiquement leurs strat\u00e9gies de marketing en r\u00e9ponse \u00e0 l&rsquo;\u00e9volution du march\u00e9 exigences et tendances. B\u00e9n\u00e9ficiant d&rsquo;un niveau remarquable d&rsquo;efficacit\u00e9 et de convivialit\u00e9, ce produit exceptionnel se r\u00e9v\u00e8le \u00eatre un atout indispensable pour un large \u00e9ventail d&rsquo;\u00e9v\u00e9nements, allant des concerts captivants et des conf\u00e9rences enrichissant les connaissances aux spectacles sportifs de pompage d&rsquo;adr\u00e9naline. Sans aucun doute, les billets d&rsquo;\u00e9v\u00e9nement Eventon sont une solution compl\u00e8te et globale pour tous les besoins de billetterie et de gestion d&rsquo;\u00e9v\u00e9nements, consolidant son statut de leader industriel in\u00e9gal\u00e9.<\/p>\n<ul>\n<li>Cr\u00e9ation et personnalisation de billets faciles et conviviales<\/li>\n<li>Option pour d\u00e9finir diff\u00e9rents niveaux et options de tarification des billets<\/li>\n<li>Mod\u00e8les de billets personnalisables avec divers conceptions et th\u00e8mes<\/li>\n<li>Int\u00e9gration avec les principales passerelles de paiement telles que PayPal et Stripe<\/li>\n<li>Capacit\u00e9 \u00e0 g\u00e9n\u00e9rer des codes \u00e0 barres uniques pour chaque billet<\/li>\n<li>Donn\u00e9es de vente en temps r\u00e9el et analyses pour les organisateurs d&rsquo;\u00e9v\u00e9nements<\/li>\n<li>Int\u00e9gration transparente avec le calendrier des \u00e9v\u00e9nements Eventon et d&rsquo;autres plugins WordPress<\/li>\n<li>Prise en charge de plusieurs langues et devises<\/li>\n<li>Mobile r\u00e9actif et optimis\u00e9 pour les temps de chargement rapide<\/li>\n<li>Courriels de confirmation automatique des billets aux participants.<\/li>\n<\/ul>\n","protected":false},"excerpt":{"rendered":"<p>Le logiciel Eventon Event Tickets a \u00e9t\u00e9 con\u00e7u de mani\u00e8re complexe pour rationaliser l&rsquo;ensemble du processus de vente, d&rsquo;impression et de gestion des billets d&rsquo;\u00e9v\u00e9nements, visant \u00e0 fournir la plus grande commodit\u00e9 et efficacit\u00e9. Ses capacit\u00e9s compl\u00e8tes permettent aux planificateurs d&rsquo;\u00e9v\u00e9nements de g\u00e9n\u00e9rer rapidement des billets personnalis\u00e9s, d&rsquo;\u00e9tablir des plateformes de vente de billets en ligne sans effort et de surveiller efficacement les achats de billets et la fr\u00e9quentation. L&rsquo;incorporation de fonctionnalit\u00e9s de pointe telles que la num\u00e9risation des code-barres et la validation des billets garantissent que seuls les participants v\u00e9rifi\u00e9s ont acc\u00e8s aux \u00e9v\u00e9nements, garantissant ainsi une s\u00e9curit\u00e9 et une exclusivit\u00e9 optimales. En outre, le logiciel propose une vaste gamme de conceptions de billets personnalisables, permettant aux planificateurs d&rsquo;\u00e9v\u00e9nements d&rsquo;exposer de mani\u00e8re transparente leur image de marque d&rsquo;\u00e9v\u00e9nements uniques et d&rsquo;am\u00e9liorer leur image professionnelle. Ind\u00e9pendamment de l&rsquo;\u00e9chelle ou de la nature de l&rsquo;\u00e9v\u00e9nement, qu&rsquo;il s&rsquo;agisse d&rsquo;un petit rassemblement ou d&rsquo;une grande conf\u00e9rence, le logiciel Eventon Event Tickets sert d&rsquo;outil indispensable, r\u00e9volutionnant et simplifiant le processus de billetterie complexe du d\u00e9but \u00e0 la fin.<\/p>\n","protected":false},"featured_media":143803,"comment_status":"open","ping_status":"open","template":"","meta":[],"product_brand":[2540],"product_cat":[1189,1181,1186],"product_tag":[1267],"class_list":{"0":"post-113940","1":"product","2":"type-product","3":"status-publish","4":"has-post-thumbnail","6":"product_brand-eventon","7":"product_cat-personnalisation","8":"product_cat-plugins","9":"product_cat-wordpress-plugins","10":"product_tag-eventon","11":"member-discount","12":"discount-restricted","14":"first","15":"instock","16":"sale","17":"downloadable","18":"virtual","19":"sold-individually","20":"purchasable","21":"product-type-simple"},"_links":{"self":[{"href":"https:\/\/gpl-love.com\/fr\/wp-json\/wp\/v2\/product\/113940","targetHints":{"allow":["GET"]}}],"collection":[{"href":"https:\/\/gpl-love.com\/fr\/wp-json\/wp\/v2\/product"}],"about":[{"href":"https:\/\/gpl-love.com\/fr\/wp-json\/wp\/v2\/types\/product"}],"replies":[{"embeddable":true,"href":"https:\/\/gpl-love.com\/fr\/wp-json\/wp\/v2\/comments?post=113940"}],"wp:featuredmedia":[{"embeddable":true,"href":"https:\/\/gpl-love.com\/fr\/wp-json\/wp\/v2\/media\/143803"}],"wp:attachment":[{"href":"https:\/\/gpl-love.com\/fr\/wp-json\/wp\/v2\/media?parent=113940"}],"wp:term":[{"taxonomy":"product_brand","embeddable":true,"href":"https:\/\/gpl-love.com\/fr\/wp-json\/wp\/v2\/product_brand?post=113940"},{"taxonomy":"product_cat","embeddable":true,"href":"https:\/\/gpl-love.com\/fr\/wp-json\/wp\/v2\/product_cat?post=113940"},{"taxonomy":"product_tag","embeddable":true,"href":"https:\/\/gpl-love.com\/fr\/wp-json\/wp\/v2\/product_tag?post=113940"}],"curies":[{"name":"wp","href":"https:\/\/api.w.org\/{rel}","templated":true}]}}