{"id":113934,"date":"2022-08-01T00:00:00","date_gmt":"2022-07-31T22:00:00","guid":{"rendered":"http:\/\/gpl-love.com\/fr\/produit\/eventon-event-countdown\/"},"modified":"2026-03-20T23:04:49","modified_gmt":"2026-03-20T22:04:49","slug":"eventon-event-countdown","status":"publish","type":"product","link":"https:\/\/gpl-love.com\/fr\/produit\/eventon-event-countdown\/","title":{"rendered":"EventOn Event Countdown 1.0"},"content":{"rendered":"<h3>EventOn Event Countdown Traits<\/h3>\n<p>Eventon Event Countdown est un produit de pointe et r\u00e9volutionnaire qui offre une aide inestimable aux particuliers et aux entreprises, leur permettant de rester sans effort organis\u00e9 et bien pr\u00e9par\u00e9 \u00e0 leurs divers \u00e9v\u00e9nements, gracieuset\u00e9 de la fourniture de comptes comptables informatifs et visuellement captivants \u00e0 ces dates importantes . Au moyen de son interface conviviale et intuitive, les utilisateurs peuvent entrer sans effort dans leurs d\u00e9tails d&rsquo;\u00e9v\u00e9nement et observer au d\u00e9but du compte \u00e0 rebours, leur offrant une repr\u00e9sentation facilement compr\u00e9hensible et visuellement attrayante du temps qui reste jusqu&rsquo;\u00e0 l&rsquo;\u00e9v\u00e9nement. This exceptional product is particularly advantageous for event planners, marketers, and individuals desiring to stay abreast of crucial deadlines, with its remarkable compatibility across multiple platforms and its ability to be tailored to meet individual preferences, rendering it a truly versatile and indispensable tool for any exigences de planification des \u00e9v\u00e9nements. En r\u00e9sum\u00e9, il peut \u00eatre indiqu\u00e9 sans \u00e9quivoque que Eventon Event Countdown est une solution in\u00e9branlable et tr\u00e8s efficace pour la gestion m\u00e9ticuleuse des \u00e9v\u00e9nements.<\/p>\n<ul>\n<li>Timer \u00e0 rebours facile \u00e0 utiliser pour les \u00e9v\u00e9nements de toutes sortes<\/li>\n<li>Comptez les dates importantes telles que les mariages, les anniversaires ou les vacances<\/li>\n<li>Enti\u00e8rement personnalisable avec une vari\u00e9t\u00e9 d&rsquo;options de conception<\/li>\n<li>Partagez le compte \u00e0 rebours avec d&rsquo;autres via les r\u00e9seaux sociaux ou par e-mail<\/li>\n<li>D\u00e9finissez des rappels et des notifications pour rester au courant des \u00e9v\u00e9nements importants<\/li>\n<li>Gardez une trace de plusieurs \u00e9v\u00e9nements avec des minuteries de compte \u00e0 rebours s\u00e9par\u00e9es<\/li>\n<li>Fonctionne parfaitement sur tous les appareils et plateformes<\/li>\n<li>Compatible avec les plateformes de gestion d&rsquo;\u00e9v\u00e9nements populaires comme Eventbrite et Meetup<\/li>\n<li>Prix \u200b\u200babordables avec des options pour une utilisation personnelle et professionnelle<\/li>\n<li>\u00c9quipe de support client d\u00e9di\u00e9e pour r\u00e9pondre \u00e0 toute question ou pr\u00e9occupation.<\/li>\n<\/ul>\n","protected":false},"excerpt":{"rendered":"<p>Le compte \u00e0 rebours de l&rsquo;\u00e9v\u00e9nement Eventon est un moyen extraordinairement sophistiqu\u00e9 et esth\u00e9tique par lequel surveiller et g\u00e9rer vos \u00e9v\u00e9nements \u00e0 venir. En raison de son compte \u00e0 rebours tr\u00e8s adaptable, vous avez la capacit\u00e9 d&rsquo;incorporer sans effort des dates importantes et d&rsquo;\u00e9tablir des notifications, garantissant ainsi que vous ne n\u00e9gligerez plus jamais une occasion importante. La conception contemporaine et l&rsquo;interface conviviale le rendent le suppl\u00e9ment par excellence \u00e0 son cadre domestique ou professionnel. Que l&rsquo;on coordonne une c\u00e9r\u00e9monie matrimoniale, un rassemblement de c\u00e9l\u00e9bration ou un symposium d&rsquo;entreprise, le compte \u00e0 rebours de l&rsquo;\u00e9v\u00e9nement Eventon s&rsquo;av\u00e8re \u00eatre un instrument inestimable pour faciliter les prouesses organisationnelles, garantissant ainsi que l&rsquo;on reste impeccablement ponctuel et bien inform\u00e9.<\/p>\n","protected":false},"featured_media":143799,"comment_status":"open","ping_status":"open","template":"","meta":[],"product_brand":[2540],"product_cat":[1189,1181,1186],"product_tag":[1267],"class_list":{"0":"post-113934","1":"product","2":"type-product","3":"status-publish","4":"has-post-thumbnail","6":"product_brand-eventon","7":"product_cat-personnalisation","8":"product_cat-plugins","9":"product_cat-wordpress-plugins","10":"product_tag-eventon","11":"member-discount","12":"discount-restricted","14":"first","15":"instock","16":"sale","17":"downloadable","18":"virtual","19":"sold-individually","20":"purchasable","21":"product-type-simple"},"_links":{"self":[{"href":"https:\/\/gpl-love.com\/fr\/wp-json\/wp\/v2\/product\/113934","targetHints":{"allow":["GET"]}}],"collection":[{"href":"https:\/\/gpl-love.com\/fr\/wp-json\/wp\/v2\/product"}],"about":[{"href":"https:\/\/gpl-love.com\/fr\/wp-json\/wp\/v2\/types\/product"}],"replies":[{"embeddable":true,"href":"https:\/\/gpl-love.com\/fr\/wp-json\/wp\/v2\/comments?post=113934"}],"wp:featuredmedia":[{"embeddable":true,"href":"https:\/\/gpl-love.com\/fr\/wp-json\/wp\/v2\/media\/143799"}],"wp:attachment":[{"href":"https:\/\/gpl-love.com\/fr\/wp-json\/wp\/v2\/media?parent=113934"}],"wp:term":[{"taxonomy":"product_brand","embeddable":true,"href":"https:\/\/gpl-love.com\/fr\/wp-json\/wp\/v2\/product_brand?post=113934"},{"taxonomy":"product_cat","embeddable":true,"href":"https:\/\/gpl-love.com\/fr\/wp-json\/wp\/v2\/product_cat?post=113934"},{"taxonomy":"product_tag","embeddable":true,"href":"https:\/\/gpl-love.com\/fr\/wp-json\/wp\/v2\/product_tag?post=113934"}],"curies":[{"name":"wp","href":"https:\/\/api.w.org\/{rel}","templated":true}]}}