{"id":113919,"date":"2024-06-13T00:00:00","date_gmt":"2024-06-12T22:00:00","guid":{"rendered":"http:\/\/gpl-love.com\/fr\/produit\/templatera-template-manager-pour-wpbakery-page-builder\/"},"modified":"2026-04-10T18:42:08","modified_gmt":"2026-04-10T16:42:08","slug":"templatera-template-manager-pour-wpbakery-page-builder","status":"publish","type":"product","link":"https:\/\/gpl-love.com\/fr\/produit\/templatera-template-manager-pour-wpbakery-page-builder\/","title":{"rendered":"Templatera Template Manager pour WPBakery Page Builder 2.4.0"},"content":{"rendered":"<h3>Templatera Template Manager pour WPBakery Page Builder Traits<\/h3>\n<p>Le gestionnaire de mod\u00e8les Templatera pour WPBakery Page Builder est un outil extr\u00eamement robuste et influent qui vous offre la capacit\u00e9 de superviser et d&rsquo;organiser sans effort vos mod\u00e8les. En utilisant ce plugin, vous poss\u00e9dez la possibilit\u00e9 de cr\u00e9er, de modifier et de gouverner vos mod\u00e8les dans le cadre de WPBakery Page Builder. De plus, vous pouvez prot\u00e9ger vos mod\u00e8les et les utiliser sur un \u00e9ventail de pages ou de sites Web. Au sein de Templatera, il existe une offre d&rsquo;une interface conviviale et un assortiment de choix de personnalisation, y compris, mais sans s&rsquo;y limiter, la mise en page, la couleur et les pr\u00e9f\u00e9rences de police. En outre, ce plugin facilite le processus d&rsquo;importation et d&rsquo;exportation des mod\u00e8les, permettant une exp\u00e9rience de partage transparente avec les autres. Pour les d\u00e9veloppeurs et les concepteurs Web qui aspirent \u00e0 rationaliser leur flux de travail et \u00e0 g\u00e9n\u00e9rer des sites Web impressionnants, ce plugin sert d&rsquo;outil indispensable.<\/p>\n<ul>\n<li>Un outil puissant pour g\u00e9rer les mod\u00e8les de cr\u00e9ation de page WPBAKERY<\/li>\n<li>Gagnez du temps en reproduisant et r\u00e9utilisant facilement les mod\u00e8les sur votre site Web<\/li>\n<li>Cr\u00e9er et enregistrer sans effort de nouveaux mod\u00e8les directement dans WPBakery Page Builder<\/li>\n<li>G\u00e9rez et organisez facilement vos mod\u00e8les en utilisant l&rsquo;interface Templatera<\/li>\n<li>Attribuez des mod\u00e8les \u00e0 des pages ou des messages sp\u00e9cifiques pour un flux de travail rationalis\u00e9<\/li>\n<li>Flexible et polyvalent, Templatera fonctionne avec tout \u00e9l\u00e9ment de g\u00e9n\u00e9rateur de page WPBAKERY ou shortcode<\/li>\n<li>Int\u00e9gre parfaitement avec d&rsquo;autres addons et plugins de g\u00e9n\u00e9rateur de page WPBAKERY<\/li>\n<li>Autoriser votre \u00e9quipe \u00e0 cr\u00e9er et \u00e0 utiliser facilement des mod\u00e8les, augmentant l&rsquo;efficacit\u00e9 et la productivit\u00e9<\/li>\n<\/ul>\n","protected":false},"excerpt":{"rendered":"<p>Templatera, un puissant gestionnaire de mod\u00e8les sp\u00e9cifiquement conceptualis\u00e9 pour WPBakery Page Builder, sert d&rsquo;outil inestimable pour faciliter la rationalisation de la proc\u00e9dure de construction de votre site Web. En vous accordant la capacit\u00e9 de concevoir et de r\u00e9guler des mod\u00e8les pour diff\u00e9rentes pages et sections de votre site Web, Templatera vous permet d&rsquo;optimiser l&rsquo;efficacit\u00e9. Par cons\u00e9quent, vous pouvez \u00e9conomiser du temps et de l&rsquo;effort lorsque vous concevez des conceptions et des dispositions uniformes, tout en assurant simultan\u00e9ment la modification et la personnalisation sans effort de vos mod\u00e8les si n\u00e9cessaire. Peu importe que vous vous lanciez dans le d\u00e9veloppement d&rsquo;un nouveau site Web ou que vous administrez un site existant, Templatera se tient sur le point de propulser les efforts de conception de votre site Web \u00e0 des hauteurs sans pr\u00e9c\u00e9dent.<\/p>\n","protected":false},"featured_media":145457,"comment_status":"open","ping_status":"open","template":"","meta":[],"product_brand":[2435],"product_cat":[1189,1181,1186],"product_tag":[1231],"class_list":{"0":"post-113919","1":"product","2":"type-product","3":"status-publish","4":"has-post-thumbnail","6":"product_brand-codecanyon","7":"product_cat-personnalisation","8":"product_cat-plugins","9":"product_cat-wordpress-plugins","10":"product_tag-codecanyon","11":"member-discount","12":"discount-restricted","14":"first","15":"instock","16":"sale","17":"downloadable","18":"virtual","19":"sold-individually","20":"purchasable","21":"product-type-simple"},"_links":{"self":[{"href":"https:\/\/gpl-love.com\/fr\/wp-json\/wp\/v2\/product\/113919","targetHints":{"allow":["GET"]}}],"collection":[{"href":"https:\/\/gpl-love.com\/fr\/wp-json\/wp\/v2\/product"}],"about":[{"href":"https:\/\/gpl-love.com\/fr\/wp-json\/wp\/v2\/types\/product"}],"replies":[{"embeddable":true,"href":"https:\/\/gpl-love.com\/fr\/wp-json\/wp\/v2\/comments?post=113919"}],"wp:featuredmedia":[{"embeddable":true,"href":"https:\/\/gpl-love.com\/fr\/wp-json\/wp\/v2\/media\/145457"}],"wp:attachment":[{"href":"https:\/\/gpl-love.com\/fr\/wp-json\/wp\/v2\/media?parent=113919"}],"wp:term":[{"taxonomy":"product_brand","embeddable":true,"href":"https:\/\/gpl-love.com\/fr\/wp-json\/wp\/v2\/product_brand?post=113919"},{"taxonomy":"product_cat","embeddable":true,"href":"https:\/\/gpl-love.com\/fr\/wp-json\/wp\/v2\/product_cat?post=113919"},{"taxonomy":"product_tag","embeddable":true,"href":"https:\/\/gpl-love.com\/fr\/wp-json\/wp\/v2\/product_tag?post=113919"}],"curies":[{"name":"wp","href":"https:\/\/api.w.org\/{rel}","templated":true}]}}